{"id":672,"date":"2022-07-25T16:38:19","date_gmt":"2022-07-25T16:38:19","guid":{"rendered":"https:\/\/camonclass.vertice.org\/formacion\/plan-de-medios-de-comunicacion-e-internet\/"},"modified":"2022-07-25T16:38:19","modified_gmt":"2022-07-25T16:38:19","slug":"plan-de-medios-de-comunicacion-e-internet","status":"publish","type":"product","link":"https:\/\/camonclass.com\/tienda\/formacion\/plan-de-medios-de-comunicacion-e-internet\/","title":{"rendered":"Plan de medios de comunicaci\u00f3n e Internet"},"content":{"rendered":"<p><strong>UD1. Regulaci\u00f3n y c\u00f3digos deontol\u00f3gicos en publicidad.<\/strong><UL>1.1. Normativa en materia de publicidad y derechos del consumidor.<br \/>1.2. Diferenciaci\u00f3n de conceptos clave.<br \/>1.3. Regulaci\u00f3n publicitaria en Internet.<br \/>1.4. C\u00f3digos deontol\u00f3gicos en el sector.<\/UL><\/p>\n<p><strong>UD2. Dise\u00f1o del plan de medios y soportes publicitarios.<\/strong><UL>2.1. Plan de medios.<br \/>2.2. Medios, formas y soportes de publicidad y comunicaci\u00f3n.<br \/>2.3. Modelos de planes de medios.<br \/>2.4. Criterios de elecci\u00f3n de medios y soportes.<br \/>2.5. Formas espec\u00edficas de publicidad en Internet.<\/UL><\/p>\n<p><strong>UD3. Ejecuci\u00f3n y contrataci\u00f3n del plan de medios.<\/strong><UL>3.1. Calendario de inserciones publicitarias.<br \/>3.2. Presupuesto del plan de medios.<br \/>3.3. Ejecuci\u00f3n del plan de medios.<br \/>3.4. Contrataci\u00f3n de inserciones y desarrollo de campa\u00f1as publicitarias.<br \/>3.5. Cursaje de emisi\u00f3n.<\/UL><\/p>\n","protected":false},"excerpt":{"rendered":"<ul>\n<li>Interpretar la normativa vigente y c\u00f3digo deontol\u00f3gico en materia de publicidad y derecho a la informaci\u00f3n de los consumidores argumentando la importancia de su cumplimiento.<\/li>\n<li>Seleccionar la combinaci\u00f3n \u00f3ptima de un plan de medios a partir de la informaci\u00f3n y cuadro de mandos disponible y de acuerdo a los objetivos establecidos.<\/li>\n<li>Analizar datos y variables de fientes de informaci\u00f3n de medios fiables u oficiales para la elaboraci\u00f3n de un plan de medios en Televisi\u00f3n, radio, revistas, internet u otros.<\/li>\n<li>Determinar los elementos cr\u00edticos que intervienen en la realizaci\u00f3n del cursaje de emisi\u00f3n de acciones incluidas en un plan de medios establecido<\/li>\n<\/ul>\n","protected":false},"featured_media":633,"comment_status":"open","ping_status":"closed","template":"","meta":{"neve_meta_sidebar":"","neve_meta_container":"","neve_meta_enable_content_width":"","neve_meta_content_width":0,"neve_meta_title_alignment":"","neve_meta_author_avatar":"","neve_post_elements_order":"","neve_meta_disable_header":"","neve_meta_disable_footer":"","neve_meta_disable_title":""},"product_brand":[],"product_cat":[25,22,23],"product_tag":[],"class_list":{"0":"post-672","1":"product","2":"type-product","3":"status-publish","4":"has-post-thumbnail","6":"product_cat-comercio-y-marketing","7":"product_cat-cursos","8":"product_cat-cursos-de-especializacion","10":"first","11":"instock","12":"sold-individually","13":"shipping-taxable","14":"purchasable","15":"product-type-simple"},"_links":{"self":[{"href":"https:\/\/camonclass.com\/tienda\/wp-json\/wp\/v2\/product\/672","targetHints":{"allow":["GET"]}}],"collection":[{"href":"https:\/\/camonclass.com\/tienda\/wp-json\/wp\/v2\/product"}],"about":[{"href":"https:\/\/camonclass.com\/tienda\/wp-json\/wp\/v2\/types\/product"}],"replies":[{"embeddable":true,"href":"https:\/\/camonclass.com\/tienda\/wp-json\/wp\/v2\/comments?post=672"}],"wp:featuredmedia":[{"embeddable":true,"href":"https:\/\/camonclass.com\/tienda\/wp-json\/wp\/v2\/media\/633"}],"wp:attachment":[{"href":"https:\/\/camonclass.com\/tienda\/wp-json\/wp\/v2\/media?parent=672"}],"wp:term":[{"taxonomy":"product_brand","embeddable":true,"href":"https:\/\/camonclass.com\/tienda\/wp-json\/wp\/v2\/product_brand?post=672"},{"taxonomy":"product_cat","embeddable":true,"href":"https:\/\/camonclass.com\/tienda\/wp-json\/wp\/v2\/product_cat?post=672"},{"taxonomy":"product_tag","embeddable":true,"href":"https:\/\/camonclass.com\/tienda\/wp-json\/wp\/v2\/product_tag?post=672"}],"curies":[{"name":"wp","href":"https:\/\/api.w.org\/{rel}","templated":true}]}}