{"id":673,"date":"2022-07-25T16:38:19","date_gmt":"2022-07-25T16:38:19","guid":{"rendered":"https:\/\/camonclass.vertice.org\/formacion\/tecnicas-de-diseno-grafico-corporativo\/"},"modified":"2022-07-25T16:38:19","modified_gmt":"2022-07-25T16:38:19","slug":"tecnicas-de-diseno-grafico-corporativo","status":"publish","type":"product","link":"https:\/\/camonclass.com\/tienda\/formacion\/tecnicas-de-diseno-grafico-corporativo\/","title":{"rendered":"T\u00e9cnicas de dise\u00f1o gr\u00e1fico corporativo"},"content":{"rendered":"<p><strong>UD1. Imagen e identidad corporativa.<\/strong><UL>1.1. Identidad corporativa.<br \/>1.2. Imagen gr\u00e1fica.<br \/>1.3. Dise\u00f1o gr\u00e1fico y comunicaci\u00f3n corporativa.<br \/>1.4. Elaboraci\u00f3n de un Briefing para una agencia de publicidad.<\/UL><\/p>\n<p><strong>UD2. Elaboraci\u00f3n de materiales de marketing y comunicaci\u00f3n sencillos.<\/strong><UL>2.1. Principios y elementos de composici\u00f3n.<br \/>2.2. Estilos de comunicaci\u00f3n persuasiva y no persuasiva.<br \/>2.3. Elaboraci\u00f3n de mensajes Publipromocionales para los materiales de marketing y comunicaci\u00f3n.<br \/>2.4. Fuentes de informaci\u00f3n y bancos de im\u00e1genes.<br \/>2.5. Selecci\u00f3n de contenidos, im\u00e1genes y textos para materiales de comunicaci\u00f3n de la empresa.<\/UL><\/p>\n<p><strong>UD3. Autoedici\u00f3n de folletos y materiales de comunicaci\u00f3n sencillos.<\/strong><UL>3.1. La l\u00ednea grafica impresa: papeler\u00eda corporativa.<br \/>3.2. T\u00e9cnicas de dise\u00f1o gr\u00e1fico en materiales Publipromocionales sencillos.<br \/>3.3. Utilizaci\u00f3n de software de Dise\u00f1o Gr\u00e1fico en entornos de usuario.<\/UL><\/p>\n","protected":false},"excerpt":{"rendered":"<ul>\n<li>Aplicar criterios de identidad corporativa, traslad\u00e1ndolos de manera creativa al dise\u00f1o publicitario y al medio de publicaci\u00f3n.<\/li>\n<li>Analizar las caracter\u00edsticas de distintos tipos de materiales de car\u00e1cter publipromocional e informativo en diferentes soportes convencionales y \u00abon line\u00bb.<\/li>\n<li>Aplicar t\u00e9cnicas de comunicaci\u00f3n persuasiva e identificar los estilos propios de la comunicaci\u00f3n comercial e informativa de la empresa para la elaboraci\u00f3n y difusi\u00f3n de materiales publi-promocionales.<\/li>\n<li>Seleccionar contenidos, im\u00e1genes y textos, necesarios para la elaboraci\u00f3n de folletos, carteles y materiales publi-promocionales sencillos, de acuerdo a criterios preestablecidos y respetando la normativa vigente e identidad corporativa.<\/li>\n<li>Elaborar bocetos de materiales de car\u00e1cter publi-promocional, folletos y carteles no complejos, aplicando t\u00e9cnicas de dise\u00f1o y utilizando aplicaciones inform\u00e1ticas de dise\u00f1o a nivel usuario.<\/li>\n<\/ul>\n","protected":false},"featured_media":633,"comment_status":"open","ping_status":"closed","template":"","meta":{"neve_meta_sidebar":"","neve_meta_container":"","neve_meta_enable_content_width":"","neve_meta_content_width":0,"neve_meta_title_alignment":"","neve_meta_author_avatar":"","neve_post_elements_order":"","neve_meta_disable_header":"","neve_meta_disable_footer":"","neve_meta_disable_title":""},"product_brand":[],"product_cat":[25,22,23],"product_tag":[],"class_list":{"0":"post-673","1":"product","2":"type-product","3":"status-publish","4":"has-post-thumbnail","6":"product_cat-comercio-y-marketing","7":"product_cat-cursos","8":"product_cat-cursos-de-especializacion","10":"first","11":"instock","12":"sold-individually","13":"shipping-taxable","14":"purchasable","15":"product-type-simple"},"_links":{"self":[{"href":"https:\/\/camonclass.com\/tienda\/wp-json\/wp\/v2\/product\/673","targetHints":{"allow":["GET"]}}],"collection":[{"href":"https:\/\/camonclass.com\/tienda\/wp-json\/wp\/v2\/product"}],"about":[{"href":"https:\/\/camonclass.com\/tienda\/wp-json\/wp\/v2\/types\/product"}],"replies":[{"embeddable":true,"href":"https:\/\/camonclass.com\/tienda\/wp-json\/wp\/v2\/comments?post=673"}],"wp:featuredmedia":[{"embeddable":true,"href":"https:\/\/camonclass.com\/tienda\/wp-json\/wp\/v2\/media\/633"}],"wp:attachment":[{"href":"https:\/\/camonclass.com\/tienda\/wp-json\/wp\/v2\/media?parent=673"}],"wp:term":[{"taxonomy":"product_brand","embeddable":true,"href":"https:\/\/camonclass.com\/tienda\/wp-json\/wp\/v2\/product_brand?post=673"},{"taxonomy":"product_cat","embeddable":true,"href":"https:\/\/camonclass.com\/tienda\/wp-json\/wp\/v2\/product_cat?post=673"},{"taxonomy":"product_tag","embeddable":true,"href":"https:\/\/camonclass.com\/tienda\/wp-json\/wp\/v2\/product_tag?post=673"}],"curies":[{"name":"wp","href":"https:\/\/api.w.org\/{rel}","templated":true}]}}