{"id":675,"date":"2022-07-25T16:38:20","date_gmt":"2022-07-25T16:38:20","guid":{"rendered":"https:\/\/camonclass.vertice.org\/formacion\/tendencias-estilos-y-tipos-de-escaparates\/"},"modified":"2022-07-25T16:38:20","modified_gmt":"2022-07-25T16:38:20","slug":"tendencias-estilos-y-tipos-de-escaparates","status":"publish","type":"product","link":"https:\/\/camonclass.com\/tienda\/formacion\/tendencias-estilos-y-tipos-de-escaparates\/","title":{"rendered":"Tendencias, Estilos y Tipos de Escaparates"},"content":{"rendered":"<p><strong>UD1. El escaparate.<\/strong><UL>1.1. Introducci\u00f3n.<br \/>1.2. Funci\u00f3n y objetivos.<br \/>1.3. Dise\u00f1o del Escaparate.<br \/>1.4. Elementos del Escaparate.<br \/>1.5. Sujeci\u00f3n de los elementos. Distribuci\u00f3n final. Retoques y puesta a punto del conjunto.<\/UL><\/p>\n<p><strong>UD2. Tipos de escaparates.<\/strong><UL>2.1. Seg\u00fan la exposici\u00f3n del producto.<br \/>2.2. Por c\u00f3mo se cierran.<br \/>2.3. Por su situaci\u00f3n.<br \/>2.4. Por la presentaci\u00f3n del Escaparate.<br \/>2.5. Por el calendario.<br \/>2.6. Por su g\u00e9nero.<\/UL><\/p>\n<p><strong>UD3. Percepci\u00f3n visual. Ilusiones \u00f3pticas. Dise\u00f1o.<\/strong><UL>3.1. Percepci\u00f3n visual.<br \/>3.2. Ilusiones \u00f3pticas.<br \/>3.3. El dise\u00f1o.<\/UL><\/p>\n<p><strong>UD4. Composici\u00f3n.<\/strong><UL>4.1. Introducci\u00f3n.<br \/>4.2. Zonas del Escaparate.<br \/>4.3. Proporciones.<br \/>4.4. La regla aurea.<br \/>4.5. El espacio.<br \/>4.6. El peso visual.<br \/>4.7. El equilibrio.<br \/>4.8. La tensi\u00f3n.<br \/>4.9. La dominancia.<br \/>4.10. El contraste.<br \/>4.11. El ritmo.<br \/>4.12. La memoria.<\/UL><\/p>\n<p><strong>UD5. El color.<\/strong><UL>5.1. Introducci\u00f3n.<br \/>5.2. Percepci\u00f3n del color.<br \/>5.3. Teor\u00eda del color.<br \/>5.4. Colores primarios. Generalidades.<br \/>5.5. Propiedades del color.<br \/>5.6. C\u00edrculo crom\u00e1tico.<br \/>5.7. Colores fr\u00edos y c\u00e1lidos.<br \/>5.8. El color y la composici\u00f3n.<br \/>5.9. Color psicol\u00f3gico y color simb\u00f3lico.<br \/>5.10. El color. Proporci\u00f3n y simetr\u00eda.<br \/>5.11. El color en la decoraci\u00f3n.<br \/>5.12. El color en el escaparate.<\/UL><\/p>\n<p><strong>UD6. Iluminaci\u00f3n.<\/strong><UL>6.1. Introducci\u00f3n.<br \/>6.2. La luz.<br \/>6.3. Las sombras.<br \/>6.4. La temperatura del color.<br \/>6.5. Potencia de la iluminaci\u00f3n en el Escaparate.<br \/>6.6. Tipos de l\u00e1mparas.<br \/>6.7. Requisitos para una buena Iluminaci\u00f3n.<br \/>6.8. Iluminaci\u00f3n y luz natural.<br \/>6.9. Caracter\u00edsticas de la Iluminaci\u00f3n.<br \/>6.10. Tres funciones de la luz que Ilumina.<br \/>6.11. Los tres tipos de luces.<br \/>6.12. Criterios para decidir la luz.<\/UL><\/p>\n<p><strong>UD7. Montaje de un Escaparate.<\/strong><UL>7.1. Introducci\u00f3n.<br \/>7.2. Antes de empezar.<br \/>7.3. An\u00e1lisis del mercado y clientes potenciales.<br \/>7.4. Limpieza del espacio.<br \/>7.5. Reparaci\u00f3n o sustituci\u00f3n de Elementos.<br \/>7.6. Boceto de la escena a representar.<br \/>7.7. Proceso de selecci\u00f3n.<br \/>7.8. Selecci\u00f3n de elementos para nuestra composici\u00f3n.<br \/>7.9. Sistema de iluminaci\u00f3n.<br \/>7.10. Montaje de elementos estructurales.<br \/>7.11. Materiales.<br \/>7.12. Creaci\u00f3n de la Escena.<br \/>7.13. Formas de distribuci\u00f3n de objetos.<br \/>7.14. Distribuci\u00f3n del Espacio.<br \/>7.15. Renovaci\u00f3n del Escaparate.<br \/>7.16. Ratio e \u00edndices de control.<br \/>7.17. Pasos a seguir.<\/UL><\/p>\n","protected":false},"excerpt":{"rendered":"<ul>\n<li>Avanzar en la formaci\u00f3n de escaparatista conociendo la evoluci\u00f3n de las t\u00e9cnicas empleadas, as\u00ed como las tendencias que se van imponiendo con el paso del tiempo.<\/li>\n<li>Conocer la importancia que el escaparate tiene en el conjunto de las acciones de venta de un comercio, destacando el aspecto publicitario.<\/li>\n<li>Aprender los principios y t\u00e9cnicas de composici\u00f3n que permitan distribuir y colocar correctamente la mercanc\u00eda en el escaparate, manejando correctamente los principios del color y la iluminaci\u00f3n.<\/li>\n<li>Conocer los factores b\u00e1sicos que intervienen en la elaboraci\u00f3n de un escaparate: el boceto, el proyecto y el espacio disponible.<\/li>\n<li>Aprender a distinguir los diferentes tipos de escaparates seg\u00fan diferentes criterios.<\/li>\n<\/ul>\n","protected":false},"featured_media":633,"comment_status":"open","ping_status":"closed","template":"","meta":{"neve_meta_sidebar":"","neve_meta_container":"","neve_meta_enable_content_width":"","neve_meta_content_width":0,"neve_meta_title_alignment":"","neve_meta_author_avatar":"","neve_post_elements_order":"","neve_meta_disable_header":"","neve_meta_disable_footer":"","neve_meta_disable_title":""},"product_brand":[],"product_cat":[25,22,23],"product_tag":[],"class_list":{"0":"post-675","1":"product","2":"type-product","3":"status-publish","4":"has-post-thumbnail","6":"product_cat-comercio-y-marketing","7":"product_cat-cursos","8":"product_cat-cursos-de-especializacion","10":"first","11":"instock","12":"sold-individually","13":"shipping-taxable","14":"purchasable","15":"product-type-simple"},"_links":{"self":[{"href":"https:\/\/camonclass.com\/tienda\/wp-json\/wp\/v2\/product\/675","targetHints":{"allow":["GET"]}}],"collection":[{"href":"https:\/\/camonclass.com\/tienda\/wp-json\/wp\/v2\/product"}],"about":[{"href":"https:\/\/camonclass.com\/tienda\/wp-json\/wp\/v2\/types\/product"}],"replies":[{"embeddable":true,"href":"https:\/\/camonclass.com\/tienda\/wp-json\/wp\/v2\/comments?post=675"}],"wp:featuredmedia":[{"embeddable":true,"href":"https:\/\/camonclass.com\/tienda\/wp-json\/wp\/v2\/media\/633"}],"wp:attachment":[{"href":"https:\/\/camonclass.com\/tienda\/wp-json\/wp\/v2\/media?parent=675"}],"wp:term":[{"taxonomy":"product_brand","embeddable":true,"href":"https:\/\/camonclass.com\/tienda\/wp-json\/wp\/v2\/product_brand?post=675"},{"taxonomy":"product_cat","embeddable":true,"href":"https:\/\/camonclass.com\/tienda\/wp-json\/wp\/v2\/product_cat?post=675"},{"taxonomy":"product_tag","embeddable":true,"href":"https:\/\/camonclass.com\/tienda\/wp-json\/wp\/v2\/product_tag?post=675"}],"curies":[{"name":"wp","href":"https:\/\/api.w.org\/{rel}","templated":true}]}}