{"id":682,"date":"2022-07-25T16:38:21","date_gmt":"2022-07-25T16:38:21","guid":{"rendered":"https:\/\/camonclass.vertice.org\/formacion\/productos-servicios-y-destinos-turisticos\/"},"modified":"2022-07-25T16:38:21","modified_gmt":"2022-07-25T16:38:21","slug":"productos-servicios-y-destinos-turisticos","status":"publish","type":"product","link":"https:\/\/camonclass.com\/tienda\/formacion\/productos-servicios-y-destinos-turisticos\/","title":{"rendered":"Productos, servicios y destinos tur\u00edsticos"},"content":{"rendered":"<p><strong>UD1. El Turismo y la Estructura del Mercado Tur\u00edstico.<\/strong><UL>1.1. Concepto de Turismo. Evoluci\u00f3n del concepto de Turismo.<br \/>1.2. El Sistema Tur\u00edstico. Partes o Subsistemas.<br \/>1.3. La Demanda Tur\u00edstica. Tipos de demanda Tur\u00edstica. Factores que determinan la demanda tur\u00edstica individual y agregada.<br \/>1.4. La Oferta Tur\u00edstica. Componentes de la Oferta Tur\u00edstica.<br \/>1.5. Evoluci\u00f3n hist\u00f3rica del turismo. Situaci\u00f3n y tendencias.<br \/>1.6. An\u00e1lisis de la oferta y comportamiento de la demanda tur\u00edstica espa\u00f1ola: destinos y productos asociados.<br \/>1.7. An\u00e1lisis de la oferta y comportamiento de la demanda tur\u00edstica internacional: destinos relevantes y productos asociados.<\/UL><\/p>\n<p><strong>UD2. El Alojamiento como Componente del Producto Tur\u00edstico.<\/strong><UL>2.1. La Hosteler\u00eda. Los establecimientos de alojamiento. Clasificaciones y caracter\u00edsticas.<br \/>2.2. Relaciones entre las empresas de alojamiento y las agencias de viaje y tour-operadores.<br \/>2.3. Principales proveedores de alojamiento.<br \/>2.4. Tipos de unidades de alojamiento y modalidades de estancia. Tipos de tarifas y condiciones de aplicaci\u00f3n. Cadenas hoteleras y centrales de reserva.<\/UL><\/p>\n<p><strong>UD3. El Transporte como Componente del Producto Tur\u00edstico.<\/strong><UL>3.1. El transporte por carretera.<br \/>3.2. Transporte por ferrocarril.<br \/>3.3. Transporte acu\u00e1tico.<br \/>3.4. Transporte a\u00e9reo.<\/UL><\/p>\n<p><strong>UD4. Otros Elementos y Componentes de los Viajes Combinados Excursiones o Traslados.<\/strong><UL>4.1. El transporte discrecional en autocar. Relaciones. Tarifas. Contrastes. Normativa.<br \/>4.2. El alquiler de autom\u00f3viles con o sin conductor. Tarifas. Seguros. Procedimientos de reservas. Bonos y boletines de presentaci\u00f3n. El viaje combinado fly-drive.<br \/>4.3. Los cruceros mar\u00edtimos y fluviales y sus caracter\u00edsticas. Tipos. Tarifas. Prestaciones. Reservas.<br \/>4.4. Los servicios de acompa\u00f1amiento y asistencia tur\u00edstica. El servicio de gu\u00eda tur\u00edstico.<br \/>4.5. Los seguros de viaje y los contratos de asistencia en viaje. Gesti\u00f3n de visados y otra documentaci\u00f3n requerida para los viajes.<\/UL><\/p>\n<p><strong>UD5. Principales Destinos Tur\u00edsticos Nacionales.<\/strong><UL>5.1. Turismo de sol y playa.<br \/>5.2. Turismo de naturaleza y turismo activo.<br \/>5.3. Turismo cultural y religioso.<br \/>5.4. Turismo profesional.<br \/>5.5. Turismo social y de salud.<\/UL><\/p>\n<p><strong>UD6. Principales Destinos Tur\u00edsticos Internacionales.<\/strong><UL>6.1. Europa.<br \/>6.2. \u00c1frica.<br \/>6.3. Am\u00e9rica del Norte.<br \/>6.4. Am\u00e9rica Central y Am\u00e9rica del Sur.<br \/>6.5. Asia.<br \/>6.6. Ocean\u00eda.<\/UL><\/p>\n","protected":false},"excerpt":{"rendered":"<ul>\n<li>Analizar la evoluci\u00f3n del concepto de turismo identificando los elementos que componen el sistema tur\u00edstico.<\/li>\n<li>Analizar el mercado tur\u00edstico identificando los destinos tur\u00edsticos nacionales e internacionales m\u00e1s relevantes.<\/li>\n<\/ul>\n","protected":false},"featured_media":679,"comment_status":"open","ping_status":"closed","template":"","meta":{"neve_meta_sidebar":"","neve_meta_container":"","neve_meta_enable_content_width":"","neve_meta_content_width":0,"neve_meta_title_alignment":"","neve_meta_author_avatar":"","neve_post_elements_order":"","neve_meta_disable_header":"","neve_meta_disable_footer":"","neve_meta_disable_title":""},"product_brand":[],"product_cat":[22,23,26],"product_tag":[],"class_list":{"0":"post-682","1":"product","2":"type-product","3":"status-publish","4":"has-post-thumbnail","6":"product_cat-cursos","7":"product_cat-cursos-de-especializacion","8":"product_cat-hosteleria-y-turismo","10":"first","11":"instock","12":"sold-individually","13":"shipping-taxable","14":"purchasable","15":"product-type-simple"},"_links":{"self":[{"href":"https:\/\/camonclass.com\/tienda\/wp-json\/wp\/v2\/product\/682","targetHints":{"allow":["GET"]}}],"collection":[{"href":"https:\/\/camonclass.com\/tienda\/wp-json\/wp\/v2\/product"}],"about":[{"href":"https:\/\/camonclass.com\/tienda\/wp-json\/wp\/v2\/types\/product"}],"replies":[{"embeddable":true,"href":"https:\/\/camonclass.com\/tienda\/wp-json\/wp\/v2\/comments?post=682"}],"wp:featuredmedia":[{"embeddable":true,"href":"https:\/\/camonclass.com\/tienda\/wp-json\/wp\/v2\/media\/679"}],"wp:attachment":[{"href":"https:\/\/camonclass.com\/tienda\/wp-json\/wp\/v2\/media?parent=682"}],"wp:term":[{"taxonomy":"product_brand","embeddable":true,"href":"https:\/\/camonclass.com\/tienda\/wp-json\/wp\/v2\/product_brand?post=682"},{"taxonomy":"product_cat","embeddable":true,"href":"https:\/\/camonclass.com\/tienda\/wp-json\/wp\/v2\/product_cat?post=682"},{"taxonomy":"product_tag","embeddable":true,"href":"https:\/\/camonclass.com\/tienda\/wp-json\/wp\/v2\/product_tag?post=682"}],"curies":[{"name":"wp","href":"https:\/\/api.w.org\/{rel}","templated":true}]}}