{"id":683,"date":"2022-07-25T16:38:21","date_gmt":"2022-07-25T16:38:21","guid":{"rendered":"https:\/\/camonclass.vertice.org\/formacion\/planificacion-programacion-y-operacion-de-viajes-combinados\/"},"modified":"2022-07-25T16:38:21","modified_gmt":"2022-07-25T16:38:21","slug":"planificacion-programacion-y-operacion-de-viajes-combinados","status":"publish","type":"product","link":"https:\/\/camonclass.com\/tienda\/formacion\/planificacion-programacion-y-operacion-de-viajes-combinados\/","title":{"rendered":"Planificaci\u00f3n, programaci\u00f3n y operaci\u00f3n de viajes combinados"},"content":{"rendered":"<p><strong>UD1. Creaci\u00f3n y Operaci\u00f3n de Viajes Combinados.<\/strong><UL>1.1. Concepto de viaje combinado. Tipos. Viajes combinados elaborados bajo demanda y para la oferta.<br \/>1.2. Relaciones entre tour-operadores y agencias de viajes minoristas. Condiciones de colaboraci\u00f3n y t\u00e9rminos de retribuci\u00f3n. Condiciones de colaboraci\u00f3n y t\u00e9rminos de retribuci\u00f3n.<br \/>1.3. An\u00e1lisis de las fases de la elaboraci\u00f3n programas programaci\u00f3n comercializaci\u00f3n y operaci\u00f3n de los viajes combinados.<\/UL><\/p>\n<p><strong>UD2. Programaci\u00f3n y Operaci\u00f3n de Excursiones y Traslados.<\/strong><UL>2.1. Tipos de excursiones y visitas.<br \/>2.2. Los traslados como operaci\u00f3n propia de las agencias de viajes receptoras.<\/UL><\/p>\n","protected":false},"excerpt":{"rendered":"<ul>\n<li>Desarrollar los procesos de planificaci\u00f3n elaboraci\u00f3n programaci\u00f3n operaci\u00f3n de viajes combinados y productos similares identificando y aplicando procedimientos t\u00e9cnicas y recursos tecnol\u00f3gicos.<\/li>\n<\/ul>\n","protected":false},"featured_media":679,"comment_status":"open","ping_status":"closed","template":"","meta":{"neve_meta_sidebar":"","neve_meta_container":"","neve_meta_enable_content_width":"","neve_meta_content_width":0,"neve_meta_title_alignment":"","neve_meta_author_avatar":"","neve_post_elements_order":"","neve_meta_disable_header":"","neve_meta_disable_footer":"","neve_meta_disable_title":""},"product_brand":[],"product_cat":[22,23,26],"product_tag":[],"class_list":{"0":"post-683","1":"product","2":"type-product","3":"status-publish","4":"has-post-thumbnail","6":"product_cat-cursos","7":"product_cat-cursos-de-especializacion","8":"product_cat-hosteleria-y-turismo","10":"first","11":"instock","12":"sold-individually","13":"shipping-taxable","14":"purchasable","15":"product-type-simple"},"_links":{"self":[{"href":"https:\/\/camonclass.com\/tienda\/wp-json\/wp\/v2\/product\/683","targetHints":{"allow":["GET"]}}],"collection":[{"href":"https:\/\/camonclass.com\/tienda\/wp-json\/wp\/v2\/product"}],"about":[{"href":"https:\/\/camonclass.com\/tienda\/wp-json\/wp\/v2\/types\/product"}],"replies":[{"embeddable":true,"href":"https:\/\/camonclass.com\/tienda\/wp-json\/wp\/v2\/comments?post=683"}],"wp:featuredmedia":[{"embeddable":true,"href":"https:\/\/camonclass.com\/tienda\/wp-json\/wp\/v2\/media\/679"}],"wp:attachment":[{"href":"https:\/\/camonclass.com\/tienda\/wp-json\/wp\/v2\/media?parent=683"}],"wp:term":[{"taxonomy":"product_brand","embeddable":true,"href":"https:\/\/camonclass.com\/tienda\/wp-json\/wp\/v2\/product_brand?post=683"},{"taxonomy":"product_cat","embeddable":true,"href":"https:\/\/camonclass.com\/tienda\/wp-json\/wp\/v2\/product_cat?post=683"},{"taxonomy":"product_tag","embeddable":true,"href":"https:\/\/camonclass.com\/tienda\/wp-json\/wp\/v2\/product_tag?post=683"}],"curies":[{"name":"wp","href":"https:\/\/api.w.org\/{rel}","templated":true}]}}