{"id":684,"date":"2022-07-25T16:38:21","date_gmt":"2022-07-25T16:38:21","guid":{"rendered":"https:\/\/camonclass.vertice.org\/formacion\/planificacion-organizacion-y-control-de-eventos\/"},"modified":"2022-07-25T16:38:21","modified_gmt":"2022-07-25T16:38:21","slug":"planificacion-organizacion-y-control-de-eventos","status":"publish","type":"product","link":"https:\/\/camonclass.com\/tienda\/formacion\/planificacion-organizacion-y-control-de-eventos\/","title":{"rendered":"Planificaci\u00f3n, organizaci\u00f3n y control de eventos"},"content":{"rendered":"<p><strong>UD1. El Turismo de Reuniones y su Demanda de Servicios Especializados.<\/strong><UL>1.1. El turismo de reuniones: concepto y evoluci\u00f3n hist\u00f3rica; situaci\u00f3n y tendencias; el turismo de reuniones como producto especializado del turismo urbano.<br \/>1.2. Las caracter\u00edsticas diferenciadas y espec\u00edficas de este tipo de demanda.<br \/>1.3. Mecanismos de decisi\u00f3n. Impactos en los destinos y en sus restantes productos tur\u00edsticos.<br \/>1.4. Incorporaci\u00f3n a la cadena tur\u00edstica de servicios considerados tradicionalmente como servicios a las empresas o no tur\u00edsticos.<br \/>1.5. Agentes tur\u00edsticos espec\u00edficos: organizadores profesionales de eventos agencias de viajes especializadas y otros. Evoluci\u00f3n.<\/UL><\/p>\n<p><strong>UD2. Principales Destinos Tur\u00edsticos Nacionales e Internacionales de Turismo de Reuniones.<\/strong><UL>2.1. Factores que determinan la especializaci\u00f3n de un destino para turismo de reuniones: imagen de marca infraestructuras especializadas capacidad de alojamiento servicios especializados y oferta complementaria.<br \/>2.2. Caracter\u00edsticas y an\u00e1lisis comparativo de los principales destinos de turismo de reuniones a nivel nacional e internacional.<\/UL><\/p>\n<p><strong>UD3. Los Eventos su Tipolog\u00eda y su Mercado.<\/strong><UL>3.1. Tipolog\u00eda de reuniones y eventos: congresos convenciones viajes de incentivo exposiciones y ferias eventos deportivos y otros.<br \/>3.2. El concepto de evento.<br \/>3.3. El mercado de eventos. Los promotores de eventos. Las entidades colaboradoras y los patrocinadores. Participantes y acompa\u00f1antes.<br \/>3.4. La gesti\u00f3n de eventos como funci\u00f3n emisora y como funci\u00f3n receptora.<br \/>3.5. Fases del proyecto de un evento.<\/UL><\/p>\n<p><strong>UD4. El Evento como Proyecto: Planificaci\u00f3n Presupuestaci\u00f3n y Organizaci\u00f3n.<\/strong><UL>4.1. Fuentes y medios de acceso a la informaci\u00f3n.<br \/>4.2. Criterios de selecci\u00f3n de servicios prestatarios e intermediarios.<br \/>4.3. Negociaci\u00f3n con proveedores: planteamientos y factores clave. Aspectos renegociables.<br \/>4.4. Infraestructuras especializadas para reuniones actos y exposiciones.<br \/>4.5. Programaci\u00f3n del evento: tipolog\u00eda de actos en funci\u00f3n de tipolog\u00eda de eventos: sesiones presentaciones descansos comidas ceremonias espect\u00e1culos y exposiciones.<br \/>4.6. Programaci\u00f3n de la log\u00edstica y de los recursos humanos.<br \/>4.7. Programaci\u00f3n de ofertas pre y post evento en funci\u00f3n de la tipolog\u00eda de los participantes tales como ponentes delegados acompa\u00f1antes comit\u00e9s organizadores y cient\u00edficos.<br \/>4.8. Gesti\u00f3n de espacios comerciales y de patrocinios.<br \/>4.9. Presidencias honor\u00edficas y participaci\u00f3n de personalidades.<br \/>4.10. Confecci\u00f3n de cronogramas.<br \/>4.11. Previsi\u00f3n de situaciones emergentes; planes de contingencia; planes de seguridad.<br \/>4.12. Presupuestaci\u00f3n del evento.<\/UL><\/p>\n<p><strong>UD5. Servicios Requeridos en la Organizaci\u00f3n de Eventos.<\/strong><UL>5.1. Servicios de alojamiento y restauraci\u00f3n: Establecimientos. Tipos y caracter\u00edsticas. Formas de servicios. Tarifas.<br \/>5.2. Servicios y m\u00e9todos de reproducci\u00f3n y proyecci\u00f3n de imagen y sonido y de telecomunicaciones.<br \/>5.3. Servicios modalidades y tecnolog\u00edas para la traducci\u00f3n como interpretaci\u00f3n de conferencias traducci\u00f3n de cintas y locuciones o traducci\u00f3n escrita.<br \/>5.4. M\u00e9todos y tecnolog\u00edas de gesti\u00f3n y control de los accesos.<br \/>5.5. Servicios y sistemas de montaje de stands y exposiciones.<br \/>5.6. Secretar\u00eda t\u00e9cnica y secretar\u00eda cient\u00edfica.<br \/>5.7. Servicios de animaci\u00f3n cultural y producci\u00f3n de espect\u00e1culos.<br \/>5.8. Transportes de acceso a la sede del evento y transportes internos colectivos.<br \/>5.9. Servicios de dise\u00f1o edici\u00f3n e impresi\u00f3n de materiales gr\u00e1ficos audiovisuales y digitales.<br \/>5.10. Empresas servicios y funciones de las azafatas de congresos.<br \/>5.11. Otros servicios requeridos en los eventos.<\/UL><\/p>\n<p><strong>UD6. Aplicaciones Inform\u00e1ticas Espec\u00edficas para la Gesti\u00f3n de Eventos.<\/strong><UL>6.1. Tipos y comparaci\u00f3n.<br \/>6.2. Programas a medida y oferta est\u00e1ndar del mercado.<br \/>6.3. Aplicaci\u00f3n de programas integrales para la gesti\u00f3n de las secretar\u00edas t\u00e9cnica y cient\u00edfica pagos y reservas on-line. Software integral: creaci\u00f3n promoci\u00f3n gesti\u00f3n y control de acceso.<\/UL><\/p>\n<p><strong>UD7. El Evento como Proyecto: Organizaci\u00f3n.<\/strong><UL>7.1. La organizaci\u00f3n del evento: Definici\u00f3n de funciones y tareas.<br \/>7.2. Comit\u00e9s y secretar\u00edas: funciones y coordinaci\u00f3n.<br \/>7.3. Gesti\u00f3n de colaboraciones y patrocinios.<br \/>7.4. Soportes y medios para ofrecer informaci\u00f3n del evento.<br \/>7.5. Difusi\u00f3n del evento y captaci\u00f3n de participantes.<br \/>7.6. Estructura organizativa de un equipo de gesti\u00f3n de eventos.<br \/>7.7. Funciones y responsabilidades.<br \/>7.8. Procedimientos e instrucciones de trabajo.<\/UL><\/p>\n<p><strong>UD8. El Evento como Proyecto: Direcci\u00f3n y Control.<\/strong><UL>8.1. Control de inscripciones.<br \/>8.2. Control de cobros.<br \/>8.3. Confirmaciones de inscripci\u00f3n asignaci\u00f3n de espacios en exposiciones y otras comunicaciones a inscritos.<br \/>8.4. Protecci\u00f3n de datos personales.<br \/>8.5. Documentaci\u00f3n del evento.<br \/>8.6. Procesos administrativos y contables.<br \/>8.7. Seguimiento del proyecto. Actuaciones ante desviaciones.<br \/>8.8. Coordinaci\u00f3n.<br \/>8.9. Evaluaci\u00f3n de servicios y suministros.<br \/>8.10. Formalizaci\u00f3n de contratos. Documentaci\u00f3n.<br \/>8.11. Supervisi\u00f3n y control del desarrollo del evento.<br \/>8.12. Coordinaci\u00f3n y recursos de comunicaci\u00f3n puntualidad en los actos protocolo seguridad servicio t\u00e9cnico reclamaciones quejas conflictos y otras situaciones emergentes.<br \/>8.13. Documentos de control del evento.<br \/>8.14. El informe final del evento.<br \/>8.15. Balances econ\u00f3micos.<\/UL><\/p>\n","protected":false},"excerpt":{"rendered":"<ul>\n<li>Analizar el turismo de reuniones e identificar sus demandas especificas dentro del sector tur\u00edstico.<\/li>\n<li>Planificar y presupuestar un evento y definir su programa identificando las actividades y tareas que se derivan para la entidad gestora.<\/li>\n<li>Aplicar t\u00e9cnicas para el proceso de organizaci\u00f3n de un evento determinado analizando la l\u00f3gica de dicho proceso Describir el proceso de evaluaci\u00f3n final de un evento describiendo las actividades de direcci\u00f3n y control inherentes.<\/li>\n<\/ul>\n","protected":false},"featured_media":679,"comment_status":"open","ping_status":"closed","template":"","meta":{"neve_meta_sidebar":"","neve_meta_container":"","neve_meta_enable_content_width":"","neve_meta_content_width":0,"neve_meta_title_alignment":"","neve_meta_author_avatar":"","neve_post_elements_order":"","neve_meta_disable_header":"","neve_meta_disable_footer":"","neve_meta_disable_title":""},"product_brand":[],"product_cat":[22,23,26],"product_tag":[],"class_list":{"0":"post-684","1":"product","2":"type-product","3":"status-publish","4":"has-post-thumbnail","6":"product_cat-cursos","7":"product_cat-cursos-de-especializacion","8":"product_cat-hosteleria-y-turismo","10":"first","11":"instock","12":"sold-individually","13":"shipping-taxable","14":"purchasable","15":"product-type-simple"},"_links":{"self":[{"href":"https:\/\/camonclass.com\/tienda\/wp-json\/wp\/v2\/product\/684","targetHints":{"allow":["GET"]}}],"collection":[{"href":"https:\/\/camonclass.com\/tienda\/wp-json\/wp\/v2\/product"}],"about":[{"href":"https:\/\/camonclass.com\/tienda\/wp-json\/wp\/v2\/types\/product"}],"replies":[{"embeddable":true,"href":"https:\/\/camonclass.com\/tienda\/wp-json\/wp\/v2\/comments?post=684"}],"wp:featuredmedia":[{"embeddable":true,"href":"https:\/\/camonclass.com\/tienda\/wp-json\/wp\/v2\/media\/679"}],"wp:attachment":[{"href":"https:\/\/camonclass.com\/tienda\/wp-json\/wp\/v2\/media?parent=684"}],"wp:term":[{"taxonomy":"product_brand","embeddable":true,"href":"https:\/\/camonclass.com\/tienda\/wp-json\/wp\/v2\/product_brand?post=684"},{"taxonomy":"product_cat","embeddable":true,"href":"https:\/\/camonclass.com\/tienda\/wp-json\/wp\/v2\/product_cat?post=684"},{"taxonomy":"product_tag","embeddable":true,"href":"https:\/\/camonclass.com\/tienda\/wp-json\/wp\/v2\/product_tag?post=684"}],"curies":[{"name":"wp","href":"https:\/\/api.w.org\/{rel}","templated":true}]}}