{"id":686,"date":"2022-07-25T16:38:21","date_gmt":"2022-07-25T16:38:21","guid":{"rendered":"https:\/\/camonclass.vertice.org\/formacion\/asesoramiento-venta-y-comercializacion-de-productos-y-servicios-turisticos\/"},"modified":"2022-07-25T16:38:21","modified_gmt":"2022-07-25T16:38:21","slug":"asesoramiento-venta-y-comercializacion-de-productos-y-servicios-turisticos","status":"publish","type":"product","link":"https:\/\/camonclass.com\/tienda\/formacion\/asesoramiento-venta-y-comercializacion-de-productos-y-servicios-turisticos\/","title":{"rendered":"Asesoramiento, venta y comercializaci\u00f3n de productos y servicios tur\u00edsticos"},"content":{"rendered":"<p><strong>UD1. La Distribuci\u00f3n Tur\u00edstica.<\/strong><UL>1.1. Concepto de distribuci\u00f3n de servicios.<br \/>1.2. Las agencias de viajes. (AA.VV.).<br \/>1.3. Normativas y reglamentos reguladores de la actividad de las agencias de viajes.<br \/>1.4. Las centrales de reservas.<br \/>1.5. An\u00e1lisis de la distribuci\u00f3n tur\u00edstica en el mercado nacional e internacional.<br \/>1.6. An\u00e1lisis de las motivaciones tur\u00edsticas y de los productos tur\u00edsticos derivado.<br \/>1.7. Las centrales de reservas. Tipos y caracter\u00edsticas. Los sistemas globales de distribuci\u00f3n o GDS.<\/UL><\/p>\n<p><strong>UD2. La Venta de Alojamiento.<\/strong><UL>2.1. Relaciones entre las empresas de alojamiento y las agencias de viajes.<br \/>2.2. Fuentes informativas de la oferta de alojamiento.<br \/>2.3. Reservas directas e indirectas.<br \/>2.4. Tipos de tarifas y condiciones de aplicaci\u00f3n.<br \/>2.5. Bonos de alojamiento.<br \/>2.6. Principales proveedores de alojamiento.<\/UL><\/p>\n<p><strong>UD3. La Venta de Transporte.<\/strong><UL>3.1. El transporte a\u00e9reo regular. Principales compa\u00f1\u00edas a\u00e9reas. Relaciones con las agencias de viajes y Tour-operadores. Tipos de viajes a\u00e9reos. Tarifas: tipos. Fuentes informativas del transporte a\u00e9reo regular.<br \/>3.2. El transporte a\u00e9reo ch\u00e1rter. Compa\u00f1\u00edas a\u00e9reas ch\u00e1rter y br\u00f3kers a\u00e9reos. Tipos de operaciones ch\u00e1rter. Relaciones. Tarifas.<br \/>3.3. El transporte por carretera regular. Principales compa\u00f1\u00edas. Relaciones con las agencias de viajes y tour-operadores. Tarifas: tipos. Fuentes informativas del transporte por carretera.<br \/>3.4. El transporte mar\u00edtimo regular. Principales compa\u00f1\u00edas. Relaciones con las agencias de viajes y tour-operadores. Tipos de viajes. Tarifas: tipos. Fuentes informativas del transporte mar\u00edtimo regular.<br \/>3.5. El transporte mar\u00edtimo ch\u00e1rter. Compa\u00f1\u00edas mar\u00edtimas ch\u00e1rter. Relaciones. Tarifas.<\/UL><\/p>\n<p><strong>UD4. La Venta de Viajes Combinados.<\/strong><UL>4.1. El producto tur\u00edstico integrado.<br \/>4.2. Relaciones entre tour-operadores y agencias de viajes minoristas.<br \/>4.3. Procedimientos de reservas.<br \/>4.4. Principales tour-operadores nacionales e internacionales.<\/UL><\/p>\n<p><strong>UD5. La Venta de Viajes Combinados.<\/strong><UL>5.1. La venta de autos de alquiler.<br \/>5.2. La venta de seguros de viaje y contratos de asistencia en viaje.<br \/>5.3. La venta de excursiones.<br \/>5.4. Informaci\u00f3n sobre requisitos a los viajeros internacionales.<br \/>5.5. Gesti\u00f3n de visados y otra documentaci\u00f3n requerida para los viajes.<br \/>5.6. Aplicaci\u00f3n de cargos por gesti\u00f3n.<\/UL><\/p>\n<p><strong>UD6. El Marketing y la Promoci\u00f3n de Ventas en las Entidades de Distribuci\u00f3n Tur\u00edstica.<\/strong><UL>6.1. Concepto de Marketing.<br \/>6.2. Segmentaci\u00f3n del mercado.<br \/>6.3. El Marketing \u201cMix\u201d.<br \/>6.4. El plan de marketing.<br \/>6.5. Marketing directo.<br \/>6.6. Planes de promoci\u00f3n de ventas.<br \/>6.7. El merchandising.<\/UL><\/p>\n<p><strong>UD7. Internet como Canal de Distribuci\u00f3n Tur\u00edstica.<\/strong><UL>7.1. Las agencias de viajes virtuales.<br \/>7.2. Las relaciones comerciales a trav\u00e9s de Internet: (B2B B2C B2A).<br \/>7.3. Utilidades de los sistemas online.<br \/>7.4. Modelos de distribuci\u00f3n tur\u00edstica a trav\u00e9s de Internet.<br \/>7.5. Servidores online.<br \/>7.6. Coste y rentabilidad de la distribuci\u00f3n tur\u00edstica on-line.<\/UL><\/p>\n<p><strong>UD8. P\u00e1ginas Web de Distribuci\u00f3n Tur\u00edstica y Portales Tur\u00edsticos.<\/strong><UL>8.1. El internauta como turista potencial y real.<br \/>8.2. Criterios comerciales en el dise\u00f1o comercial de sitios de distribuci\u00f3n tur\u00edstica.<br \/>8.3. Medios de pago en Internet.<br \/>8.4. Conflictos y reclamaciones online de clientes.<\/UL><\/p>\n","protected":false},"excerpt":{"rendered":"<ul>\n<li>Analizar la distribuci\u00f3n tur\u00edstica y las entidades y medios que la configuran estimando su evoluci\u00f3n e incidencia de las nuevas tecnolog\u00edas.<\/li>\n<li>Analizar las relaciones comerciales operativas y contractuales de las agencias de viajes y tour-operadores con los diferentes proveedores de servicios tur\u00edsticos.<\/li>\n<li>Analizar los procesos de informaci\u00f3n asesoramiento y venta estimando su importancia para el logro de los objetivos empresariales Desarrollar los procesos de ventas y reservas de transportes viajes combinados excursiones y traslados y aplicar los procedimientos establecidos Desarrollar acciones promocionales aplicables en agencias de viajes y describir y aplicar t\u00e9cnicas de promoci\u00f3n de ventas y de negociaci\u00f3n estimando su importancia para el logro de los objetivos empresariales <\/li>\n<\/ul>\n","protected":false},"featured_media":679,"comment_status":"open","ping_status":"closed","template":"","meta":{"neve_meta_sidebar":"","neve_meta_container":"","neve_meta_enable_content_width":"","neve_meta_content_width":0,"neve_meta_title_alignment":"","neve_meta_author_avatar":"","neve_post_elements_order":"","neve_meta_disable_header":"","neve_meta_disable_footer":"","neve_meta_disable_title":""},"product_brand":[],"product_cat":[22,23,26],"product_tag":[],"class_list":{"0":"post-686","1":"product","2":"type-product","3":"status-publish","4":"has-post-thumbnail","6":"product_cat-cursos","7":"product_cat-cursos-de-especializacion","8":"product_cat-hosteleria-y-turismo","10":"first","11":"instock","12":"sold-individually","13":"shipping-taxable","14":"purchasable","15":"product-type-simple"},"_links":{"self":[{"href":"https:\/\/camonclass.com\/tienda\/wp-json\/wp\/v2\/product\/686","targetHints":{"allow":["GET"]}}],"collection":[{"href":"https:\/\/camonclass.com\/tienda\/wp-json\/wp\/v2\/product"}],"about":[{"href":"https:\/\/camonclass.com\/tienda\/wp-json\/wp\/v2\/types\/product"}],"replies":[{"embeddable":true,"href":"https:\/\/camonclass.com\/tienda\/wp-json\/wp\/v2\/comments?post=686"}],"wp:featuredmedia":[{"embeddable":true,"href":"https:\/\/camonclass.com\/tienda\/wp-json\/wp\/v2\/media\/679"}],"wp:attachment":[{"href":"https:\/\/camonclass.com\/tienda\/wp-json\/wp\/v2\/media?parent=686"}],"wp:term":[{"taxonomy":"product_brand","embeddable":true,"href":"https:\/\/camonclass.com\/tienda\/wp-json\/wp\/v2\/product_brand?post=686"},{"taxonomy":"product_cat","embeddable":true,"href":"https:\/\/camonclass.com\/tienda\/wp-json\/wp\/v2\/product_cat?post=686"},{"taxonomy":"product_tag","embeddable":true,"href":"https:\/\/camonclass.com\/tienda\/wp-json\/wp\/v2\/product_tag?post=686"}],"curies":[{"name":"wp","href":"https:\/\/api.w.org\/{rel}","templated":true}]}}