{"id":687,"date":"2022-07-25T16:38:21","date_gmt":"2022-07-25T16:38:21","guid":{"rendered":"https:\/\/camonclass.vertice.org\/formacion\/organizacion-del-servicio-de-informacion-turistica-local\/"},"modified":"2022-07-25T16:38:21","modified_gmt":"2022-07-25T16:38:21","slug":"organizacion-del-servicio-de-informacion-turistica-local","status":"publish","type":"product","link":"https:\/\/camonclass.com\/tienda\/formacion\/organizacion-del-servicio-de-informacion-turistica-local\/","title":{"rendered":"Organizaci\u00f3n del servicio de informaci\u00f3n tur\u00edstica local"},"content":{"rendered":"<p><strong>UD1. El Servicio de Informaci\u00f3n Tur\u00edstica.<\/strong><UL>1.1. Objetivos generales del servicio de informaci\u00f3n tur\u00edstica.<br \/>1.2. La informaci\u00f3n y atenci\u00f3n al visitante como servicio tur\u00edstico y herramienta de marketing del destino.<br \/>1.3. Legislaci\u00f3n en materia de informaci\u00f3n tur\u00edstica en Espa\u00f1a y en la Uni\u00f3n Europea.<br \/>1.4. Tipos de Servicios o Centros de Informaci\u00f3n Tur\u00edstica.<br \/>1.5. Comunicaciones internas de un Centro de informaci\u00f3n tur\u00edstica.<br \/>1.6. Distribuci\u00f3n externa de la informaci\u00f3n de un Centro de Informaci\u00f3n Tur\u00edstica.<br \/>1.7. Promoci\u00f3n de los servicios propios de un Centro de informaci\u00f3n tur\u00edstica.<br \/>1.8. T\u00e9cnicas de difusi\u00f3n y marketing electr\u00f3nico.<br \/>1.9. Relaciones con otras empresas y entidades del sector tur\u00edstico.<br \/>1.10. Redes de centros y servicios de informaci\u00f3n tur\u00edstica.<\/UL><\/p>\n<p><strong>UD2. Recursos Materiales en Servicios y Centros de Informaci\u00f3n Tur\u00edstica.<\/strong><UL>2.1. Tipos de instalaciones.<br \/>2.2. Organizaci\u00f3n del espacio.<br \/>2.3. Aspecto f\u00edsico de los locales de informaci\u00f3n tur\u00edstica en funci\u00f3n de su tipolog\u00eda y las nuevas t\u00e9cnicas de comunicaci\u00f3n.<br \/>2.4. Equipamiento de las instalaciones.<br \/>2.5. Informatizaci\u00f3n de centros y servicios de informaci\u00f3n tur\u00edstica.<br \/>2.6. Centrales y sistemas automatizados de reservas.<br \/>2.7. Ubicaci\u00f3n y accesos a los locales.<br \/>2.8. Se\u00f1alizaci\u00f3n interna y externa.<br \/>2.9. Uniforme y equipamiento de los trabajadores.<br \/>2.10. Ediciones y materiales de promoci\u00f3n e informaci\u00f3n en distintos soportes. Tipolog\u00eda dise\u00f1o y preparaci\u00f3n.<\/UL><\/p>\n<p><strong>UD3. Recursos Humanos en Centros de Informaci\u00f3n Tur\u00edstica.<\/strong><UL>3.1. Perfiles y funciones del personal de un Servicio de Informaci\u00f3n Tur\u00edstica.<br \/>3.2. Informaci\u00f3n telef\u00f3nica y presencial.<br \/>3.3. Informadores de calle.<br \/>3.4. Gu\u00edas.<br \/>3.5. Administradores y gestores de la web.<\/UL><\/p>\n<p><strong>UD4. Gesti\u00f3n Administrativa.<\/strong><UL>4.1. Tipos de documentos necesarios en un Centro o Servicio de Informaci\u00f3n Tur\u00edstica.<br \/>4.2. Gesti\u00f3n de sugerencias reclamaciones y quejas.<br \/>4.3. Control estad\u00edstico.<br \/>4.4. Seguros de viajes visados divisas y documentaci\u00f3n bancaria.<\/UL><\/p>\n","protected":false},"excerpt":{"rendered":"<ul>\n<li>Analizar los tipos de centros y servicios de informaci\u00f3n tur\u00edstica explicando su funci\u00f3n en el sector tur\u00edstico.<\/li>\n<li>Aplicar procedimientos de gesti\u00f3n de informaci\u00f3n documentaci\u00f3n y programas de actividades de modo que sirvan para alcanzar objetivos predeterminados.<\/li>\n<\/ul>\n","protected":false},"featured_media":679,"comment_status":"open","ping_status":"closed","template":"","meta":{"neve_meta_sidebar":"","neve_meta_container":"","neve_meta_enable_content_width":"","neve_meta_content_width":0,"neve_meta_title_alignment":"","neve_meta_author_avatar":"","neve_post_elements_order":"","neve_meta_disable_header":"","neve_meta_disable_footer":"","neve_meta_disable_title":""},"product_brand":[],"product_cat":[22,23,26],"product_tag":[],"class_list":{"0":"post-687","1":"product","2":"type-product","3":"status-publish","4":"has-post-thumbnail","6":"product_cat-cursos","7":"product_cat-cursos-de-especializacion","8":"product_cat-hosteleria-y-turismo","10":"first","11":"instock","12":"sold-individually","13":"shipping-taxable","14":"purchasable","15":"product-type-simple"},"_links":{"self":[{"href":"https:\/\/camonclass.com\/tienda\/wp-json\/wp\/v2\/product\/687","targetHints":{"allow":["GET"]}}],"collection":[{"href":"https:\/\/camonclass.com\/tienda\/wp-json\/wp\/v2\/product"}],"about":[{"href":"https:\/\/camonclass.com\/tienda\/wp-json\/wp\/v2\/types\/product"}],"replies":[{"embeddable":true,"href":"https:\/\/camonclass.com\/tienda\/wp-json\/wp\/v2\/comments?post=687"}],"wp:featuredmedia":[{"embeddable":true,"href":"https:\/\/camonclass.com\/tienda\/wp-json\/wp\/v2\/media\/679"}],"wp:attachment":[{"href":"https:\/\/camonclass.com\/tienda\/wp-json\/wp\/v2\/media?parent=687"}],"wp:term":[{"taxonomy":"product_brand","embeddable":true,"href":"https:\/\/camonclass.com\/tienda\/wp-json\/wp\/v2\/product_brand?post=687"},{"taxonomy":"product_cat","embeddable":true,"href":"https:\/\/camonclass.com\/tienda\/wp-json\/wp\/v2\/product_cat?post=687"},{"taxonomy":"product_tag","embeddable":true,"href":"https:\/\/camonclass.com\/tienda\/wp-json\/wp\/v2\/product_tag?post=687"}],"curies":[{"name":"wp","href":"https:\/\/api.w.org\/{rel}","templated":true}]}}