{"id":688,"date":"2022-07-25T16:38:22","date_gmt":"2022-07-25T16:38:22","guid":{"rendered":"https:\/\/camonclass.vertice.org\/formacion\/gestion-de-la-informacion-y-documentacion-turistica-local\/"},"modified":"2022-07-25T16:38:22","modified_gmt":"2022-07-25T16:38:22","slug":"gestion-de-la-informacion-y-documentacion-turistica-local","status":"publish","type":"product","link":"https:\/\/camonclass.com\/tienda\/formacion\/gestion-de-la-informacion-y-documentacion-turistica-local\/","title":{"rendered":"Gesti\u00f3n de la informaci\u00f3n y documentaci\u00f3n tur\u00edstica local"},"content":{"rendered":"<p><strong>UD1. Las Fuentes de Informaci\u00f3n Tur\u00edstica.<\/strong><UL>1.1. Tipos de informaci\u00f3n a obtener y procesar.<br \/>1.2. Identificaci\u00f3n valoraci\u00f3n y clasificaci\u00f3n de las fuentes de informaci\u00f3n.<br \/>1.3. T\u00e9cnicas de registro archivo y actualizaci\u00f3n de la informaci\u00f3n tur\u00edstica.<br \/>1.4. Sistemas y medios para la localizaci\u00f3n y obtenci\u00f3n de la informaci\u00f3n tur\u00edstica.<br \/>1.5. Metodolog\u00edas para el an\u00e1lisis contraste y archivo de la informaci\u00f3n.<br \/>1.6. Soportes de la informaci\u00f3n: papel electr\u00f3nico.<br \/>1.7. Sistemas de archivos: bancos y bases de datos.<br \/>1.8. Metodolog\u00eda para la actualizaci\u00f3n permanente: procedimientos y costes.<br \/>1.9. El centro de informaci\u00f3n tur\u00edstica como fuente de informaci\u00f3n del destino.<br \/>1.10. Intercambio de informaci\u00f3n entre centros y redes de informaci\u00f3n: retroalimentaci\u00f3n.<br \/>1.11. Circulaci\u00f3n y distribuci\u00f3n de la informaci\u00f3n dentro del centro de informaci\u00f3n y otros sistemas de informaci\u00f3n no formales en el destino.<br \/>1.12. Inform\u00e1tica y tecnolog\u00edas de la informaci\u00f3n aplicadas a los centros de informaci\u00f3n tur\u00edstica.<\/UL><\/p>\n<p><strong>UD2. Informaci\u00f3n e Interpretaci\u00f3n del Patrimonio Cultural y Natural del Entorno Local.<\/strong><UL>2.1. An\u00e1lisis de los recursos y servicios del destino tur\u00edstico.<br \/>2.2. Principios y objetivos de la interpretaci\u00f3n del patrimonio.<br \/>2.3. Medios interpretativos personales y no personales.<br \/>2.4. Adaptaci\u00f3n de la informaci\u00f3n a los distintos soportes y v\u00edas de distribuci\u00f3n de la informaci\u00f3n.<br \/>2.5. Adaptaci\u00f3n de la informaci\u00f3n en funci\u00f3n de los tipos de grupos o turistas destinatarios.<br \/>2.6. Integraci\u00f3n e interrelaci\u00f3n de informaci\u00f3n.<\/UL><\/p>\n","protected":false},"excerpt":{"rendered":"<ul>\n<li>Analizar las fuentes y m\u00e9todos que permiten la obtenci\u00f3n de informaci\u00f3n de inter\u00e9s tur\u00edstico sobre el entorno local evaluando seleccionando y adaptando la informaci\u00f3n obtenida a las necesidades de los clientes en funci\u00f3n del segmento al que pertenezcan.<\/li>\n<li>Integrar informaci\u00f3n sobre bienes de inter\u00e9s cultural espacios naturales y otros recursos culturales y naturales de entornos locales determinados para su posterior traslado a potenciales usuarios de servicios de informaci\u00f3n tur\u00edstica.<\/li>\n<\/ul>\n","protected":false},"featured_media":679,"comment_status":"open","ping_status":"closed","template":"","meta":{"neve_meta_sidebar":"","neve_meta_container":"","neve_meta_enable_content_width":"","neve_meta_content_width":0,"neve_meta_title_alignment":"","neve_meta_author_avatar":"","neve_post_elements_order":"","neve_meta_disable_header":"","neve_meta_disable_footer":"","neve_meta_disable_title":""},"product_brand":[],"product_cat":[22,23,26],"product_tag":[],"class_list":{"0":"post-688","1":"product","2":"type-product","3":"status-publish","4":"has-post-thumbnail","6":"product_cat-cursos","7":"product_cat-cursos-de-especializacion","8":"product_cat-hosteleria-y-turismo","10":"first","11":"instock","12":"sold-individually","13":"shipping-taxable","14":"purchasable","15":"product-type-simple"},"_links":{"self":[{"href":"https:\/\/camonclass.com\/tienda\/wp-json\/wp\/v2\/product\/688","targetHints":{"allow":["GET"]}}],"collection":[{"href":"https:\/\/camonclass.com\/tienda\/wp-json\/wp\/v2\/product"}],"about":[{"href":"https:\/\/camonclass.com\/tienda\/wp-json\/wp\/v2\/types\/product"}],"replies":[{"embeddable":true,"href":"https:\/\/camonclass.com\/tienda\/wp-json\/wp\/v2\/comments?post=688"}],"wp:featuredmedia":[{"embeddable":true,"href":"https:\/\/camonclass.com\/tienda\/wp-json\/wp\/v2\/media\/679"}],"wp:attachment":[{"href":"https:\/\/camonclass.com\/tienda\/wp-json\/wp\/v2\/media?parent=688"}],"wp:term":[{"taxonomy":"product_brand","embeddable":true,"href":"https:\/\/camonclass.com\/tienda\/wp-json\/wp\/v2\/product_brand?post=688"},{"taxonomy":"product_cat","embeddable":true,"href":"https:\/\/camonclass.com\/tienda\/wp-json\/wp\/v2\/product_cat?post=688"},{"taxonomy":"product_tag","embeddable":true,"href":"https:\/\/camonclass.com\/tienda\/wp-json\/wp\/v2\/product_tag?post=688"}],"curies":[{"name":"wp","href":"https:\/\/api.w.org\/{rel}","templated":true}]}}