{"id":689,"date":"2022-07-25T16:38:22","date_gmt":"2022-07-25T16:38:22","guid":{"rendered":"https:\/\/camonclass.vertice.org\/formacion\/diseno-de-productos-y-servicios-turisticos-locales\/"},"modified":"2022-07-25T16:38:22","modified_gmt":"2022-07-25T16:38:22","slug":"diseno-de-productos-y-servicios-turisticos-locales","status":"publish","type":"product","link":"https:\/\/camonclass.com\/tienda\/formacion\/diseno-de-productos-y-servicios-turisticos-locales\/","title":{"rendered":"Dise\u00f1o de productos y servicios tur\u00edsticos locales"},"content":{"rendered":"<p><strong>UD1. El Sector Tur\u00edstico.<\/strong><UL>1.1. Origen y evoluci\u00f3n hist\u00f3rica del fen\u00f3meno tur\u00edstico. Factores que influyen en su desarrollo. Din\u00e1mica y evoluci\u00f3n de los flujos tur\u00edsticos: los nuevos h\u00e1bitos viajeros.<br \/>1.2. La organizaci\u00f3n del sector. El marco jur\u00eddico econ\u00f3mico y social. Administraciones P\u00fablicas competentes en materia de turismo.<br \/>1.3. Oferta y demanda tur\u00edstica: recursos servicios equipamientos y productos tur\u00edsticos.<br \/>1.4. La estructura de comercializaci\u00f3n en el sector.<br \/>1.5. Proceso de creaci\u00f3n puesta en marcha desarrollo y prestaci\u00f3n de los servicios tur\u00edsticos.<\/UL><\/p>\n<p><strong>UD2. Ordenaci\u00f3n Territorial y Planificaci\u00f3n Estrat\u00e9gica.<\/strong><UL>2.1. Los planes de ordenaci\u00f3n territorial y su incidencia en el desarrollo tur\u00edstico. Normativas.<br \/>2.2. Fuentes de informaci\u00f3n sobre oferta demanda estructura evoluci\u00f3n y tendencias de los productos tur\u00edstico locales.<br \/>2.3. An\u00e1lisis y aplicaci\u00f3n de t\u00e9cnicas de identificaci\u00f3n y catalogaci\u00f3n de recursos tur\u00edsticos.<br \/>2.4. La investigaci\u00f3n de mercados como instrumento de planificaci\u00f3n en el sector. M\u00e9todos cuantitativos y cualitativos. Aplicaciones estad\u00edsticas.<br \/>2.5. An\u00e1lisis y aplicaci\u00f3n de t\u00e9cnicas de planificaci\u00f3n estrat\u00e9gica de productos y destinos tur\u00edsticos. Posicionamiento estrat\u00e9gico frente a la competencia.<br \/>2.6. Proceso de creaci\u00f3n puesta en marcha desarrollo y prestaci\u00f3n de los servicios tur\u00edsticos.<\/UL><\/p>\n<p><strong>UD3. Creaci\u00f3n y Desarrollo de Productos y Servicios Tur\u00edsticos Locales.<\/strong><UL>3.1. An\u00e1lisis comparativo y caracterizaci\u00f3n de los diferentes tipos de productos y servicios Tur\u00edsticos locales.<br \/>3.2. Definici\u00f3n redefinici\u00f3n y desarrollo de productos tur\u00edsticos locales. Fases y ejecuci\u00f3n. Dise\u00f1o y desarrollo de servicios.<br \/>3.3. Proyectos de creaci\u00f3n desarrollo y mejora de productos tur\u00edsticos locales: oportunidad viabilidad y plan de ejecuci\u00f3n. Financiaci\u00f3n de proyectos. Gesti\u00f3n de proyectos.<br \/>3.4. Fases del ciclo de vida de un producto tur\u00edstico local.<br \/>3.5. Gesti\u00f3n de iniciativas tur\u00edsticas.<\/UL><\/p>\n<p><strong>UD4. Desarrollo Tur\u00edstico Sostenible.<\/strong><UL>4.1. Introducci\u00f3n al desarrollo sostenible: aspectos econ\u00f3micos ambientales y socioculturales.<br \/>4.2. El desarrollo sostenible para planificadores locales.<br \/>4.3. La importancia del ambiente para el desarrollo tur\u00edstico. Impactos ambientales.<br \/>4.4. Surgimiento y desarrollo de la interpretaci\u00f3n del patrimonio natural como herramienta para su preservaci\u00f3n y adecuada utilizaci\u00f3n como recurso tur\u00edstico.<br \/>4.5. La gesti\u00f3n ambiental en turismo: consumo energ\u00e9tico y agua tratamiento de residuos otros aspectos.<br \/>4.6. Plan de mejora ambiental dentro de la pol\u00edtica de calidad.<\/UL><\/p>\n","protected":false},"excerpt":{"rendered":"<ul>\n<li>Evaluar la potencialidad tur\u00edstica en un \u00e1mbito determinado que permita detectar oportunidades de creaci\u00f3n y desarrollo de productos tur\u00edsticos locales.<\/li>\n<li>Poner en pr\u00e1ctica y evaluar estrategias de creaci\u00f3n mejora y desarrollo de productos y servicios tur\u00edsticos en entornos locales teniendo en cuenta la potencialidad tur\u00edstica del \u00e1rea la demanda actual potencial y la protecci\u00f3n ambiental.<\/li>\n<\/ul>\n","protected":false},"featured_media":679,"comment_status":"open","ping_status":"closed","template":"","meta":{"neve_meta_sidebar":"","neve_meta_container":"","neve_meta_enable_content_width":"","neve_meta_content_width":0,"neve_meta_title_alignment":"","neve_meta_author_avatar":"","neve_post_elements_order":"","neve_meta_disable_header":"","neve_meta_disable_footer":"","neve_meta_disable_title":""},"product_brand":[],"product_cat":[22,23,26],"product_tag":[],"class_list":{"0":"post-689","1":"product","2":"type-product","3":"status-publish","4":"has-post-thumbnail","6":"product_cat-cursos","7":"product_cat-cursos-de-especializacion","8":"product_cat-hosteleria-y-turismo","10":"first","11":"instock","12":"sold-individually","13":"shipping-taxable","14":"purchasable","15":"product-type-simple"},"_links":{"self":[{"href":"https:\/\/camonclass.com\/tienda\/wp-json\/wp\/v2\/product\/689","targetHints":{"allow":["GET"]}}],"collection":[{"href":"https:\/\/camonclass.com\/tienda\/wp-json\/wp\/v2\/product"}],"about":[{"href":"https:\/\/camonclass.com\/tienda\/wp-json\/wp\/v2\/types\/product"}],"replies":[{"embeddable":true,"href":"https:\/\/camonclass.com\/tienda\/wp-json\/wp\/v2\/comments?post=689"}],"wp:featuredmedia":[{"embeddable":true,"href":"https:\/\/camonclass.com\/tienda\/wp-json\/wp\/v2\/media\/679"}],"wp:attachment":[{"href":"https:\/\/camonclass.com\/tienda\/wp-json\/wp\/v2\/media?parent=689"}],"wp:term":[{"taxonomy":"product_brand","embeddable":true,"href":"https:\/\/camonclass.com\/tienda\/wp-json\/wp\/v2\/product_brand?post=689"},{"taxonomy":"product_cat","embeddable":true,"href":"https:\/\/camonclass.com\/tienda\/wp-json\/wp\/v2\/product_cat?post=689"},{"taxonomy":"product_tag","embeddable":true,"href":"https:\/\/camonclass.com\/tienda\/wp-json\/wp\/v2\/product_tag?post=689"}],"curies":[{"name":"wp","href":"https:\/\/api.w.org\/{rel}","templated":true}]}}