{"id":690,"date":"2022-07-25T16:38:22","date_gmt":"2022-07-25T16:38:22","guid":{"rendered":"https:\/\/camonclass.vertice.org\/formacion\/promocion-y-comercializacion-de-productos-y-servicios-turisticos-locales\/"},"modified":"2022-07-25T16:38:22","modified_gmt":"2022-07-25T16:38:22","slug":"promocion-y-comercializacion-de-productos-y-servicios-turisticos-locales","status":"publish","type":"product","link":"https:\/\/camonclass.com\/tienda\/formacion\/promocion-y-comercializacion-de-productos-y-servicios-turisticos-locales\/","title":{"rendered":"Promoci\u00f3n y comercializaci\u00f3n de productos y servicios tur\u00edsticos locales"},"content":{"rendered":"<p><strong>UD1. Marketing Tur\u00edstico.<\/strong><UL>1.1. Justificaci\u00f3n de la necesidad del marketing en el marco del sector de hosteler\u00eda y turismo.<br \/>1.2. Marketing operacional y marketing mix en el sector de hosteler\u00eda y turismo.<br \/>1.3. Marketing vivencial sensorial o experiencial.<br \/>1.4. El proceso de segmentaci\u00f3n de mercados y definici\u00f3n de p\u00fablico objetivo.<br \/>1.5. Instrumentos de comunicaci\u00f3n seg\u00fan tipo de producto tur\u00edstico local: identidad corporativa marca publicidad publicaciones relaciones p\u00fablicas ferias tur\u00edsticas encuentros profesionales entre la oferta de productos tur\u00edsticos y organizadores de viajes y\/o medios de comunicaci\u00f3n especializados eventos dirigidos al consumidor final.<br \/>1.6. Planificaci\u00f3n control de acciones de comunicaci\u00f3n y organizaci\u00f3n de eventos promocionales.<br \/>1.7. Plan de marketing. Viabilidad y plan de ejecuci\u00f3n.<br \/>1.8. Normativa reguladora de la comercializaci\u00f3n de productos y marcas.<\/UL><\/p>\n<p><strong>UD2. Proyectos de Comercializaci\u00f3n de Productos y Servicios Tur\u00edsticos Locales.<\/strong><UL>2.1. Estrategias y canales de distribuci\u00f3n.<br \/>2.2. \u00c1mbitos geogr\u00e1ficos p\u00fablicos objetivos y acciones de comunicaci\u00f3n adecuadas a diferentes productos y servicios.<br \/>2.3. Instrumentos de comunicaci\u00f3n para la canalizaci\u00f3n de acciones y estimaci\u00f3n del grado de consecuci\u00f3n de los objetivos previstos con la utilizaci\u00f3n de cada uno de tales instrumentos.<br \/>2.4. Estimaci\u00f3n de los costes alcance y posibles resultados de las acciones definidas.<br \/>2.5. Instrumentos y variables que permitan evaluar el grado de eficacia de las acciones comerciales programadas en funci\u00f3n del p\u00fablico objetivo receptor y del coste previsto.<\/UL><\/p>\n<p><strong>UD3. El Sistema de Servucci\u00f3n en el Sector de Hosteler\u00eda y Turismo.<\/strong><UL>3.1. Elementos para una teor\u00eda de la servucci\u00f3n. Justificaci\u00f3n e importancia de su uso.<br \/>3.2. Peculiaridades de la aplicaci\u00f3n del sistema de servucci\u00f3n para la creaci\u00f3n y desarrollo de productos tur\u00edsticos locales.<\/UL><\/p>\n<p><strong>UD4. Utilizaci\u00f3n de las Tecnolog\u00edas de la Informaci\u00f3n para la Promoci\u00f3n del Destino y para la Creaci\u00f3n y Promoci\u00f3n de Productos Tur\u00edsticos del Entorno Local.<\/strong><UL>4.1. Webs y portales tur\u00edsticos. Tipolog\u00edas y funcionalidades.<br \/>4.2. Alojamiento y posicionamiento de las p\u00e1ginas en la Red. Buscadores.<br \/>4.3. Marketing y comercio electr\u00f3nico en el \u00e1mbito tur\u00edstico.<\/UL><\/p>\n","protected":false},"excerpt":{"rendered":"<ul>\n<li>Poner en pr\u00e1ctica y evaluar distintas estrategias de comercializaci\u00f3n de productos servicios y destinos tur\u00edsticos locales acordes con las caracter\u00edsticas de los recursos y servicios tur\u00edsticos del entorno.<\/li>\n<li>Analizar las aplicaciones del marketing de servicios y su importancia para la creaci\u00f3n y promoci\u00f3n de productos tur\u00edsticos del entorno local.<\/li>\n<\/ul>\n","protected":false},"featured_media":679,"comment_status":"open","ping_status":"closed","template":"","meta":{"neve_meta_sidebar":"","neve_meta_container":"","neve_meta_enable_content_width":"","neve_meta_content_width":0,"neve_meta_title_alignment":"","neve_meta_author_avatar":"","neve_post_elements_order":"","neve_meta_disable_header":"","neve_meta_disable_footer":"","neve_meta_disable_title":""},"product_brand":[],"product_cat":[22,23,26],"product_tag":[],"class_list":{"0":"post-690","1":"product","2":"type-product","3":"status-publish","4":"has-post-thumbnail","6":"product_cat-cursos","7":"product_cat-cursos-de-especializacion","8":"product_cat-hosteleria-y-turismo","10":"first","11":"instock","12":"sold-individually","13":"shipping-taxable","14":"purchasable","15":"product-type-simple"},"_links":{"self":[{"href":"https:\/\/camonclass.com\/tienda\/wp-json\/wp\/v2\/product\/690","targetHints":{"allow":["GET"]}}],"collection":[{"href":"https:\/\/camonclass.com\/tienda\/wp-json\/wp\/v2\/product"}],"about":[{"href":"https:\/\/camonclass.com\/tienda\/wp-json\/wp\/v2\/types\/product"}],"replies":[{"embeddable":true,"href":"https:\/\/camonclass.com\/tienda\/wp-json\/wp\/v2\/comments?post=690"}],"wp:featuredmedia":[{"embeddable":true,"href":"https:\/\/camonclass.com\/tienda\/wp-json\/wp\/v2\/media\/679"}],"wp:attachment":[{"href":"https:\/\/camonclass.com\/tienda\/wp-json\/wp\/v2\/media?parent=690"}],"wp:term":[{"taxonomy":"product_brand","embeddable":true,"href":"https:\/\/camonclass.com\/tienda\/wp-json\/wp\/v2\/product_brand?post=690"},{"taxonomy":"product_cat","embeddable":true,"href":"https:\/\/camonclass.com\/tienda\/wp-json\/wp\/v2\/product_cat?post=690"},{"taxonomy":"product_tag","embeddable":true,"href":"https:\/\/camonclass.com\/tienda\/wp-json\/wp\/v2\/product_tag?post=690"}],"curies":[{"name":"wp","href":"https:\/\/api.w.org\/{rel}","templated":true}]}}