{"id":691,"date":"2022-07-25T16:38:22","date_gmt":"2022-07-25T16:38:22","guid":{"rendered":"https:\/\/camonclass.vertice.org\/formacion\/procesos-economico-administrativos-en-agencias-de-viajes\/"},"modified":"2022-07-25T16:38:22","modified_gmt":"2022-07-25T16:38:22","slug":"procesos-economico-administrativos-en-agencias-de-viajes","status":"publish","type":"product","link":"https:\/\/camonclass.com\/tienda\/formacion\/procesos-economico-administrativos-en-agencias-de-viajes\/","title":{"rendered":"Procesos econ\u00f3mico-administrativos en agencias de viajes"},"content":{"rendered":"<p><strong>UD1. Facturaci\u00f3n en Restauraci\u00f3n.<\/strong><UL>1.1. Importancia de la facturaci\u00f3n como parte integrante del servicio.<br \/>1.2. Equipos b\u00e1sicos y otros medios para la facturaci\u00f3n: soportes inform\u00e1ticos.<br \/>1.3. Sistemas de cobro.<br \/>1.4. Aplicaci\u00f3n de los sistemas de cobro. Ventajas e inconvenientes.<br \/>1.5. La confecci\u00f3n de la factura y medios de apoyo.<br \/>1.6. Apertura consulta y cierre de caja.<br \/>1.7. Control administrativo del proceso de facturaci\u00f3n y cobro. Problemas que pueden surgir. Medidas a tomar.<\/UL><\/p>\n<p><strong>UD2. Cierres de Servicios en Restauraci\u00f3n.<\/strong><UL>2.1. El cierre de caja.<br \/>2.2. El diario de producci\u00f3n.<br \/>2.3. El arqueo y liquidaci\u00f3n de caja.<\/UL><\/p>\n<p><strong>UD3. Post-Servicio.<\/strong><UL>3.1. Mantenimiento y adecuaci\u00f3n de instalaciones equipos g\u00e9nero y materias primas para un posterior servicio.<br \/>3.2. Almacenamiento y reposici\u00f3n de g\u00e9neros. Rotaci\u00f3n de Stocks.<br \/>3.3. La limpieza del local mobiliario y equipos en el cierre.<\/UL><\/p>\n","protected":false},"excerpt":{"rendered":"<ul>\n<li>Aplicar los diferentes tipos de facturaci\u00f3n y sistemas de cobro analizando sus caracter\u00edsticas y las ventajas e inconvenientes de cada uno.<\/li>\n<li>Realizar el cierre diario de la producci\u00f3n y la liquidaci\u00f3n de caja.<\/li>\n<li>Describir y desarrollar procesos de cierre de restaurantes aplicando procedimientos habituales de trabajo.<\/li>\n<\/ul>\n","protected":false},"featured_media":679,"comment_status":"open","ping_status":"closed","template":"","meta":{"neve_meta_sidebar":"","neve_meta_container":"","neve_meta_enable_content_width":"","neve_meta_content_width":0,"neve_meta_title_alignment":"","neve_meta_author_avatar":"","neve_post_elements_order":"","neve_meta_disable_header":"","neve_meta_disable_footer":"","neve_meta_disable_title":""},"product_brand":[],"product_cat":[22,23,26],"product_tag":[],"class_list":{"0":"post-691","1":"product","2":"type-product","3":"status-publish","4":"has-post-thumbnail","6":"product_cat-cursos","7":"product_cat-cursos-de-especializacion","8":"product_cat-hosteleria-y-turismo","10":"first","11":"instock","12":"sold-individually","13":"shipping-taxable","14":"purchasable","15":"product-type-simple"},"_links":{"self":[{"href":"https:\/\/camonclass.com\/tienda\/wp-json\/wp\/v2\/product\/691","targetHints":{"allow":["GET"]}}],"collection":[{"href":"https:\/\/camonclass.com\/tienda\/wp-json\/wp\/v2\/product"}],"about":[{"href":"https:\/\/camonclass.com\/tienda\/wp-json\/wp\/v2\/types\/product"}],"replies":[{"embeddable":true,"href":"https:\/\/camonclass.com\/tienda\/wp-json\/wp\/v2\/comments?post=691"}],"wp:featuredmedia":[{"embeddable":true,"href":"https:\/\/camonclass.com\/tienda\/wp-json\/wp\/v2\/media\/679"}],"wp:attachment":[{"href":"https:\/\/camonclass.com\/tienda\/wp-json\/wp\/v2\/media?parent=691"}],"wp:term":[{"taxonomy":"product_brand","embeddable":true,"href":"https:\/\/camonclass.com\/tienda\/wp-json\/wp\/v2\/product_brand?post=691"},{"taxonomy":"product_cat","embeddable":true,"href":"https:\/\/camonclass.com\/tienda\/wp-json\/wp\/v2\/product_cat?post=691"},{"taxonomy":"product_tag","embeddable":true,"href":"https:\/\/camonclass.com\/tienda\/wp-json\/wp\/v2\/product_tag?post=691"}],"curies":[{"name":"wp","href":"https:\/\/api.w.org\/{rel}","templated":true}]}}