{"id":692,"date":"2022-07-25T16:38:23","date_gmt":"2022-07-25T16:38:23","guid":{"rendered":"https:\/\/camonclass.vertice.org\/formacion\/aprovisionamiento-control-de-costes-y-gestion-del-alojamiento-rural\/"},"modified":"2022-07-25T16:38:23","modified_gmt":"2022-07-25T16:38:23","slug":"aprovisionamiento-control-de-costes-y-gestion-del-alojamiento-rural","status":"publish","type":"product","link":"https:\/\/camonclass.com\/tienda\/formacion\/aprovisionamiento-control-de-costes-y-gestion-del-alojamiento-rural\/","title":{"rendered":"Aprovisionamiento, control de costes y gesti\u00f3n del alojamiento rural"},"content":{"rendered":"<p><strong>UD1. Compra aprovisionamiento y control de consumos y costes en alojamientos rurales.<\/strong><UL>1.1. Compra y aprovisionamiento.<br \/>1.2. Control de Consumos y costes.<br \/>1.3. Gastos relacionados con las materias primas y las preparaciones culinarias.<\/UL><\/p>\n<p><strong>UD2. Gesti\u00f3n econ\u00f3mica y administrativa de la actividad de alojamiento rural.<\/strong><UL>2.1. Gesti\u00f3n de la producci\u00f3n de los servicios.<br \/>2.2. Control fomento y desarrollo de los servicios ofrecidos.<br \/>2.3. Desarrollo de nuevos productos.<br \/>2.4. Opciones para influir en el precio de los recursos.<\/UL><\/p>\n<p><strong>UD3. Gesti\u00f3n del almac\u00e9n.<\/strong><UL>3.1. Sistema de recuento f\u00edsico de existencias.<br \/>3.2. Stock m\u00ednimo.<br \/>3.3. Stock M\u00e1ximo.<br \/>3.4. Adecuaci\u00f3n de los niveles de stock al Plan de Operaciones y Previsiones de actividad.<br \/>3.5. Valoraci\u00f3n econ\u00f3mica de las existencias.<\/UL><\/p>\n<p><strong>UD4. Gesti\u00f3n financiera y fiscal.<\/strong><UL>4.1. El equilibrio entre los gastos y los ingresos.<br \/>4.2. El control del endeudamiento con terceros.y en especial con las entidades financieras.<br \/>4.3. El control de los gastos financieros (negociaci\u00f3n de pr\u00e9stamos).<br \/>4.4. La optimizaci\u00f3n de ingresos financieros derivados de inversiones.<br \/>4.5. La actualizaci\u00f3n y veracidad del registro contable de la actividad que se realiza.<br \/>4.6. Los Balances de situaci\u00f3n (activo que se tiene y lo que se debe).<br \/>4.7. Tributos tasas e impuestos que se deben de pagar a las diferentes Administraciones P\u00fablicas.<\/UL><\/p>\n<p><strong>UD5. Estimaci\u00f3n de ofertas de alojamiento y gastron\u00f3micas propias de alojamientos rurales.<\/strong><UL>5.1. Ofertas de alojamiento.<br \/>5.2. Ofertas gastron\u00f3micas.<\/UL><\/p>\n<p><strong>UD6. Aplicaciones inform\u00e1ticas para la gesti\u00f3n del alojamiento rural.<\/strong><UL>6.1. Elecci\u00f3n y adquisici\u00f3n de elementos inform\u00e1ticos.<br \/>6.2. Adquisici\u00f3n del equipo inform\u00e1tico.<br \/>6.3. Elecci\u00f3n de programas de gesti\u00f3n necesarios.<br \/>6.4. Adquisici\u00f3n legal de los programas.<br \/>6.5. Programas espec\u00edficos para la gesti\u00f3n administrativa contable del alojamiento rural.<\/UL><\/p>\n","protected":false},"excerpt":{"rendered":"<ul>\n<li>Comparar y aplicar t\u00e9cnicas para la compra de mobiliario y equipos y para el aprovisionamiento y control de consumos de mercanc\u00edas que resulten necesarios para la puesta en marcha de alojamientos rurales y para cubrir las exigencias derivadas de su explotaci\u00f3n <\/li>\n<li>Estimar posibles precios de ofertas de alojamiento y gastron\u00f3micas propias de alojamientos rurales, de acuerdo con planes de negocio <\/li>\n<li>Aplicar los sistemas y procesos de gesti\u00f3n y control necesarios para el ejercicio de la actividad de alojamiento rural <\/li>\n<li>Distinguir y utilizar los equipos y programas inform\u00e1ticos que pueden ser necesarios para la gesti\u00f3n y control administrativo contable del alojamiento rural <\/li>\n<\/ul>\n","protected":false},"featured_media":679,"comment_status":"open","ping_status":"closed","template":"","meta":{"neve_meta_sidebar":"","neve_meta_container":"","neve_meta_enable_content_width":"","neve_meta_content_width":0,"neve_meta_title_alignment":"","neve_meta_author_avatar":"","neve_post_elements_order":"","neve_meta_disable_header":"","neve_meta_disable_footer":"","neve_meta_disable_title":""},"product_brand":[],"product_cat":[22,23,26],"product_tag":[],"class_list":{"0":"post-692","1":"product","2":"type-product","3":"status-publish","4":"has-post-thumbnail","6":"product_cat-cursos","7":"product_cat-cursos-de-especializacion","8":"product_cat-hosteleria-y-turismo","10":"first","11":"instock","12":"sold-individually","13":"shipping-taxable","14":"purchasable","15":"product-type-simple"},"_links":{"self":[{"href":"https:\/\/camonclass.com\/tienda\/wp-json\/wp\/v2\/product\/692","targetHints":{"allow":["GET"]}}],"collection":[{"href":"https:\/\/camonclass.com\/tienda\/wp-json\/wp\/v2\/product"}],"about":[{"href":"https:\/\/camonclass.com\/tienda\/wp-json\/wp\/v2\/types\/product"}],"replies":[{"embeddable":true,"href":"https:\/\/camonclass.com\/tienda\/wp-json\/wp\/v2\/comments?post=692"}],"wp:featuredmedia":[{"embeddable":true,"href":"https:\/\/camonclass.com\/tienda\/wp-json\/wp\/v2\/media\/679"}],"wp:attachment":[{"href":"https:\/\/camonclass.com\/tienda\/wp-json\/wp\/v2\/media?parent=692"}],"wp:term":[{"taxonomy":"product_brand","embeddable":true,"href":"https:\/\/camonclass.com\/tienda\/wp-json\/wp\/v2\/product_brand?post=692"},{"taxonomy":"product_cat","embeddable":true,"href":"https:\/\/camonclass.com\/tienda\/wp-json\/wp\/v2\/product_cat?post=692"},{"taxonomy":"product_tag","embeddable":true,"href":"https:\/\/camonclass.com\/tienda\/wp-json\/wp\/v2\/product_tag?post=692"}],"curies":[{"name":"wp","href":"https:\/\/api.w.org\/{rel}","templated":true}]}}