{"id":693,"date":"2022-07-25T16:38:23","date_gmt":"2022-07-25T16:38:23","guid":{"rendered":"https:\/\/camonclass.vertice.org\/formacion\/promocion-y-comercializacion-del-alojamiento-rural\/"},"modified":"2022-07-25T16:38:23","modified_gmt":"2022-07-25T16:38:23","slug":"promocion-y-comercializacion-del-alojamiento-rural","status":"publish","type":"product","link":"https:\/\/camonclass.com\/tienda\/formacion\/promocion-y-comercializacion-del-alojamiento-rural\/","title":{"rendered":"Promoci\u00f3n y comercializaci\u00f3n del alojamiento rural"},"content":{"rendered":"<p><strong>UD1. Gesti\u00f3n comercial.<\/strong><UL>1.1. Criterios b\u00e1sicos para una buena gesti\u00f3n comercial.<br \/>1.2. Gesti\u00f3n de pol\u00edticas comerciales.<\/UL><\/p>\n<p><strong>UD2. Comercializaci\u00f3n del servicio de alojamiento rural.<\/strong><UL>2.1. La oferta tur\u00edstica como servicio.<br \/>2.2. El Plan de Mercadotecnia. (Marketing).<br \/>2.3. La mercadotecnia mixta o conjunta (Marketing mix).<br \/>2.4. Comunicaci\u00f3n y divulgaci\u00f3n de la oferta del servicio.<\/UL><\/p>\n<p><strong>UD3. Aplicaciones inform\u00e1ticas en la promoci\u00f3n y comercializaci\u00f3n del alojamiento rural.<\/strong><UL>3.1. Medios de informaci\u00f3n y difusi\u00f3n.<br \/>3.2. Contenidos de las p\u00e1ginas Web del alojamiento rural.<\/UL><\/p>\n","protected":false},"excerpt":{"rendered":"<ul>\n<li>Aplicar t\u00e9cnicas comerciales, de promoci\u00f3n de ventas y de negociaci\u00f3n, adecuadas a los alojamientos rurales, estimando su importancia para el logro de los objetivos empresariales <\/li>\n<li>Distinguir y utilizar los equipos y programas inform\u00e1ticos que pueden ser necesarios para la promoci\u00f3n y comercializaci\u00f3n de los alojamientos rurales<\/li>\n<\/ul>\n","protected":false},"featured_media":679,"comment_status":"open","ping_status":"closed","template":"","meta":{"neve_meta_sidebar":"","neve_meta_container":"","neve_meta_enable_content_width":"","neve_meta_content_width":0,"neve_meta_title_alignment":"","neve_meta_author_avatar":"","neve_post_elements_order":"","neve_meta_disable_header":"","neve_meta_disable_footer":"","neve_meta_disable_title":""},"product_brand":[],"product_cat":[22,23,26],"product_tag":[],"class_list":{"0":"post-693","1":"product","2":"type-product","3":"status-publish","4":"has-post-thumbnail","6":"product_cat-cursos","7":"product_cat-cursos-de-especializacion","8":"product_cat-hosteleria-y-turismo","10":"first","11":"instock","12":"sold-individually","13":"shipping-taxable","14":"purchasable","15":"product-type-simple"},"_links":{"self":[{"href":"https:\/\/camonclass.com\/tienda\/wp-json\/wp\/v2\/product\/693","targetHints":{"allow":["GET"]}}],"collection":[{"href":"https:\/\/camonclass.com\/tienda\/wp-json\/wp\/v2\/product"}],"about":[{"href":"https:\/\/camonclass.com\/tienda\/wp-json\/wp\/v2\/types\/product"}],"replies":[{"embeddable":true,"href":"https:\/\/camonclass.com\/tienda\/wp-json\/wp\/v2\/comments?post=693"}],"wp:featuredmedia":[{"embeddable":true,"href":"https:\/\/camonclass.com\/tienda\/wp-json\/wp\/v2\/media\/679"}],"wp:attachment":[{"href":"https:\/\/camonclass.com\/tienda\/wp-json\/wp\/v2\/media?parent=693"}],"wp:term":[{"taxonomy":"product_brand","embeddable":true,"href":"https:\/\/camonclass.com\/tienda\/wp-json\/wp\/v2\/product_brand?post=693"},{"taxonomy":"product_cat","embeddable":true,"href":"https:\/\/camonclass.com\/tienda\/wp-json\/wp\/v2\/product_cat?post=693"},{"taxonomy":"product_tag","embeddable":true,"href":"https:\/\/camonclass.com\/tienda\/wp-json\/wp\/v2\/product_tag?post=693"}],"curies":[{"name":"wp","href":"https:\/\/api.w.org\/{rel}","templated":true}]}}