{"id":710,"date":"2022-07-25T16:38:26","date_gmt":"2022-07-25T16:38:26","guid":{"rendered":"https:\/\/camonclass.vertice.org\/formacion\/lengua-extranjera-profesional-para-servicios-de-restauracion-ingles\/"},"modified":"2022-07-25T16:38:26","modified_gmt":"2022-07-25T16:38:26","slug":"lengua-extranjera-profesional-para-servicios-de-restauracion-ingles","status":"publish","type":"product","link":"https:\/\/camonclass.com\/tienda\/formacion\/lengua-extranjera-profesional-para-servicios-de-restauracion-ingles\/","title":{"rendered":"Lengua extranjera profesional para servicios de restauraci\u00f3n (Ingl\u00e9s)"},"content":{"rendered":"<p><strong>UD1. Prestaci\u00f3n de informaci\u00f3n gastron\u00f3mica y documental en lengua extranjera.<\/strong><UL>1.1. Interpretaci\u00f3n y traducci\u00f3n de men\u00fas cartas y recetas.<br \/>1.2. Elaboraci\u00f3n de listas distribuci\u00f3n de comensales en un evento o servicio especial de restauraci\u00f3n.<br \/>1.3. Confecci\u00f3n de horarios del establecimiento.<br \/>1.4. Informaci\u00f3n b\u00e1sica sobre eventos en restauraci\u00f3n como fecha lugar y precio.<br \/>1.5. Atenci\u00f3n de demandas de informaci\u00f3n sobre la oferta gastron\u00f3mica bebidas y precios de las mismas.<br \/>1.6. Redacci\u00f3n de documentos y comunicaciones sencillas para la gesti\u00f3n y promoci\u00f3n del establecimiento.<br \/>1.7. Redacci\u00f3n de documentos y comunicaciones sencillas para las comandas indicaciones y horarios.<br \/>1.8. Consulta de un manual sencillo de maquinaria equipamiento o utensilio de la actividad de restauraci\u00f3n y de aplicaci\u00f3n inform\u00e1tica.<\/UL><\/p>\n<p><strong>UD2. Atenci\u00f3n al cliente en lengua extranjera en el servicio de restauraci\u00f3n.<\/strong><UL>2.1. Terminolog\u00eda espec\u00edfica en las relaciones con los clientes.<br \/>2.2. Presentaci\u00f3n personal (dar informaci\u00f3n de uno mismo).<br \/>2.3. Usos y estructuras habituales en la atenci\u00f3n al cliente o consumidor: saludos presentaciones f\u00f3rmulas de cortes\u00eda despedida.<br \/>2.4. Tratamiento de reclamaciones o quejas de los clientes o consumidores: situaciones habituales en las reclamaciones y quejas de clientes.<br \/>2.5. Simulaci\u00f3n de situaciones de atenci\u00f3n al cliente en el restaurante y resoluci\u00f3n de reclamaciones con fluidez y naturalidad.<br \/>2.6. Asesoramiento sobre bebidas y armon\u00eda con los platos.<br \/>2.7. Informaci\u00f3n de sistemas de facturaci\u00f3n y cobro. Las cuentas.<br \/>2.8. Atenci\u00f3n de solicitudes de informaci\u00f3n reservas y pedidos.<br \/>2.9. Atenci\u00f3n de demandas de informaci\u00f3n variada sobre el entorno.<\/UL><\/p>\n<p><strong>UD3. Expresi\u00f3n oral y escrita de la terminolog\u00eda espec\u00edfica del restaurante.<\/strong><UL>3.1. Manejo de la terminolog\u00eda de las principales bebidas en lengua extranjera.<br \/>3.2. Uso y manejo de las expresiones m\u00e1s frecuentes en restauraci\u00f3n.<br \/>3.3. Conocimiento y utilizaci\u00f3n de las principales bebidas en lengua extranjera.<br \/>3.4. Elaboraci\u00f3n de listados y di\u00e1logos sobre los principales pescados mariscos y carnes en lengua extranjera.<br \/>3.5. Conocimiento y utilizaci\u00f3n de las principales verduras legumbres y frutas en lengua extranjera.<br \/>3.6. Elaboraci\u00f3n de listados y di\u00e1logos en lengua extranjera de las especias y frutos secos principales.<br \/>3.7. Elaboraci\u00f3n de listados y di\u00e1logos en lengua extranjera con los elementos del menaje y utensilios de restauraci\u00f3n.<br \/>3.8. Interpretaci\u00f3n de las medidas y pesos en lengua extranjera.<br \/>3.9. Elaboraci\u00f3n y uso en di\u00e1logos en lengua extranjera de los profesionales que integran la rama y sus departamentos.<\/UL><\/p>\n","protected":false},"excerpt":{"rendered":"<ul>\n<li>Una vez finalizado el M\u00f3dulo el alumno ser\u00e1 capaz de comunicarse en una lengua extranjera con un nivel de usuario independiente en los servicios de restauraci\u00f3n.<\/li>\n<li>En concreto el alumno ser\u00e1 capaz de: Comprender informaci\u00f3n oral sencilla en una lengua extranjera en el \u00e1mbito de la actividad de restauraci\u00f3n con el objeto de atender las peticiones de los clientes.<\/li>\n<li>Extraer informaci\u00f3n de documentos breves y sencillos escritos en una lengua extranjera en el \u00e1mbito de la actividad de restauraci\u00f3n para obtener informaci\u00f3n procesarla y llevar a cabo las acciones oportunas.<\/li>\n<li>Producir mensajes orales sencillos en una lengua extranjera en situaciones habituales de la actividad de restauraci\u00f3n con el objeto de mejorar la prestaci\u00f3n del servicio y materializar las ventas.<\/li>\n<\/ul>\n","protected":false},"featured_media":679,"comment_status":"open","ping_status":"closed","template":"","meta":{"neve_meta_sidebar":"","neve_meta_container":"","neve_meta_enable_content_width":"","neve_meta_content_width":0,"neve_meta_title_alignment":"","neve_meta_author_avatar":"","neve_post_elements_order":"","neve_meta_disable_header":"","neve_meta_disable_footer":"","neve_meta_disable_title":""},"product_brand":[],"product_cat":[22,23,26],"product_tag":[],"class_list":{"0":"post-710","1":"product","2":"type-product","3":"status-publish","4":"has-post-thumbnail","6":"product_cat-cursos","7":"product_cat-cursos-de-especializacion","8":"product_cat-hosteleria-y-turismo","10":"first","11":"instock","12":"sold-individually","13":"shipping-taxable","14":"purchasable","15":"product-type-simple"},"_links":{"self":[{"href":"https:\/\/camonclass.com\/tienda\/wp-json\/wp\/v2\/product\/710","targetHints":{"allow":["GET"]}}],"collection":[{"href":"https:\/\/camonclass.com\/tienda\/wp-json\/wp\/v2\/product"}],"about":[{"href":"https:\/\/camonclass.com\/tienda\/wp-json\/wp\/v2\/types\/product"}],"replies":[{"embeddable":true,"href":"https:\/\/camonclass.com\/tienda\/wp-json\/wp\/v2\/comments?post=710"}],"wp:featuredmedia":[{"embeddable":true,"href":"https:\/\/camonclass.com\/tienda\/wp-json\/wp\/v2\/media\/679"}],"wp:attachment":[{"href":"https:\/\/camonclass.com\/tienda\/wp-json\/wp\/v2\/media?parent=710"}],"wp:term":[{"taxonomy":"product_brand","embeddable":true,"href":"https:\/\/camonclass.com\/tienda\/wp-json\/wp\/v2\/product_brand?post=710"},{"taxonomy":"product_cat","embeddable":true,"href":"https:\/\/camonclass.com\/tienda\/wp-json\/wp\/v2\/product_cat?post=710"},{"taxonomy":"product_tag","embeddable":true,"href":"https:\/\/camonclass.com\/tienda\/wp-json\/wp\/v2\/product_tag?post=710"}],"curies":[{"name":"wp","href":"https:\/\/api.w.org\/{rel}","templated":true}]}}