{"id":716,"date":"2022-07-25T16:38:27","date_gmt":"2022-07-25T16:38:27","guid":{"rendered":"https:\/\/camonclass.vertice.org\/formacion\/ingles-para-hosteleria\/"},"modified":"2022-07-25T16:38:27","modified_gmt":"2022-07-25T16:38:27","slug":"ingles-para-hosteleria","status":"publish","type":"product","link":"https:\/\/camonclass.com\/tienda\/formacion\/ingles-para-hosteleria\/","title":{"rendered":"Ingl\u00e9s para Hosteler\u00eda"},"content":{"rendered":"<p><strong>UD1. Receiving clients, welcoming and seating \/ Recibir, dar la bienvenida y situar a nuestros clientes.<\/strong><UL>1.1. Useful expressions and vocabulary \/ Vocabulario y expresiones \u00fatiles.<br \/>1.2. Grammar points \/ Puntos gramaticales.<br \/>1.3. Practice in context \/ Pr\u00e1ctica en su Contexto.<br \/>1.4. Exercises Unit 1 \/ Ejercicios Tema 1.<\/UL><\/p>\n<p><strong>UD2. Presenting information, advising and recommending\/ Presentar informaci\u00f3n, aconsejar y recomendar.<\/strong><UL>2.1. Useful expressions and vocabulary \/ Vocabulario y expresiones \u00fatiles.<br \/>2.2. Grammar points \/ Puntos gramaticales.<br \/>2.3. Practice in context \/ Pr\u00e1ctica en su Contexto.<br \/>2.4. Exercises Unit 2 \/ Ejercicios Tema 2.<\/UL><\/p>\n<p><strong>UD3. Explaining and instructing: explaining dishes and drinks \/ Explicaciones e instrucciones: preparaci\u00f3n de platos y bebidas.<\/strong><UL>3.1. Useful expressions and vocabulary \/ Vocabulario y expresiones \u00fatiles.<br \/>3.2. Grammar points \/ Puntos gramaticales.<br \/>3.3. Practice in context \/ Pr\u00e1ctica en su Contexto.<br \/>3.4. Exercises Unit 3 \/ Ejercicios Tema 3.<\/UL><\/p>\n<p><strong>UD4. Taking orders \/ Tomar la comanda aperitifs \/ aperitivos.<\/strong><UL>4.1. Useful expressions and vocabulary \/ Vocabulario y expresiones \u00fatiles.<br \/>4.2. Grammar points \/ Puntos gramaticales.<br \/>4.3. Practice in context \/ Pr\u00e1ctica en su Contexto.<br \/>4.4. Exercises Unit 4 \/ Ejercicios Tema 4.<\/UL><\/p>\n<p><strong>UD5. Taking orders \/ Tomar la comanda starters \/ entradas.<\/strong><UL>5.1. Useful expressions and vocabulary \/ Vocabulario y expresiones \u00fatiles.<br \/>5.2. Grammar points \/ Puntos gramaticales.<br \/>5.3. Practice in context \/ Pr\u00e1ctica en su contexto.<br \/>5.4. Exercises Unit 5 \/ Ejercicios Tema 5.<\/UL><\/p>\n<p><strong>UD6. Taking orders \/ Tomar la comanda main courses \/ platos principales.<\/strong><UL>6.1. Useful expressions and vocabulary \/ Vocabulario y expresiones \u00fatiles.<br \/>6.2. Grammar points \/ Puntos gramaticales.<br \/>6.3. Practice in context \/ Pr\u00e1ctica en su Contexto.<br \/>6.4. Exercises Unit 6 \/ Ejercicios Tema 6.<\/UL><\/p>\n<p><strong>UD7. Taking orders \/ Tomar la comanda desserts \/ postres.<\/strong><UL>7.1. Useful expressions and vocabulary \/ Vocabulario y expresiones \u00fatiles.<br \/>7.2. Grammar points \/ Puntos gramaticales.<br \/>7.3. Practice in context \/ Pr\u00e1ctica en su Contexto.<br \/>7.4. Exercises Unit 7 \/ Ejercicios Tema 7.<\/UL><\/p>\n<p><strong>UD8. Taking orders \/ Tomar la comanda table drinks \/ bebidas.<\/strong><UL>8.1. Useful expressions and vocabulary \/Vocabulario y expresiones \u00fatiles.<br \/>8.2. Grammar points \/ Puntos gramaticales.<br \/>8.3. Practice in context \/ Pr\u00e1ctica en su Contexto.<br \/>8.4. Exercises unit 8 \/ Ejercicios Tema 8.<\/UL><\/p>\n<p><strong>UD9. Money matters \/ El cobro y el pago.<\/strong><UL>9.1. Useful expressions and vocabulary \/ Vocabulario y expresiones \u00fatiles.<br \/>9.2. Grammar points \/ Puntos gramaticales.<br \/>9.3. Practice in context \/ Pr\u00e1ctica en su Contexto.<br \/>9.4. Exercises Unit 9 \/ Ejercicios Tema 9.<\/UL><\/p>\n<p><strong>UD10. Farewells-customers are leaving \/ despedidas.<\/strong><UL>10.1. Useful expressions and vocabulary \/ Vocabulario y expresiones \u00fatiles.<br \/>10.2. Grammar points \/ Puntos gramaticales.<br \/>10.3. Practice in context \/ Pr\u00e1ctica en su Contexto.<br \/>10.4. Exercises unit 10 \/ Ejercicios Tema 10.<\/UL><\/p>\n<p><strong>UD11. Taking phone calls. Reservations \/ recibir llamadas telef\u00f3nicas. Reservas.<\/strong><UL>11.1. Useful expressions and vocabulary \/ Vocabulario y expresiones \u00fatiles.<br \/>11.2. Grammar points \/ Puntos gramaticales.<br \/>11.3. Practice in context \/ Pr\u00e1ctica en su Contexto.<br \/>11.4. Exercises unit 11 \/ Ejercicios Tema 11.<\/UL><\/p>\n<p><strong>UD12. Giving directions: indoors and outside. \/ direcciones: en el interior y en el exterior del establecimiento.<\/strong><UL>12.1. Useful expressions and vocabulary \/ Vocabulario y expresiones \u00fatiles.<br \/>12.2. Grammar points \/ Puntos gramaticales.<br \/>12.3. Practice in context \/ Pr\u00e1ctica en su Contexto.<br \/>12.4. Exercises unit 12 \/ Ejercicios Tema 12.<\/UL><\/p>\n<p><strong>UD13. Menus, leaflets, letters and faxes \/ men\u00fas, folletos, cartas y faxes.<\/strong><UL>13.1. Useful expressions and vocabulary \/ Vocabulario y expresiones \u00fatiles.<br \/>13.2. Grammar points \/ Puntos gramaticales.<br \/>13.3. Practice in context \/ Pr\u00e1ctica en su Contexto.<br \/>13.4. Exercises Unit 13 \/ Ejercicios Tema 13.<\/UL><\/p>\n<p><strong>UD14. Complaints and apologies \/ Reclamaciones y disculpas.<\/strong><UL>14.1. Useful expressions and vocabulary \/ Vocabulario y expresiones \u00fatiles.<br \/>14.2. Grammar points \/ Puntos gramaticales.<br \/>14.3. Practice in context \/ Pr\u00e1ctica en su Contexto.<br \/>14.4. Exercises Unit 14 \/ Ejercicios Tema 14.<\/UL><\/p>\n","protected":false},"excerpt":{"rendered":"<p>Objetivos generales:<\/p>\n<ul>\n<li>Dotar a los trabajadores de la formaci\u00f3n necesaria que les capacite y prepare para desarrollar competencias y cualificaciones en puestos de trabajo que conlleven responsabilidades, por un lado de programaci\u00f3n con el fin de que los trabajadores adquieran los conocimientos necesarios para realizar una correcta y adecuada organizaci\u00f3n del trabajo y por otro lado, de direcci\u00f3n, ya que los encargados de organizar el trabajo deben tener una correcta formaci\u00f3n en la materia con el fin de maximizar los recursos, tanto materiales como humanos, de que dispone la empresa.<\/li>\n<li>Proporcionar los conocimientos del idioma ingl\u00e9s necesarios para que los trabajadores se desarrollen su puesto de trabajo y les posibilite promocionarse dentro de su empresa.<\/li>\n<li>Facilitar a los participantes un conocimiento de la gram\u00e1tica inglesa y del vocabulario espec\u00edfico de la hosteler\u00eda, que les permita la correcta utilizaci\u00f3n de este idioma en cualquier circunstancia que se pueda plantear en el \u00e1mbito comercial, y as\u00ed conseguir maximizar la satisfacci\u00f3n del consumidor.<\/li>\n<li>Adaptar la cualificaci\u00f3n de los trabajadores a los cambios que el nuevo marco de la uni\u00f3n europea establece, en el que el conocimiento del idioma ingl\u00e9s es fundamental como moneda de cambio en la comunicaci\u00f3n entre pa\u00edses.<\/li>\n<\/ul>\n<p>Objetivos espec\u00edficos:<\/p>\n<ul>\n<li>Dotar a los alumnos con el conocimiento del vocabulario espec\u00edfico del sector de hosteler\u00eda y la gram\u00e1tica b\u00e1sica de la lengua inglesa, que les permitan resolver situaciones laborales en este idioma.<\/li>\n<li>Capacitar al trabajador para dar la bienvenida, situar a los clientes extranjeros, as\u00ed como para realizar recomendaciones en idioma ingl\u00e9s y despedirles.<\/li>\n<li>Cualificar a los alumnos para la realizaci\u00f3n de men\u00fas, folletos y para la adecuada anotaci\u00f3n de los pedidos que realicen los clientes.<\/li>\n<li>Formar a los alumnos para que den un adecuado trato al cliente en idioma ingl\u00e9s, para que puedan atender y solucionar sus posibles reclamaciones, y para que puedan pedir disculpas con las f\u00f3rmulas adecuadas.<\/li>\n<li>Capacitar a los participantes para la realizaci\u00f3n de reservas por v\u00eda telef\u00f3nica en idioma ingl\u00e9s y facilitarles las f\u00f3rmulas adecuadas para realizar gestiones de cobro y pago en este idioma.<\/li>\n<\/ul>\n","protected":false},"featured_media":715,"comment_status":"open","ping_status":"closed","template":"","meta":{"neve_meta_sidebar":"","neve_meta_container":"","neve_meta_enable_content_width":"","neve_meta_content_width":0,"neve_meta_title_alignment":"","neve_meta_author_avatar":"","neve_post_elements_order":"","neve_meta_disable_header":"","neve_meta_disable_footer":"","neve_meta_disable_title":""},"product_brand":[],"product_cat":[22,23,27],"product_tag":[],"class_list":{"0":"post-716","1":"product","2":"type-product","3":"status-publish","4":"has-post-thumbnail","6":"product_cat-cursos","7":"product_cat-cursos-de-especializacion","8":"product_cat-idiomas","10":"first","11":"instock","12":"sold-individually","13":"shipping-taxable","14":"purchasable","15":"product-type-simple"},"_links":{"self":[{"href":"https:\/\/camonclass.com\/tienda\/wp-json\/wp\/v2\/product\/716","targetHints":{"allow":["GET"]}}],"collection":[{"href":"https:\/\/camonclass.com\/tienda\/wp-json\/wp\/v2\/product"}],"about":[{"href":"https:\/\/camonclass.com\/tienda\/wp-json\/wp\/v2\/types\/product"}],"replies":[{"embeddable":true,"href":"https:\/\/camonclass.com\/tienda\/wp-json\/wp\/v2\/comments?post=716"}],"wp:featuredmedia":[{"embeddable":true,"href":"https:\/\/camonclass.com\/tienda\/wp-json\/wp\/v2\/media\/715"}],"wp:attachment":[{"href":"https:\/\/camonclass.com\/tienda\/wp-json\/wp\/v2\/media?parent=716"}],"wp:term":[{"taxonomy":"product_brand","embeddable":true,"href":"https:\/\/camonclass.com\/tienda\/wp-json\/wp\/v2\/product_brand?post=716"},{"taxonomy":"product_cat","embeddable":true,"href":"https:\/\/camonclass.com\/tienda\/wp-json\/wp\/v2\/product_cat?post=716"},{"taxonomy":"product_tag","embeddable":true,"href":"https:\/\/camonclass.com\/tienda\/wp-json\/wp\/v2\/product_tag?post=716"}],"curies":[{"name":"wp","href":"https:\/\/api.w.org\/{rel}","templated":true}]}}