{"id":719,"date":"2022-07-25T16:38:27","date_gmt":"2022-07-25T16:38:27","guid":{"rendered":"https:\/\/camonclass.vertice.org\/formacion\/ingles-preparacion-de-examen-a1\/"},"modified":"2022-07-25T16:38:27","modified_gmt":"2022-07-25T16:38:27","slug":"ingles-preparacion-de-examen-a1","status":"publish","type":"product","link":"https:\/\/camonclass.com\/tienda\/formacion\/ingles-preparacion-de-examen-a1\/","title":{"rendered":"INGL\u00c9S. PREPARACI\u00d3N DE EXAMEN A1"},"content":{"rendered":"<p><strong>UD1. Haciendo nuevos amigos (making new friends).<\/strong><UL>1.1. What\u00b4s your name?.<br \/>1.2. Where are you from?.<br \/>1.3. How old are you?.<br \/>1.4. People and things.<\/UL><\/p>\n<p><strong>UD2. Obteniendo informaci\u00f3n (getting information).<\/strong><UL>2.1. She\u00b4s spanish.<br \/>2.2. Are you married?.<br \/>2.3. Personal details.<br \/>2.4. Where are things?.<\/UL><\/p>\n<p><strong>UD3. Mi familia (my family).<\/strong><UL>3.1. Introducing my family.<br \/>3.2. Christmas together.<br \/>3.3. Whose is this?.<br \/>3.4. Festivals.<\/UL><\/p>\n<p><strong>UD4. Descripciones (descriptions).<\/strong><UL>4.1. Do you want the hamburger big or small?.<br \/>4.2. I live in spain.<br \/>4.3. What do you do in your free time?.<br \/>4.4. What\u00b4s this?.<\/UL><\/p>\n<p><strong>UD5. \u00bfC\u00f3mo es ella? (what is she like?).<\/strong><UL>5.1. I love her eyes.<br \/>5.2. He is too shy.<br \/>5.3. My friend likes sports a lot.<br \/>5.4. Meeting my neighbour.<\/UL><\/p>\n<p><strong>UD6. Un d\u00eda en el trabajo (a day at work).<\/strong><UL>6.1. What do you do?.<br \/>6.2. An important meeting.<br \/>6.3. Where does your mother work?.<br \/>6.4. Your ideal job.<\/UL><\/p>\n<p><strong>UD7. De compras (going shopping).<\/strong><UL>7.1. At the grocer\u00b4s.<br \/>7.2. Can i pay with credit card?.<br \/>7.3. Would you like to try it on?.<br \/>7.4. Can i help you?.<\/UL><\/p>\n<p><strong>UD8. Me encanta la ropa (i love clothes).<\/strong><UL>8.1. What are you wearing tonight?.<br \/>8.2. Special occasions.<br \/>8.3. I like them!.<br \/>8.4. It fits you lovely!.<\/UL><\/p>\n<p><strong>UD9. \u00bfQu\u00e9 puedo comer? (what can i eat?).<\/strong><UL>9.1. Shall we eat out today?.<br \/>9.2. I like fish!.<br \/>9.3. Explaining a recipe.<br \/>9.4. Make a reservation.<\/UL><\/p>\n<p><strong>UD10. Todo sobre las casas (all about houses).<\/strong><UL>10.1. I live in a flat.<br \/>10.2. Buying new furniture.<br \/>10.3. My brother has three pets.<br \/>10.4. We need a plumber urgently.<\/UL><\/p>\n<p><strong>UD11. Vida diaria (daily life).<\/strong><UL>11.1. What time do you have lunch?.<br \/>11.2. What time is it?.<br \/>11.3. I go to gym twice a week.<br \/>11.4. Today is my birthday.<\/UL><\/p>\n<p><strong>UD12. Vamos al colegio (let\u00b4s go to school).<\/strong><UL>12.1. My favourite subject is.<br \/>12.2. Strike!.<br \/>12.3. Going on a excursion.<br \/>12.4. My class.<\/UL><\/p>\n<p><strong>UD13. Mis mejores vacaciones (my best holidays).<\/strong><UL>13.1. By plane.<br \/>13.2. What a hotel?.<br \/>13.3. Planning our holidays.<br \/>13.4. Don\u00b4t forget your passport.<\/UL><\/p>\n<p><strong>UD14. \u00bfCu\u00e1les son tus aficiones? (what are your hobbies?).<\/strong><UL>14.1. Tonight is the final!.<br \/>14.2. What are you interested in?.<br \/>14.3. Shall we go to the theatre?.<br \/>14.4. I don\u00b4t like jazz.<\/UL><\/p>\n<p><strong>UD15. \u00a1Me encuentro mal! (i feel ill!).<\/strong><UL>15.1. Parts of the body.<br \/>15.2. What a headache!.<br \/>15.3. How is your mother?.<br \/>15.4. Having a relaxing bath.<\/UL><\/p>\n<p><strong>UD16. Mi futuro (my future).<\/strong><UL>16.1. My new life at university.<br \/>16.2. Difficult exams!.<br \/>16.3. Finding my way.<br \/>16.4. My future plans.<\/UL><\/p>\n<p><strong>UD17. \u00bfQui\u00e9n es? (who is speaking?).<\/strong><UL>17.1. Making a phone call.<br \/>17.2. I can\u00b4t live without my mobile phone!.<br \/>17.3. The phone is ringing!.<br \/>17.4. On the phone.<\/UL><\/p>\n<p><strong>UD18. Experiencias (experiences).<\/strong><UL>18.1. I\u00b4ve just arrived from new york.<br \/>18.2. A dangerous day.<br \/>18.3. Wild animals.<br \/>18.4. What an embarrassing situation!.<\/UL><\/p>\n<p><strong>UD19. \u00bfQu\u00e9 pa\u00edses has visitado? (what countries have you visited?).<\/strong><UL>19.1. What is the weather like in london?.<br \/>19.2. What is the capital of?.<br \/>19.3. Visiting new countries.<br \/>19.4. What nationality are you?.<\/UL><\/p>\n<p><strong>UD20. Vida moderna (modern life).<\/strong><UL>20.1. I need a new computer.<br \/>20.2. What\u00b4s on tv tonight?.<br \/>20.3. I am listening to the radio.<br \/>20.4. She is always working.<\/UL><\/p>\n","protected":false},"excerpt":{"rendered":"<ul>\n<li>Comprender el sentido general, los puntos principales e informaci\u00f3n espec\u00edfica de textos orales breves, bien estructurados, trasmitidos de viva voz o por medios t\u00e9cnicos (tel\u00e9fono, televisi\u00f3n, megafon\u00eda, etc.), articulados a una velocidad lenta, en un registro formal o neutro y siempre que las condiciones ac\u00fasticas sean buenas y el mensaje no est\u00e9 distorsionado. Estos textos versar\u00e1n sobre temas habituales, preferentemente en los \u00e1mbitos personal o p\u00fablico.<\/li>\n<li>Producir textos orales breves, principalmente en comunicaci\u00f3n cara a cara, pero tambi\u00e9n por tel\u00e9fono u otros medios t\u00e9cnicos, en un registro neutro. Comunicarse de forma comprensible, aunque resulten evidentes el acento extranjero, las pausas y los titubeos y sea necesaria la repetici\u00f3n, la par\u00e1frasis y la cooperaci\u00f3n de los interlocutores para mantener la comunicaci\u00f3n.<\/li>\n<li>Comprender el sentido general, los puntos principales e informaci\u00f3n espec\u00edfica de textos breves de estructura sencilla y clara, en un registro formal o neutro y con vocabulario en su mayor parte frecuente. <\/li>\n<li>Escribir textos breves y de estructura sencilla, en un registro neutro o formal sencillo, utilizando adecuadamente los recursos de cohesi\u00f3n y las convenciones ortogr\u00e1ficas y de puntuaci\u00f3n esenciales. Estos textos se referir\u00e1n principalmente al \u00e1mbito personal y p\u00fablico.<BR><\/li>\n<\/ul>\n","protected":false},"featured_media":715,"comment_status":"open","ping_status":"closed","template":"","meta":{"neve_meta_sidebar":"","neve_meta_container":"","neve_meta_enable_content_width":"","neve_meta_content_width":0,"neve_meta_title_alignment":"","neve_meta_author_avatar":"","neve_post_elements_order":"","neve_meta_disable_header":"","neve_meta_disable_footer":"","neve_meta_disable_title":""},"product_brand":[],"product_cat":[22,23,27],"product_tag":[],"class_list":{"0":"post-719","1":"product","2":"type-product","3":"status-publish","4":"has-post-thumbnail","6":"product_cat-cursos","7":"product_cat-cursos-de-especializacion","8":"product_cat-idiomas","10":"first","11":"instock","12":"sold-individually","13":"shipping-taxable","14":"purchasable","15":"product-type-simple"},"_links":{"self":[{"href":"https:\/\/camonclass.com\/tienda\/wp-json\/wp\/v2\/product\/719","targetHints":{"allow":["GET"]}}],"collection":[{"href":"https:\/\/camonclass.com\/tienda\/wp-json\/wp\/v2\/product"}],"about":[{"href":"https:\/\/camonclass.com\/tienda\/wp-json\/wp\/v2\/types\/product"}],"replies":[{"embeddable":true,"href":"https:\/\/camonclass.com\/tienda\/wp-json\/wp\/v2\/comments?post=719"}],"wp:featuredmedia":[{"embeddable":true,"href":"https:\/\/camonclass.com\/tienda\/wp-json\/wp\/v2\/media\/715"}],"wp:attachment":[{"href":"https:\/\/camonclass.com\/tienda\/wp-json\/wp\/v2\/media?parent=719"}],"wp:term":[{"taxonomy":"product_brand","embeddable":true,"href":"https:\/\/camonclass.com\/tienda\/wp-json\/wp\/v2\/product_brand?post=719"},{"taxonomy":"product_cat","embeddable":true,"href":"https:\/\/camonclass.com\/tienda\/wp-json\/wp\/v2\/product_cat?post=719"},{"taxonomy":"product_tag","embeddable":true,"href":"https:\/\/camonclass.com\/tienda\/wp-json\/wp\/v2\/product_tag?post=719"}],"curies":[{"name":"wp","href":"https:\/\/api.w.org\/{rel}","templated":true}]}}