{"id":720,"date":"2022-07-25T16:38:27","date_gmt":"2022-07-25T16:38:27","guid":{"rendered":"https:\/\/camonclass.vertice.org\/formacion\/ingles-preparacion-de-examen-a2\/"},"modified":"2022-07-25T16:38:27","modified_gmt":"2022-07-25T16:38:27","slug":"ingles-preparacion-de-examen-a2","status":"publish","type":"product","link":"https:\/\/camonclass.com\/tienda\/formacion\/ingles-preparacion-de-examen-a2\/","title":{"rendered":"INGL\u00c9S. PREPARACI\u00d3N DE EXAMEN A2"},"content":{"rendered":"<p><strong>UD1. Vivo en una casita de campo (I live in a cottage).<\/strong><UL>1.1. She always jogs in the morning.<br \/>1.2. I\u00b4m buying a new house.<br \/>1.3. Do you understand me?.<br \/>1.4. My brother works in a crew.<\/UL><\/p>\n<p><strong>UD2. \u00a1fue tan divertido! (It was so enjoyable!).<\/strong><UL>2.1. I passed my exams in june.<br \/>2.2. I was watching tv when.<br \/>2.3. Wearing glasses.<br \/>2.4. At harrods\u2019s.<\/UL><\/p>\n<p><strong>UD3. \u00a1ser\u00e1 o no ser\u00e1! (will it be or won\u00b4t it be!).<\/strong><UL>3.1. It\u2019s never too late!.<br \/>3.2. Will it rain tomorrow?.<br \/>3.3. Emma will study hard at university.<br \/>3.4. I like english!.<\/UL><\/p>\n<p><strong>UD4. En el colegio (at school).<\/strong><UL>4.1. A day at school.<br \/>4.2. Choosing the subjects.<br \/>4.3. How many subjects do you have?.<br \/>4.4. How do i register?.<\/UL><\/p>\n<p><strong>UD5. Los medios de comunicaci\u00f3n brit\u00e1nicos (the british mass media).<\/strong><UL>5.1. Have you ever been to a tv programme?.<br \/>5.2. The world\u00b4s best tv programme!.<br \/>5.3. Meeting one another.<br \/>5.4. What magazine have you bought?.<\/UL><\/p>\n<p><strong>UD6. Aficiones (hobbies).<\/strong><UL>6.1. It\u00b4s already done!.<br \/>6.2. For a long time!.<br \/>6.3. You can\u00b4t smoke here.<br \/>6.4. Things i like doing.<\/UL><\/p>\n<p><strong>UD7. En la agencia de viajes (at the travel agency).<\/strong><UL>7.1. Where have you been on holiday?.<br \/>7.2. Have they finished?.<br \/>7.3. Which one do you like?.<br \/>7.4. What\u00b4s london like?.<\/UL><\/p>\n<p><strong>UD8. \u00a1nunca he hecho eso! (I had never done that!).<\/strong><UL>8.1. I hadn\u00b4t flown before.<br \/>8.2. The car had broken down.<br \/>8.3. So do i!.<br \/>8.4. A special family.<\/UL><\/p>\n<p><strong>UD9. No me encuentro bien (I don\u00b4t feel well).<\/strong><UL>9.1. Going to the doctor\u00b4s.<br \/>9.2. I hate hospitals.<br \/>9.3. My back aches.<br \/>9.4. The chemist\u00b4s.<\/UL><\/p>\n<p><strong>UD10. \u00a1Un fin de semana inolvidable! (an unforgettable weekend!).<\/strong><UL>10.1. Famous people.<br \/>10.2. Have you got a house?.<br \/>10.3. Faster, please!.<br \/>10.4. Somewhere to go.<\/UL><\/p>\n<p><strong>UD11. \u00a1Cambiando mi vida! (changing my life!).<\/strong><UL>11.1. You can do it yourself!.<br \/>11.2. He used to love me!.<br \/>11.3. What are you looking for?.<br \/>11.4. The best and the worst.<\/UL><\/p>\n<p><strong>UD12. Vida salvaje (wild life).<\/strong><UL>12.1. He\u00b4s about to come.<br \/>12.2. I enjoy looking after my pets.<br \/>12.3. As fast as a lion.<br \/>12.4. Living with animals.<\/UL><\/p>\n<p><strong>UD13. Me encanta mi trabajo (I love my job).<\/strong><UL>13.1. Lunch is served.<br \/>13.2. Hamlet was written by shakespeare.<br \/>13.3. A kind old man.<br \/>13.4. Work, work, work!.<\/UL><\/p>\n<p><strong>UD14. Amistad (friendship).<\/strong><UL>14.1. Becoming rich.<br \/>14.2. I have a wonderful friend.<br \/>14.3. I gave her a present.<br \/>14.4. New technologies.<\/UL><\/p>\n<p><strong>UD15. Decisiones (decisions).<\/strong><UL>15.1. My cousin and I.<br \/>15.2. To go or not to go.<br \/>15.3. I went but.<br \/>15.4. This isn\u00b4t enough.<\/UL><\/p>\n<p><strong>UD16. Cotilleando (gossiping).<\/strong><UL>16.1. Do you know what?.<br \/>16.2. Mystery stories.<br \/>16.3. Urban legends.<br \/>16.4. Today\u00b4s news.<\/UL><\/p>\n<p><strong>UD17. Palabra correcta, palabra incorrecta (right word, wrong word).<\/strong><UL>17.1. He said he was happy.<br \/>17.2. Who said that?.<br \/>17.3. He ordered me to open the window.<br \/>17.4. Surfing on the internet.<\/UL><\/p>\n<p><strong>UD18. \u00a1qu\u00e9 problema! (what a problem!).<\/strong><UL>18.1. I\u00b4ll do it if i have time.<br \/>18.2. I wish you were here.<br \/>18.3. Unless you help me!.<br \/>18.4. What an interesting language!.<\/UL><\/p>\n<p><strong>UD19. Escocia (scotland).<\/strong><UL>19.1. She loved me as a friend.<br \/>19.2. He came to see me.<br \/>19.3. Living on an island.<br \/>19.4. I love that accent!.<\/UL><\/p>\n<p><strong>UD20. \u00a1palabras confusas! (confusing words!).<\/strong><UL>20.1. Possible or impossible.<br \/>20.2. My boyfriend is a psychologist.<br \/>20.3. I hate washing-machines.<br \/>20.4. Are you constipated?.<\/UL><\/p>\n","protected":false},"excerpt":{"rendered":"<ul>\n<li>Comprender el sentido general, los puntos principales e informaci\u00f3n de textos orales, bien estructurados, trasmitidos de viva voz o por medios t\u00e9cnicos (tel\u00e9fono, televisi\u00f3n, megafon\u00eda, etc.), articulados a una velocidad normal, en un registro formal o neutro y siempre que las condiciones ac\u00fasticas sean buenas y el mensaje no est\u00e9 distorsionado. Estos textos versar\u00e1n de temas habituales, preferentemente en los \u00e1mbitos personal o p\u00fablico.<\/li>\n<li>Producir textos orales, principalmente en comunicaci\u00f3n cara a cara, pero tambi\u00e9n por tel\u00e9fono u otros medios t\u00e9cnicos, en un registro neutro. Comunicarse de forma comprensible, aunque resulten evidentes el acento extranjero, las pausas y los titubeos y sea necesaria la repetici\u00f3n, la par\u00e1frasis y la cooperaci\u00f3n de los interlocutores para mantener la comunicaci\u00f3n.<\/li>\n<li>Comprender el sentido, las partes e informaci\u00f3n de textos con un registro formal o neutro y vocabulario en su mayor parte frecuente.<\/li>\n<li>Escribir textos en un registro neutro o formal, utilizando adecuadamente los recursos de cohesi\u00f3n y las convenciones ortogr\u00e1ficas y de puntuaci\u00f3n esenciales. Estos textos se referir\u00e1n principalmente al \u00e1mbito personal y p\u00fablico. <BR><\/li>\n<\/ul>\n","protected":false},"featured_media":715,"comment_status":"open","ping_status":"closed","template":"","meta":{"neve_meta_sidebar":"","neve_meta_container":"","neve_meta_enable_content_width":"","neve_meta_content_width":0,"neve_meta_title_alignment":"","neve_meta_author_avatar":"","neve_post_elements_order":"","neve_meta_disable_header":"","neve_meta_disable_footer":"","neve_meta_disable_title":""},"product_brand":[],"product_cat":[22,23,27],"product_tag":[],"class_list":{"0":"post-720","1":"product","2":"type-product","3":"status-publish","4":"has-post-thumbnail","6":"product_cat-cursos","7":"product_cat-cursos-de-especializacion","8":"product_cat-idiomas","10":"first","11":"instock","12":"sold-individually","13":"shipping-taxable","14":"purchasable","15":"product-type-simple"},"_links":{"self":[{"href":"https:\/\/camonclass.com\/tienda\/wp-json\/wp\/v2\/product\/720","targetHints":{"allow":["GET"]}}],"collection":[{"href":"https:\/\/camonclass.com\/tienda\/wp-json\/wp\/v2\/product"}],"about":[{"href":"https:\/\/camonclass.com\/tienda\/wp-json\/wp\/v2\/types\/product"}],"replies":[{"embeddable":true,"href":"https:\/\/camonclass.com\/tienda\/wp-json\/wp\/v2\/comments?post=720"}],"wp:featuredmedia":[{"embeddable":true,"href":"https:\/\/camonclass.com\/tienda\/wp-json\/wp\/v2\/media\/715"}],"wp:attachment":[{"href":"https:\/\/camonclass.com\/tienda\/wp-json\/wp\/v2\/media?parent=720"}],"wp:term":[{"taxonomy":"product_brand","embeddable":true,"href":"https:\/\/camonclass.com\/tienda\/wp-json\/wp\/v2\/product_brand?post=720"},{"taxonomy":"product_cat","embeddable":true,"href":"https:\/\/camonclass.com\/tienda\/wp-json\/wp\/v2\/product_cat?post=720"},{"taxonomy":"product_tag","embeddable":true,"href":"https:\/\/camonclass.com\/tienda\/wp-json\/wp\/v2\/product_tag?post=720"}],"curies":[{"name":"wp","href":"https:\/\/api.w.org\/{rel}","templated":true}]}}