{"id":721,"date":"2022-07-25T16:38:27","date_gmt":"2022-07-25T16:38:27","guid":{"rendered":"https:\/\/camonclass.vertice.org\/formacion\/ingles-preparacion-de-examen-b1\/"},"modified":"2022-07-26T09:43:37","modified_gmt":"2022-07-26T09:43:37","slug":"ingles-preparacion-de-examen-b1","status":"publish","type":"product","link":"https:\/\/camonclass.com\/tienda\/formacion\/ingles-preparacion-de-examen-b1\/","title":{"rendered":"INGL\u00c9S. PREPARACI\u00d3N DE EXAMEN B1"},"content":{"rendered":"<p><strong>UD1. Let me introduce myself.<\/strong><UL>1.1. Need for a change.<br \/>1.2. Just what I am looking for!!!.<br \/>1.3. Welcome to Edinburgh.<br \/>1.4. Getting to know my host family.<\/UL><\/p>\n<p><strong>UD2. Once upon a time.<\/strong><UL>2.1. A strange night.<br \/>2.2. The poets corner.<br \/>2.3. Once upon a time in England.<br \/>2.4. The storyteller.<\/UL><\/p>\n<p><strong>UD3. Enjoy your trip!.<\/strong><UL>3.1. What a difficult decision!.<br \/>3.2. Getting ready.<br \/>3.3. Destination: Ireland.<br \/>3.4. Auld lang syne.<\/UL><\/p>\n<p><strong>UD4. I haven\u2019t seen you for ages.<\/strong><UL>4.1. I\u00b4ve never tried it before!.<br \/>4.2. Yummy, yummy!.<br \/>4.3. The bill, please.<br \/>4.4. Enjoy your meal!.<\/UL><\/p>\n<p><strong>UD5. How can i help you?.<\/strong><UL>5.1. I\u00b4m a shopaholic.<br \/>5.2. Shopping at Harrods.<br \/>5.3. How can I help you?.<br \/>5.4. I want my money back.<\/UL><\/p>\n<p><strong>UD6. I\u2019m into new technology.<\/strong><UL>6.1. I\u00b4m a technophile.<br \/>6.2. My first day at work.<br \/>6.3. It\u00b4s so exciting!.<br \/>6.4. I am the best candidate for that job!.<\/UL><\/p>\n<p><strong>UD7. If i were in your shoes.<\/strong><UL>7.1. If I could, I would.<br \/>7.2. I wish I could study at Oxford!.<br \/>7.3. It\u00b4s so exciting!.<br \/>7.4. Dear Mr Jones.<\/UL><\/p>\n<p><strong>UD8. I\u2019m not feeling a hundred per cent.<\/strong><UL>8.1. I need a rest!.<br \/>8.2. I feel under the weather!.<br \/>8.3. The honour of the knight.<br \/>8.4. Beyond words.<\/UL><\/p>\n<p><strong>UD9. Farewell!.<\/strong><UL>9.1. The film is being shot.<br \/>9.2. Would you fancy a rom-com?.<br \/>9.3. Definitely!.<br \/>9.4. I\u00b4ll miss you!.<\/UL><\/p>\n","protected":false},"excerpt":{"rendered":"<ul>\n<li>Sacar partido a un repertorio amplio pero sencillo de vocabulario, estructuras y f\u00f3rmulas aprendidas. <\/li>\n<li>Poner en juego los conocimientos generales del mundo hispano (referentes culturales, normas y convenciones de car\u00e1cter sociocultural) que necesitan para desenvolverse en las diferentes transacciones en las que participan; <\/li>\n<li>Comunicar adecuadamente en un registro neutro, aunque con suficiente flexibilidad como para adaptarse a diferentes situaciones; <\/li>\n<li>Expresar con razonable correcci\u00f3n, aunque vacilen o hagan pausas para pensar lo que van a decir y cometan errores (especialmente de pronunciaci\u00f3n) sobre todo en situaciones imprevistas y de cierta tensi\u00f3n; <\/li>\n<li>Saber c\u00f3mo pedir a alguien que aclare o desarrolle lo que acaba de decir; <\/li>\n<li>Ser capaz de realizar las transacciones que se requieren en la organizaci\u00f3n de un viaje o durante su desarrollo o en situaciones menos habituales en comercios, agencias de alquiler de coches, oficinas de correos, bancos, etc.. <\/li>\n<li>Preparar a nuestros alumnos para presentarse con garant\u00edas de \u00e9xito a los ex\u00e1menes oficiales de los niveles A1 al B2 del Marco Com\u00fan Europeo y del First Certificate.<BR><\/li>\n<\/ul>\n","protected":false},"featured_media":715,"comment_status":"open","ping_status":"closed","template":"","meta":{"neve_meta_sidebar":"","neve_meta_container":"","neve_meta_enable_content_width":"","neve_meta_content_width":0,"neve_meta_title_alignment":"","neve_meta_author_avatar":"","neve_post_elements_order":"","neve_meta_disable_header":"","neve_meta_disable_footer":"","neve_meta_disable_title":""},"product_brand":[],"product_cat":[22,23,27],"product_tag":[],"class_list":{"0":"post-721","1":"product","2":"type-product","3":"status-publish","4":"has-post-thumbnail","6":"product_cat-cursos","7":"product_cat-cursos-de-especializacion","8":"product_cat-idiomas","10":"first","11":"instock","12":"featured","13":"sold-individually","14":"shipping-taxable","15":"purchasable","16":"product-type-simple"},"_links":{"self":[{"href":"https:\/\/camonclass.com\/tienda\/wp-json\/wp\/v2\/product\/721","targetHints":{"allow":["GET"]}}],"collection":[{"href":"https:\/\/camonclass.com\/tienda\/wp-json\/wp\/v2\/product"}],"about":[{"href":"https:\/\/camonclass.com\/tienda\/wp-json\/wp\/v2\/types\/product"}],"replies":[{"embeddable":true,"href":"https:\/\/camonclass.com\/tienda\/wp-json\/wp\/v2\/comments?post=721"}],"wp:featuredmedia":[{"embeddable":true,"href":"https:\/\/camonclass.com\/tienda\/wp-json\/wp\/v2\/media\/715"}],"wp:attachment":[{"href":"https:\/\/camonclass.com\/tienda\/wp-json\/wp\/v2\/media?parent=721"}],"wp:term":[{"taxonomy":"product_brand","embeddable":true,"href":"https:\/\/camonclass.com\/tienda\/wp-json\/wp\/v2\/product_brand?post=721"},{"taxonomy":"product_cat","embeddable":true,"href":"https:\/\/camonclass.com\/tienda\/wp-json\/wp\/v2\/product_cat?post=721"},{"taxonomy":"product_tag","embeddable":true,"href":"https:\/\/camonclass.com\/tienda\/wp-json\/wp\/v2\/product_tag?post=721"}],"curies":[{"name":"wp","href":"https:\/\/api.w.org\/{rel}","templated":true}]}}