{"id":722,"date":"2022-07-25T16:38:27","date_gmt":"2022-07-25T16:38:27","guid":{"rendered":"https:\/\/camonclass.vertice.org\/formacion\/ingles-preparacion-de-examen-b2\/"},"modified":"2022-07-25T16:38:27","modified_gmt":"2022-07-25T16:38:27","slug":"ingles-preparacion-de-examen-b2","status":"publish","type":"product","link":"https:\/\/camonclass.com\/tienda\/formacion\/ingles-preparacion-de-examen-b2\/","title":{"rendered":"INGL\u00c9S. PREPARACI\u00d3N DE EXAMEN B2"},"content":{"rendered":"<p><strong>UD1. Never judge a book by its cover.<\/strong><UL>1.1. Grammar reference: Word formation.<br \/>1.2. Grammar reference: More about adjectives.<br \/>1.3. Grammar reference: Relative clauses.<br \/>1.4. Grammar reference. Deduction: present and past.<br \/>1.5. Writing tips. How to write an informal email.<\/UL><\/p>\n<p><strong>UD2. Down-to-earth.<\/strong><UL>2.1. Grammar Reference. What\u2019s in a noun?.<br \/>2.2. Grammar reference: Modals and expressions of probability.<br \/>2.3. Grammar reference: Conditionals. Alternatives to if.<br \/>2.4. Grammar reference: Punctuation marks.<br \/>2.5. Pronunciation Reference. Contractions\/Linking.<\/UL><\/p>\n<p><strong>UD3. Home sweet home.<\/strong><UL>3.1. Grammar reference: Verbs in a state!.<br \/>3.2. Grammar reference: Modals of obligation\/absence of obliga\u00action\/prohibition\/advice.<br \/>3.3. Grammar reference: The imperative.<br \/>3.4. Grammar reference: Have\/Get something done.<br \/>3.5. Writing tips. Follow this pattern.<\/UL><\/p>\n<p><strong>UD4. A penny for your thoughts.<\/strong><UL>4.1. Grammar Reference. Infinitive and -ing.<br \/>4.2. Vocabulari. Let\u2019s Count.<br \/>4.3. Reading. A rich man.<br \/>4.4. Grammar Reference. Infinitive versus -ing.<br \/>4.5. Grammar Reference. Saxon Genitive and Double Genitive.<br \/>4.6. Vocabulary. Expressions.<br \/>4.7. Grammar Reference. Participle clauses.<\/UL><\/p>\n<p><strong>UD5. Caught red-handed.<\/strong><UL>5.1. Grammar reference: Order! Order.<br \/>5.2. Grammar reference: Emphasis.<br \/>5.3. Grammar reference: Inversions.<br \/>5.4. Grammar reference: Tag questions.<br \/>5.5. Grammar reference: Cleft sentences.<br \/>5.6. Writing tips. Write a review.<\/UL><\/p>\n<p><strong>UD6. Out and about.<\/strong><UL>6.1. Grammar Reference. Used to.<br \/>6.2. Grammar Reference. Would.<br \/>6.3. Grammar Reference. Narrative Tenses.<br \/>6.4. Grammar Reference. Gradation of adverbs.<br \/>6.5. Grammar Reference. About Prepositions.<br \/>6.6. Vocabulary. Leisure: Travelling.<br \/>6.7. Pronunciation Reference. Pronunciation of -ed.<\/UL><\/p>\n<p><strong>UD7. TV or not TV?.<\/strong><UL>7.1. Grammar Reference. Impersonal report structures.<br \/>7.2. Grammar reference. Characteristics headlines.<br \/>7.3. Grammar Reference. Clauses expressing contrast.<br \/>7.4. Pronunciation Reference. Contrastive intonation.<\/UL><\/p>\n<p><strong>UD8. An apple a day keeps the doctor away.<\/strong><UL>8.1. Grammar reference: Reported speech. Reporting statements and commands.<br \/>8.2. Grammar reference: Reporting questions and indirect ques\u00actions.<br \/>8.3. Vocabulary tip: Ache, Pain and Hurt.<br \/>8.4. Writing tips.<br \/>8.5. Pronunciation reference: Homographs and Homophones.<\/UL><\/p>\n<p><strong>UD9. No regrets just lessons learned.<\/strong><UL>9.1. Grammar Reference. I wish\/if only.<br \/>9.2. Grammar Reference. Would rather\/would sooner\/had better.<br \/>9.3. Grammar Reference. Group Nouns.<br \/>9.4. Grammar Reference. It\u2019s time\/It\u2019s about time\/It\u2019s high time.<br \/>9.5. Vocabulary. False Friends.<br \/>9.6. Pronunciation Reference. \/s\/ &#8211; \/z\/ &#8211; \/?\/.<\/UL><\/p>\n<p><strong>UD10. Facebook = Language facelift?.<\/strong><UL>10.1. Grammar reference: Future continuous and perfect.<br \/>10.2. Grammar reference: The future from past perspective.<br \/>10.3. Vocabulary reference: Compounds with -ever.<br \/>10.4. Grammar reference: Use of articles.<br \/>10.5. Writing tips.<br \/>10.6. Grammar reference. In short.<br \/>10.7. Vocabulary. Dictionary advice.<\/UL><\/p>\n","protected":false},"excerpt":{"rendered":"<ul>\n<li>Capacitar al alumnado para utilizar el idioma con soltura y eficacia en situaciones habituales y m\u00e1s espec\u00edficas que requieran comprender, producir y tratar textos orales y escritos, conceptual y ling\u00fc\u00edsticamente complejos, en una variedad de lengua est\u00e1ndar, con un repertorio l\u00e9xico amplio aunque no muy idiom\u00e1tico, y que versen sobre temas generales, actuales o propios del campo de especializaci\u00f3n del hablante.<\/li>\n<li>Este programa formativo proporcionar\u00e1 a los alumnos la formaci\u00f3n en lengua inglesa necesaria para que puedan presentarse a las pruebas de acreditaci\u00f3n oficial del nivel B2 del Marco Com\u00fan Europeo de Referencia para las Lenguas<BR><\/li>\n<\/ul>\n","protected":false},"featured_media":715,"comment_status":"open","ping_status":"closed","template":"","meta":{"neve_meta_sidebar":"","neve_meta_container":"","neve_meta_enable_content_width":"","neve_meta_content_width":0,"neve_meta_title_alignment":"","neve_meta_author_avatar":"","neve_post_elements_order":"","neve_meta_disable_header":"","neve_meta_disable_footer":"","neve_meta_disable_title":""},"product_brand":[],"product_cat":[22,23,27],"product_tag":[],"class_list":{"0":"post-722","1":"product","2":"type-product","3":"status-publish","4":"has-post-thumbnail","6":"product_cat-cursos","7":"product_cat-cursos-de-especializacion","8":"product_cat-idiomas","10":"first","11":"instock","12":"sold-individually","13":"shipping-taxable","14":"purchasable","15":"product-type-simple"},"_links":{"self":[{"href":"https:\/\/camonclass.com\/tienda\/wp-json\/wp\/v2\/product\/722","targetHints":{"allow":["GET"]}}],"collection":[{"href":"https:\/\/camonclass.com\/tienda\/wp-json\/wp\/v2\/product"}],"about":[{"href":"https:\/\/camonclass.com\/tienda\/wp-json\/wp\/v2\/types\/product"}],"replies":[{"embeddable":true,"href":"https:\/\/camonclass.com\/tienda\/wp-json\/wp\/v2\/comments?post=722"}],"wp:featuredmedia":[{"embeddable":true,"href":"https:\/\/camonclass.com\/tienda\/wp-json\/wp\/v2\/media\/715"}],"wp:attachment":[{"href":"https:\/\/camonclass.com\/tienda\/wp-json\/wp\/v2\/media?parent=722"}],"wp:term":[{"taxonomy":"product_brand","embeddable":true,"href":"https:\/\/camonclass.com\/tienda\/wp-json\/wp\/v2\/product_brand?post=722"},{"taxonomy":"product_cat","embeddable":true,"href":"https:\/\/camonclass.com\/tienda\/wp-json\/wp\/v2\/product_cat?post=722"},{"taxonomy":"product_tag","embeddable":true,"href":"https:\/\/camonclass.com\/tienda\/wp-json\/wp\/v2\/product_tag?post=722"}],"curies":[{"name":"wp","href":"https:\/\/api.w.org\/{rel}","templated":true}]}}