{"id":723,"date":"2022-07-25T16:38:28","date_gmt":"2022-07-25T16:38:28","guid":{"rendered":"https:\/\/camonclass.vertice.org\/formacion\/frances-preparacion-de-examen-a1\/"},"modified":"2022-07-25T16:38:28","modified_gmt":"2022-07-25T16:38:28","slug":"frances-preparacion-de-examen-a1","status":"publish","type":"product","link":"https:\/\/camonclass.com\/tienda\/formacion\/frances-preparacion-de-examen-a1\/","title":{"rendered":"FRANC\u00c9S. PREPARACI\u00d3N DE EXAMEN A1"},"content":{"rendered":"<p><strong>UD1. On commence \u00e0 parler fran\u00e7ais. Empezamos a hablar en franc\u00e9s.<\/strong><UL>1.1. Se familiariser avec les sons fran\u00e7ais et l\u00b4alphabet.<br \/>1.2. Premiers mots Fran\u00e7ais.<br \/>1.3. Premi\u00e8res r\u00e9flexions lexicales, phonologiques et grammaticales.<\/UL><\/p>\n<p><strong>UD2. Parlons fran\u00e7ais. Pr\u00e9sentons-nous. Hablamos franc\u00e9s. Nos presentamos.<\/strong><UL>2.1. Compr\u00e9hension Orale.<br \/>2.2. Compr\u00e9hension \u00c9crite.<br \/>2.3. Expression Orale.<br \/>2.4. Interaction Orale.<br \/>2.5. Expression \u00c9crite.<br \/>2.6. R\u00e9flexions lexicales, phonologiques et grammaticales.<\/UL><\/p>\n<p><strong>UD3. Les nationalit\u00e9s.on se pr\u00e9sente. On se salue. Nos saludamos entre las distintas nacionalidades.<\/strong><UL>3.1. Compr\u00e9hension orale.<br \/>3.2. Compr\u00e9hension \u00e9crite.<br \/>3.3. Expression orale.<br \/>3.4. Interaction orale.<br \/>3.5. Expression \u00e9crite.<br \/>3.6. R\u00e9flexions lexicales, phonologiques et grammaticales.<\/UL><\/p>\n<p><strong>UD4. C\u00b4est quand ?. Aprendemos a situarnos en el tiempo.<\/strong><UL>4.1. Compr\u00e9hension orale.<br \/>4.2. Compr\u00e9hension \u00e9crite.<br \/>4.3. Expression orale.<br \/>4.4. Interaction orale.<br \/>4.5. Expression \u00e9crite.<br \/>4.6. R\u00e9flexions lexicales, phonologiques et grammaticales.<\/UL><\/p>\n<p><strong>UD5. La classe. Sa description. Ses meubles. Nuestra clase y su descripci\u00f3n.<\/strong><UL>5.1. Compr\u00e9hension orale.<br \/>5.2. Compr\u00e9hension \u00e9crite.<br \/>5.3. Expression orale.<br \/>5.4. Interaction orale.<br \/>5.5. Expression \u00e9crite.<br \/>5.6. R\u00e9flexions lexicales, phonologiques et grammaticales.<\/UL><\/p>\n<p><strong>UD6. Au bureau. Au travail. En la oficina, en el trabajo.<\/strong><UL>6.1. Compr\u00e9hension orale.<br \/>6.2. Compr\u00e9hension \u00e9crite.<br \/>6.3. Expression orale.<br \/>6.4. Interaction orale.<br \/>6.5. Expression \u00e9crite.<br \/>6.6. R\u00e9flexions lexicales, phonologiques et grammaticales.<\/UL><\/p>\n<p><strong>UD7. La maison. La famille. Les num\u00e9ros. La casa, la familia, los n\u00fameros.<\/strong><UL>7.1. Compr\u00e9hension orale.<br \/>7.2. Compr\u00e9hension \u00e9crite.<br \/>7.3. Expression orale.<br \/>7.4. Interaction orale.<br \/>7.5. Expression \u00e9crite.<br \/>7.6. R\u00e9flexions lexicales, phonologiques et grammaticales.<\/UL><\/p>\n<p><strong>UD8. Le lieu de travail. El lugar de trabajo.<\/strong><UL>8.1. Compr\u00e9hension orale.<br \/>8.2. Compr\u00e9hension \u00e9crite.<br \/>8.3. Expression orale.<br \/>8.4. Interaction orale.<br \/>8.5. Expression \u00e9crite.<br \/>8.6. R\u00e9flexions lexicales, phonologiques et grammaticales.<\/UL><\/p>\n<p><strong>UD9. Nous avons une famille. On s\u00b4habille comment?. Tenemos una familia, \u00bfc\u00f3mo nos vestimos?.<\/strong><UL>9.1. Compr\u00e9hension orale.<br \/>9.2. Compr\u00e9hension \u00e9crite.<br \/>9.3. Expression orale.<br \/>9.4. Interaction orale.<br \/>9.5. Expression \u00e9crite.<br \/>9.6. R\u00e9flexions lexicales, phonologiques et grammaticales.<\/UL><\/p>\n<p><strong>UD10. On se d\u00e9crit. Nos describimos.<\/strong><UL>10.1. Compr\u00e9hension orale.<br \/>10.2. Compr\u00e9hension \u00e9crite.<br \/>10.3. Expression orale.<br \/>10.4. Interaction orale.<br \/>10.5. Expression \u00e9crite.<br \/>10.6. R\u00e9flexions lexicales, phonologiques et grammaticales.<\/UL><\/p>\n<p><strong>UD11. Quel temps fait-il. La m\u00e9t\u00e9o. Qu\u00e9 tiempo hace.<\/strong><UL>11.1. Compr\u00e9hension orale.<br \/>11.2. Compr\u00e9hension \u00e9crite.<br \/>11.3. Expression orale.<br \/>11.4. Interaction orale.<br \/>11.5. Expression \u00e9crite.<br \/>11.6. R\u00e9flexions lexicales, phonologiques et grammaticales.<\/UL><\/p>\n<p><strong>UD12. Les activit\u00e9s quotidiennes. Las actividades cotidianas.<\/strong><UL>12.1. Compr\u00e9hension orale.<br \/>12.2. Compr\u00e9hension \u00e9crite.<br \/>12.3. Expression orale.<br \/>12.4. Interaction orale.<br \/>12.5. Expression \u00e9crite.<br \/>12.6. R\u00e9flexions lexicales, phonologiques et grammaticales.<\/UL><\/p>\n<p><strong>UD13. Nous allons faire des courses. Vamos de compras.<\/strong><UL>13.1. Compr\u00e9hension orale.<br \/>13.2. Compr\u00e9hension \u00e9crite.<br \/>13.3. Expression orale.<br \/>13.4. Interaction orale.<br \/>13.5. Expression \u00e9crite.<br \/>13.6. R\u00e9flexions lexicales, phonologiques et grammaticales.<\/UL><\/p>\n<p><strong>UD14. Nos actions au pass\u00e9. Nuestros hechos en el pasado.<\/strong><UL>14.1. Compr\u00e9hension orale.<br \/>14.2. Compr\u00e9hension \u00e9crite.<br \/>14.3. Expression orale.<br \/>14.4. Interaction orale.<br \/>14.5. Expression \u00e9crite.<br \/>14.6. R\u00e9flexions lexicales, phonologiques et grammaticales.<\/UL><\/p>\n<p><strong><P>UD15. Faire le bilan. Hacemos balance.<\/P><br \/>\n <P>15.1. Compr\u00e9hension orale.<BR>15.2. Compr\u00e9hension \u00e9crite.<BR>15.3. Expression orale.<BR>15.4. Interaction orale.<BR>15.5. Expression \u00e9crite.<BR>15.6. R\u00e9flexions lexicales, phonologiques et grammaticales.<\/P><\/p>\n","protected":false},"excerpt":{"rendered":"<ul>\n<li>Comprender el sentido general, los puntos principales e informaci\u00f3n de textos orales, bien estructurados, trasmitidos de viva voz o por medios t\u00e9cnicos (tel\u00e9fono, televisi\u00f3n, megafon\u00eda, etc.<\/li>\n<li>), articulados a una velocidad normal, en un registro formal o neutro y siempre que las condiciones ac\u00fasticas sean buenas y el mensaje no est\u00e9 distorsionado.<\/li>\n<li>Estos textos versar\u00e1n de temas habituales, preferentemente en los \u00e1mbitos personal o p\u00fablico.<\/li>\n<li>Producir textos orales, principalmente en comunicaci\u00f3n cara a cara, pero tambi\u00e9n por tel\u00e9fono u otros medios t\u00e9cnicos, en un registro neutro.<\/li>\n<li>Comunicarse de forma comprensible, aunque resulten evidentes el acento extranjero, las pausas y los titubeos y sea necesaria la repetici\u00f3n, la par\u00e1frasis y la cooperaci\u00f3n de los interlocutores para mantener la comunicaci\u00f3n.<\/li>\n<li>Comprender el sentido, las partes e informaci\u00f3n de textos con un registro formal o neutro y vocabulario en su mayor parte frecuente.<\/li>\n<li>Escribir textos en un registro neutro o formal, utilizando adecuadamente los recursos de cohesi\u00f3n y las convenciones ortogr\u00e1ficas y de puntuaci\u00f3n esenciales.<\/li>\n<li>Estos textos se referir\u00e1n principalmente al \u00e1mbito personal y p\u00fablico.<\/li>\n<\/ul>\n","protected":false},"featured_media":715,"comment_status":"open","ping_status":"closed","template":"","meta":{"neve_meta_sidebar":"","neve_meta_container":"","neve_meta_enable_content_width":"","neve_meta_content_width":0,"neve_meta_title_alignment":"","neve_meta_author_avatar":"","neve_post_elements_order":"","neve_meta_disable_header":"","neve_meta_disable_footer":"","neve_meta_disable_title":""},"product_brand":[],"product_cat":[22,23,27],"product_tag":[],"class_list":{"0":"post-723","1":"product","2":"type-product","3":"status-publish","4":"has-post-thumbnail","6":"product_cat-cursos","7":"product_cat-cursos-de-especializacion","8":"product_cat-idiomas","10":"first","11":"instock","12":"sold-individually","13":"shipping-taxable","14":"purchasable","15":"product-type-simple"},"_links":{"self":[{"href":"https:\/\/camonclass.com\/tienda\/wp-json\/wp\/v2\/product\/723","targetHints":{"allow":["GET"]}}],"collection":[{"href":"https:\/\/camonclass.com\/tienda\/wp-json\/wp\/v2\/product"}],"about":[{"href":"https:\/\/camonclass.com\/tienda\/wp-json\/wp\/v2\/types\/product"}],"replies":[{"embeddable":true,"href":"https:\/\/camonclass.com\/tienda\/wp-json\/wp\/v2\/comments?post=723"}],"wp:featuredmedia":[{"embeddable":true,"href":"https:\/\/camonclass.com\/tienda\/wp-json\/wp\/v2\/media\/715"}],"wp:attachment":[{"href":"https:\/\/camonclass.com\/tienda\/wp-json\/wp\/v2\/media?parent=723"}],"wp:term":[{"taxonomy":"product_brand","embeddable":true,"href":"https:\/\/camonclass.com\/tienda\/wp-json\/wp\/v2\/product_brand?post=723"},{"taxonomy":"product_cat","embeddable":true,"href":"https:\/\/camonclass.com\/tienda\/wp-json\/wp\/v2\/product_cat?post=723"},{"taxonomy":"product_tag","embeddable":true,"href":"https:\/\/camonclass.com\/tienda\/wp-json\/wp\/v2\/product_tag?post=723"}],"curies":[{"name":"wp","href":"https:\/\/api.w.org\/{rel}","templated":true}]}}