{"id":726,"date":"2022-07-25T16:38:29","date_gmt":"2022-07-25T16:38:29","guid":{"rendered":"https:\/\/camonclass.vertice.org\/formacion\/italiano-preparacion-de-examen-a1\/"},"modified":"2022-07-25T16:38:29","modified_gmt":"2022-07-25T16:38:29","slug":"italiano-preparacion-de-examen-a1","status":"publish","type":"product","link":"https:\/\/camonclass.com\/tienda\/formacion\/italiano-preparacion-de-examen-a1\/","title":{"rendered":"ITALIANO. PREPARACI\u00d3N DE EXAMEN A1"},"content":{"rendered":"<p><strong>UD1. Ciao! Come stai?.<\/strong><UL>1.1. Introduzione (introducci\u00f3n).<br \/>1.2. Saluti (saludos).<br \/>1.3. Presentarsi (presentarse).<br \/>1.4. Come stai? (\u00bfc\u00f3mo est\u00e1s?).<br \/>1.5. A domani (hasta ma\u00f1ana).<br \/>1.6. Momento grammaticale.<br \/>1.7. Pronuncia e ortografia.<br \/>1.8. Produzione scritta.<\/UL><\/p>\n<p><strong>UD2. Che bella festa!.<\/strong><UL>2.1. La festa (la fi esta).<br \/>2.2. Italiani famosi (italianos famosos).<br \/>2.3. Le nazionalit\u00e0 (las nacionalidades).<br \/>2.4. Le professioni (las profesiones).<br \/>2.5. Le caratteristiche fi siche (las caracter\u00edsticas f\u00edsicas).<br \/>2.6. Il numero di telefono.<br \/>2.7. Momento grammaticale.<br \/>2.8. Pronuncia.<br \/>2.9. Pratica.<\/UL><\/p>\n<p><strong>UD3. Al bar.<\/strong><UL>3.1. Dialogo al bar.<br \/>3.2. Verbi.<br \/>3.3. Quanti (cuantos).<br \/>3.4. Info lettura e comprensione.<br \/>3.5. Un incontro:.<br \/>3.6. Momento grammaticale.<br \/>3.7. Pronuncia.<br \/>3.8. Scrivi.<\/UL><\/p>\n<p><strong>UD4. L\u00e1lbergo.<\/strong><UL>4.1. La prenotazione (la reserva).<br \/>4.2. La data (la fecha).<br \/>4.3. I numeri (3\u00ba parte: da cento all\u2019infi nito) (los n\u00fameros, desde cien al infi nito).<br \/>4.4. Alberghi a fi renze (hoteles en fl orencia).<br \/>4.5. Un problema, tanti problemi (un problema, muchos problemas).<br \/>4.6. Cosa c\u2019\u00e8 e non c\u2019\u00e8 nell\u2019hotel ascot? (\u00bfqu\u00e9 hay y qu\u00e9 no hay en el hotel ascot?).<br \/>4.7. Momento grammaticale (momento gramatical).<br \/>4.8. Compito scritto.<\/UL><\/p>\n<p><strong>UD5. Com\u2019\u00e8 la tua casa?.<\/strong><UL>5.1. Com\u2019\u00e8 la tua casa? (\u00bfc\u00f3mo es tu casa?).<br \/>5.2. Annunci (anuncios).<br \/>5.3. L\u2019abitazione e i suoi ambienti (la vivienda y sus habitaciones).<br \/>5.4. Mannaggia (maldici\u00f3n).<br \/>5.5. I mobili (los muebles).<br \/>5.6. Momento grammaticale.<br \/>5.7. Pronuncia.<br \/>5.8. Compito scritto (tarea escrita).<\/UL><\/p>\n<p><strong>UD6. In giornata.<\/strong><UL>6.1. Alla stazione (en la estaci\u00f3n).<br \/>6.2. L\u2019 ora (la hora).<br \/>6.3. Che c\u2019\u00e8 di bello stasera in tv?.<br \/>6.4. I giorni della settimana.<br \/>6.5. I verbi italiani.<br \/>6.6. Pronuncia.<br \/>6.7. Compito scritto.<\/UL><\/p>\n<p><strong>UD7. Faccioamo spese.<\/strong><UL>7.1. Al telefono.<br \/>7.2. Fare proposte.<br \/>7.3. I negozi.<br \/>7.4. Di pomeriggio.<br \/>7.5. Alla rinascente.<br \/>7.6. Comprensione scrita e lessico.<br \/>7.7. Momento grammaticale.<br \/>7.8. Pronuncia.<br \/>7.9. Compito scritto.<\/UL><\/p>\n<p><strong>UD8. Ristorante e ricette.<\/strong><UL>8.1. Alla \u201cvecchia genova\u201d.<br \/>8.2. Pronomi diretti.<br \/>8.3. Lettura.<br \/>8.4. Mi piace \/ mi piacciono.<br \/>8.5. Andate in cucina!.<br \/>8.6. Pronuncia.<br \/>8.7. Intonazione.<br \/>8.8. Pratica scritta.<\/UL><\/p>\n<p><strong>UD9. La spesa.<\/strong><UL>9.1. La spesa.<br \/>9.2. Facciamo spese! (\u00a1hagamos compras!).<br \/>9.3. Le quantit\u00e0.<br \/>9.4. Interazione.<br \/>9.5. Momento grammaticale: le preposizioni.<br \/>9.6. Momento grammaticale: pronomi.<br \/>9.7. Pronuncia.<br \/>9.8. Intonazione.<br \/>9.9. Revisione.<br \/>9.10. Pratica scritta.<\/UL><\/p>\n<p><strong>UD10. Come posso fare per andare&#8230;?.<\/strong><UL>10.1. Per strada.<br \/>10.2. Dare indicazioni.<br \/>10.3. Durata.<br \/>10.4. Pronome ci.<br \/>10.5. Pi\u00f9 informazioni.<br \/>10.6. Momento grammaticale.<br \/>10.7. Scusa, sai dirmi dov\u2019\u00e8&#8230;?.<br \/>10.8. Compito scritto.<br \/>10.9. Pronuncia: le doppie.<\/UL><\/p>\n<p><strong>UD11. Che belle vacanze!.<\/strong><UL>11.1. Che belle vacanze.<br \/>11.2. Il passato.<br \/>11.3. Participio.<br \/>11.4. Produzione scritta.<br \/>11.5. Espressioni temporali.<br \/>11.6. Pronuncia.<\/UL><\/p>\n<p><strong>UD12. Gossip.<\/strong><UL>12.1. Gossip.<br \/>12.2. Participi irregolari.<br \/>12.3. Espressioni temporali.<br \/>12.4. Comprensione scritta.<br \/>12.5. Produzione scritta.<br \/>12.6. Momento grammaticale.<\/UL><\/p>\n<p><strong>UD13. Che bella foto!.<\/strong><UL>13.1. Che bella foto!.<br \/>13.2. Tempi passati.<br \/>13.3. La concordanza del participio.<br \/>13.4. Uso del passato e dell\u2019imperfetto.<br \/>13.5. Fare cose contemporaneamente al passato.<br \/>13.6. Produzione scritta.<br \/>13.7. Pronuncia.<\/UL><\/p>\n<p><strong>UD14. Aff ari di famiglia.<\/strong><UL>14.1. Il colore viola.<br \/>14.2. I possessivi 14. 3. La famiglia.<br \/>14.4. Possessivi e famiglia.<br \/>14.5. Produzione scritta 14. 6. Domenica al mare.<br \/>14.7. Comprensione scritta.<br \/>14.8. Le parti del corpo.<br \/>14.9. Momento grammaticale.<\/UL><\/p>\n<p><strong>UD15. Progetti per le vacanze.<\/strong><UL>15.1. Progetti per le vacanze.<br \/>15.2. Futuro.<br \/>15.3. Produzione scritta.<br \/>15.4. Uso del futuro.<br \/>15.5. In bocca al lupo!.<br \/>15.6. Comprensione scritta.<br \/>15.7. -Issimo.<\/UL><\/p>\n","protected":false},"excerpt":{"rendered":"<ul>\n<li>Comprender el sentido general, los puntos principales e informaci\u00f3n espec\u00edfica de textos orales breves, bien estructurados, trasmitidos de viva voz o por medios t\u00e9cnicos (tel\u00e9fono, televisi\u00f3n, megafon\u00eda, etc.<\/li>\n<li>), articulados a una velocidad lenta, en un registro formal o neutro y siempre que las condiciones ac\u00fasticas sean buenas y el mensaje no est\u00e9 distorsionado.<\/li>\n<li>Estos textos versar\u00e1n sobre temas habituales, preferentemente en los \u00e1mbitos personal o p\u00fablico.<\/li>\n<li>Producir textos orales breves, principalmente en comunicaci\u00f3n cara a cara, pero tambi\u00e9n por tel\u00e9fono u otros medios t\u00e9cnicos, en un registro neutro.<\/li>\n<li>Comunicarse de forma comprensible, aunque resulten evidentes el acento extranjero, las pausas y los titubeos y sea necesaria la repetici\u00f3n, la par\u00e1frasis y la cooperaci\u00f3n de los interlocutores para mantener la comunicaci\u00f3n.<\/li>\n<li>Comprender el sentido general, los puntos principales e informaci\u00f3n espec\u00edfica de textos breves de estructura sencilla y clara, en un registro formal o neutro y con vocabulario en su mayor parte frecuente.<\/li>\n<li>Escribir textos breves y de estructura sencilla, en un registro neutro o formal sencillo, utilizando adecuadamente los recursos de cohesi\u00f3n y las convenciones ortogr\u00e1ficas y de puntuaci\u00f3n esenciales.<\/li>\n<li>Estos textos se referir\u00e1n principalmente al \u00e1mbito personal y p\u00fablico.<\/li>\n<\/ul>\n","protected":false},"featured_media":715,"comment_status":"open","ping_status":"closed","template":"","meta":{"neve_meta_sidebar":"","neve_meta_container":"","neve_meta_enable_content_width":"","neve_meta_content_width":0,"neve_meta_title_alignment":"","neve_meta_author_avatar":"","neve_post_elements_order":"","neve_meta_disable_header":"","neve_meta_disable_footer":"","neve_meta_disable_title":""},"product_brand":[],"product_cat":[22,23,27],"product_tag":[],"class_list":{"0":"post-726","1":"product","2":"type-product","3":"status-publish","4":"has-post-thumbnail","6":"product_cat-cursos","7":"product_cat-cursos-de-especializacion","8":"product_cat-idiomas","10":"first","11":"instock","12":"sold-individually","13":"shipping-taxable","14":"purchasable","15":"product-type-simple"},"_links":{"self":[{"href":"https:\/\/camonclass.com\/tienda\/wp-json\/wp\/v2\/product\/726","targetHints":{"allow":["GET"]}}],"collection":[{"href":"https:\/\/camonclass.com\/tienda\/wp-json\/wp\/v2\/product"}],"about":[{"href":"https:\/\/camonclass.com\/tienda\/wp-json\/wp\/v2\/types\/product"}],"replies":[{"embeddable":true,"href":"https:\/\/camonclass.com\/tienda\/wp-json\/wp\/v2\/comments?post=726"}],"wp:featuredmedia":[{"embeddable":true,"href":"https:\/\/camonclass.com\/tienda\/wp-json\/wp\/v2\/media\/715"}],"wp:attachment":[{"href":"https:\/\/camonclass.com\/tienda\/wp-json\/wp\/v2\/media?parent=726"}],"wp:term":[{"taxonomy":"product_brand","embeddable":true,"href":"https:\/\/camonclass.com\/tienda\/wp-json\/wp\/v2\/product_brand?post=726"},{"taxonomy":"product_cat","embeddable":true,"href":"https:\/\/camonclass.com\/tienda\/wp-json\/wp\/v2\/product_cat?post=726"},{"taxonomy":"product_tag","embeddable":true,"href":"https:\/\/camonclass.com\/tienda\/wp-json\/wp\/v2\/product_tag?post=726"}],"curies":[{"name":"wp","href":"https:\/\/api.w.org\/{rel}","templated":true}]}}