{"id":727,"date":"2022-07-25T16:38:29","date_gmt":"2022-07-25T16:38:29","guid":{"rendered":"https:\/\/camonclass.vertice.org\/formacion\/italiano-preparacion-de-examen-a2\/"},"modified":"2022-07-25T16:38:29","modified_gmt":"2022-07-25T16:38:29","slug":"italiano-preparacion-de-examen-a2","status":"publish","type":"product","link":"https:\/\/camonclass.com\/tienda\/formacion\/italiano-preparacion-de-examen-a2\/","title":{"rendered":"ITALIANO. PREPARACI\u00d3N DE EXAMEN A2"},"content":{"rendered":"<p><strong>UD1. Prima unit\u00e0: sono finite le vacanze!.<\/strong><UL>1.1. Sono fi nite le vacanze!.<br \/>1.2. Esercizi.<br \/>1.3. Produzione scritta.<br \/>1.4. Volevo i pantaloni.<br \/>1.5. Comprensione scritta.<br \/>1.6. Gioco.<br \/>1.7. Pronuncia e intonazione.<\/UL><\/p>\n<p><strong>UD2. Seconda unit\u00e0: un incidente stradale.<\/strong><UL>2.1. Un incidente stradale.<br \/>2.2. Imperativo formale.<br \/>2.3. Interazione.<br \/>2.4. L\u2019imperativo informale.<br \/>2.5. Comprensione scritta.<br \/>2.6. Pronuncia e intonazione.<\/UL><\/p>\n<p><strong>UD3. Terza unit\u00e0: al pronto soccorso.<\/strong><UL>3.1. Al pronto soccorso.<br \/>3.2. Imperativo del tu + pronomi.<br \/>3.3. Imperativo informale negativo (tu).<br \/>3.4. Ogni male ha il suo rimedio.<br \/>3.5. Comprensione scritta.<br \/>3.6. Compito scritto.<br \/>3.7. Pronuncia e intonazione.<\/UL><\/p>\n<p><strong>UD4. Quarta unit\u00e0: gli esami.<\/strong><UL>4.1. Gli esami.<br \/>4.2. Comparativi.<br \/>4.3. Comprensione orale.<br \/>4.4. Compito scritto.<br \/>4.5. Dimostrativi.<br \/>4.6. Lettura e comprensione.<\/UL><\/p>\n<p><strong>UD5. Quinta unit\u00e0: il concorso di cucina.<\/strong><UL>5.1. Comprensione e pronuncia.<br \/>5.2. Ora tocca a te!.<br \/>5.3. Futuro anteriore.<br \/>5.4. Comprensione scritta.<br \/>5.5. Produzione scritta.<br \/>5.6. Pronome ne.<\/UL><\/p>\n<p><strong>UD6. Sesta unit\u00e0: appuntamento per venerd\u00ec.<\/strong><UL>6.1. Comprensione e pronuncia.<br \/>6.2. Produzione scritta.<br \/>6.3. Altri usi del futuro.<br \/>6.5. Comprensione scritta.<br \/>6.6. Produzione scritta.<br \/>6.7. Pronome ci.<\/UL><\/p>\n<p><strong>UD7. Settima unit\u00e0: la partenza.<\/strong><UL>7.1. Comprensione dell\u2019ascolto e pronuncia.<br \/>7.2. Correzione formale.<br \/>7.3. Per scusarsi.<br \/>7.4. Compito scritto.<br \/>7.5. Comprensione scritta.<br \/>7.6. Pronuncia e intonazione.<\/UL><\/p>\n<p><strong>UD8. Ottava unit\u00e0: viaggio a roma.<\/strong><UL>8.1. Il viaggio.<br \/>8.2. Il condizionale composto.<br \/>8.3. Certo, forse, non.<br \/>8.4. Comparativi.<br \/>8.5. Comparativi fra verbi.<br \/>8.6. Comprensione e produzione scritta.<\/UL><\/p>\n<p><strong>UD9. Nona unit\u00e0: come sarebbe stato bello.<\/strong><UL>9.1. Comprensione orale.<br \/>9.2. Correzione formale.<br \/>9.3. Aiutiamo dani!.<br \/>9.4. Compito scritto.<br \/>9.5. Comprensione scritta.<br \/>9.6. Pronuncia e intonazione.<\/UL><\/p>\n<p><strong>UD10. Decima unit\u00e0: il lavoro.<\/strong><UL>10.1. Il lavoro.<br \/>10.2. Le opinioni.<br \/>10.3. Comparativi particolari.<br \/>10.4. I tempi.<br \/>10.5. Il colloquio di lavoro.<br \/>10.6. Comprensione scritta.<br \/>10.7. Pronuncia e intonazione.<\/UL><\/p>\n<p><strong>UD11. Undicesima unit\u00e0: mamma mia che bambini!.<\/strong><UL>11.1. Per cominciare.<br \/>11.2. Momento grammaticale.<br \/>11.3. I superlativi.<br \/>11.4. Comprensione scritta.<br \/>11.5. Compito scritto.<\/UL><\/p>\n<p><strong>UD12. Dodicesima unit\u00e0: \u00e8 possibile.<\/strong><UL>12.1. Per cominciare.<br \/>12.2. Momento grammaticale.<br \/>12.3. Compito scritto.<br \/>12.4. Aver fatto.<br \/>12.5. Pronomi impersonali.<br \/>12.6. Comprensione scritta.<br \/>12.7. Pronuncia e intonazione.<\/UL><\/p>\n<p><strong>UD13. Tredicesima unit\u00e0: un treno che parta.<\/strong><UL>13.1. Un treno che parta.<br \/>13.2. Momento grammaticale.<br \/>13.3. Comprensione scritta.<br \/>13.4. Pronuncia e intonazione.<\/UL><\/p>\n<p><strong>UD14. Quattordicesima unit\u00e0: prima che sia tardi.<\/strong><UL>14.1. Prima che sia tardi.<br \/>14.2. Momento gramaticale.<br \/>14.3. Tocca a te.<br \/>14.4. Correzione formale.<\/UL><\/p>\n<p><strong>UD15. Quindicesima unit\u00e0: tutto arriver\u00e0&#8230; Ovvero chi vivr\u00e0 vedr\u00e0.<\/strong><UL>15.1. Il giorno arriva.<br \/>15.2. Correzione formale.<br \/>15.3. Ci sono modi e modi.<br \/>15.4. Pronuncia e intonazione.<br \/>15.5. Compito scritto.<\/UL><\/p>\n","protected":false},"excerpt":{"rendered":"<ul>\n<li>Comprender el sentido general, los puntos principales e informaci\u00f3n de textos orales, bien estructurados, trasmitidos de viva voz o por medios t\u00e9cnicos (tel\u00e9fono, televisi\u00f3n, megafon\u00eda, etc.<\/li>\n<li>), articulados a una velocidad normal, en un registro formal o neutro y siempre que las condiciones ac\u00fasticas sean buenas y el mensaje no est\u00e9 distorsionado.<\/li>\n<li>Estos textos versar\u00e1n de temas habituales, preferentemente en los \u00e1mbitos personal o p\u00fablico.<\/li>\n<li>Producir textos orales, principalmente en comunicaci\u00f3n cara a cara, pero tambi\u00e9n por tel\u00e9fono u otros medios t\u00e9cnicos, en un registro neutro.<\/li>\n<li>Comunicarse de forma comprensible, aunque resulten evidentes el acento extranjero, las pausas y los titubeos y sea necesaria la repetici\u00f3n, la par\u00e1frasis y la cooperaci\u00f3n de los interlocutores para mantener la comunicaci\u00f3n.<\/li>\n<li>Comprender el sentido, las partes e informaci\u00f3n de textos con un registro formal o neutro y vocabulario en su mayor parte frecuente.<\/li>\n<li>Escribir textos en un registro neutro o formal, utilizando adecuadamente los recursos de cohesi\u00f3n y las convenciones ortogr\u00e1ficas y de puntuaci\u00f3n esenciales.<\/li>\n<li>Estos textos se referir\u00e1n principalmente al \u00e1mbito personal y p\u00fablico.<\/li>\n<\/ul>\n","protected":false},"featured_media":715,"comment_status":"open","ping_status":"closed","template":"","meta":{"neve_meta_sidebar":"","neve_meta_container":"","neve_meta_enable_content_width":"","neve_meta_content_width":0,"neve_meta_title_alignment":"","neve_meta_author_avatar":"","neve_post_elements_order":"","neve_meta_disable_header":"","neve_meta_disable_footer":"","neve_meta_disable_title":""},"product_brand":[],"product_cat":[22,23,27],"product_tag":[],"class_list":{"0":"post-727","1":"product","2":"type-product","3":"status-publish","4":"has-post-thumbnail","6":"product_cat-cursos","7":"product_cat-cursos-de-especializacion","8":"product_cat-idiomas","10":"first","11":"instock","12":"sold-individually","13":"shipping-taxable","14":"purchasable","15":"product-type-simple"},"_links":{"self":[{"href":"https:\/\/camonclass.com\/tienda\/wp-json\/wp\/v2\/product\/727","targetHints":{"allow":["GET"]}}],"collection":[{"href":"https:\/\/camonclass.com\/tienda\/wp-json\/wp\/v2\/product"}],"about":[{"href":"https:\/\/camonclass.com\/tienda\/wp-json\/wp\/v2\/types\/product"}],"replies":[{"embeddable":true,"href":"https:\/\/camonclass.com\/tienda\/wp-json\/wp\/v2\/comments?post=727"}],"wp:featuredmedia":[{"embeddable":true,"href":"https:\/\/camonclass.com\/tienda\/wp-json\/wp\/v2\/media\/715"}],"wp:attachment":[{"href":"https:\/\/camonclass.com\/tienda\/wp-json\/wp\/v2\/media?parent=727"}],"wp:term":[{"taxonomy":"product_brand","embeddable":true,"href":"https:\/\/camonclass.com\/tienda\/wp-json\/wp\/v2\/product_brand?post=727"},{"taxonomy":"product_cat","embeddable":true,"href":"https:\/\/camonclass.com\/tienda\/wp-json\/wp\/v2\/product_cat?post=727"},{"taxonomy":"product_tag","embeddable":true,"href":"https:\/\/camonclass.com\/tienda\/wp-json\/wp\/v2\/product_tag?post=727"}],"curies":[{"name":"wp","href":"https:\/\/api.w.org\/{rel}","templated":true}]}}