{"id":728,"date":"2022-07-25T16:38:29","date_gmt":"2022-07-25T16:38:29","guid":{"rendered":"https:\/\/camonclass.vertice.org\/formacion\/italiano-preparacion-de-examen-b1\/"},"modified":"2022-07-25T16:38:29","modified_gmt":"2022-07-25T16:38:29","slug":"italiano-preparacion-de-examen-b1","status":"publish","type":"product","link":"https:\/\/camonclass.com\/tienda\/formacion\/italiano-preparacion-de-examen-b1\/","title":{"rendered":"ITALIANO. PREPARACI\u00d3N DE EXAMEN B1"},"content":{"rendered":"<p><strong>UD1. Chiuso per feire.<\/strong><UL>1.1. Comprensione auditiva.<br \/>1.2. Pronuncia e intonazione.<br \/>1.3. Compito.<br \/>1.4. Te lo ricordi?.<br \/>1.5. Facciamo un po di pratica: La mail.<br \/>1.6. Le vacanze.<br \/>1.7. Che fare in citt\u00e1?.<br \/>1.8. Comprensione della lettura.<br \/>1.9. La certeza in un\u00b4ipotesi.<\/UL><\/p>\n<p><strong>UD2. Si ricomincia a lavorare.<\/strong><UL>2.1. Sondaggio.<br \/>2.2. Comprensione orale.<br \/>2.3. Pronuncia e intonazione.<br \/>2.4. Ora tocca a te.<br \/>2.5. Correzione formale.<br \/>2.6. L\u2019Italia e la sua gente.<br \/>2.7. Comprensione scritta.<br \/>2.8. Produzione scritta.<\/UL><\/p>\n<p><strong>UD3. I tempi che furono.<\/strong><UL>3.1. Comprensione orale.<br \/>3.2. Raccontare la storia.<br \/>3.3. Il passato remoto.<br \/>3.4. Posteririt\u00e0 nel passato.<br \/>3.5. Schema dei tempi passati.<br \/>3.6. Ora tocca a te.<br \/>3.7. Pronuncia e intonazione.<\/UL><\/p>\n<p><strong>UD4. Fu allira che vidi il pendolo fu.<\/strong><UL>4.1. Mi raccomandi qualche libro?.<br \/>4.2. Parliamo di libri.<br \/>4.3. Lettura analitica.<br \/>4.4. Correzione formale.<br \/>4.5. Comprensione del testo.<br \/>4.6. Compito scritto.<br \/>4.7. Pronuncia.<\/UL><\/p>\n<p><strong>UD5. Una serata alla scala.<\/strong><UL>5.1. Compresione dell\u00b4ascolto.<br \/>5.2. Ora tocca a te !.<br \/>5.3. Comprensione del testo.<br \/>5.4. Correzione formale.<br \/>5.5. La causa e la conseguenza.<\/UL><\/p>\n<p><strong>UD6. Non sapevo che non abitasse pi\u00f9 qui!.<\/strong><UL>6.1. Comprensione dell\u00b4ascolto.<br \/>6.2. Correzione formale.<br \/>6.3. Forme irregolari.<br \/>6.4. Produzione.<br \/>6.5. Dibattito: citt\u00e0 o campgna.<br \/>6.6. Comprensione del testo.<br \/>6.7. Produzione libera.<\/UL><\/p>\n<p><strong>UD7. Se tu sapessi\u2026.<\/strong><UL>7.1. Comprensione dell\u00b4ascolto.<br \/>7.2. Correzione formale.<br \/>7.3. Comprensione del testo.<br \/>7.4. Ora tocca a te!.<\/UL><\/p>\n<p><strong>UD8. Se tu fossi stata in me avrestifatto la stessa cosa.<\/strong><UL>8.1. Comprensione dell\u00b4ascolto.<br \/>8.2. La possibilit\u00e0.<br \/>8.3. Possibilit\u00e0 e impossibilit\u00e0.<br \/>8.4. Mi dispiace ma.<br \/>8.5. Le conseguenze del passato.<br \/>8.6. Se fossi stato in lui.<\/UL><\/p>\n<p><strong>UD9. La scuola va salvata.<\/strong><UL>9.1. Comprensione dell\u00b4ascolto.<br \/>9.2. Comprensione del testo.<br \/>9.3. Correzione formale.<br \/>9.4. Altri verbi ausiliari.<br \/>9.5. Produzione orale e scritta.<br \/>9.6. Si passivante.<\/UL><\/p>\n<p><strong>UD10. Ho letto sul giornale che&#8230;.<\/strong><UL>10.1. Comprensione dell\u00b4ascolto.<br \/>10.2. Ora tocca a te.<br \/>10.3. Rilettura e trasformazione.<br \/>10.4. Discorso indiretto al presente e al passato.<br \/>10.5. Produzione orale o scritta.<br \/>10.6. Analisi formale.<\/UL><\/p>\n","protected":false},"excerpt":{"rendered":"<ul>\n<li>Conseguir que los alumnos: sean capaces de sacarle partido a un repertorio amplio pero sencillo de vocabulario, estructuras y f\u00f3rmulas aprendidas; pongan en juego los conocimientos generales del mundo hispano (referentes culturales, normas y convenciones de car\u00e1cter sociocultural) que necesitan para desenvolverse en las diferentes transacciones en las que participan; se comuniquen adecuadamente en un registro neutro, aunque con suficiente flexibilidad como para adaptarse a diferentes situaciones; se expresen con razonable correcci\u00f3n, aunque vacilen o hagan pausas para pensar lo que van a decir y cometan errores (especialmente de pronunciaci\u00f3n) sobre todo en situaciones imprevistas y de cierta tensi\u00f3n; sepan c\u00f3mo pedir a alguien que aclare o desarrolle lo que acaba de decir; sean capaces de realizar las transacciones que se requieren en la organizaci\u00f3n de un viaje o durante su desarrollo o en situaciones menos habituales en comercios, agencias de alquiler de coches, oficinas de correos, bancos, etc.; sean capaces de plantear quejas y de relatar detalles de situaciones imprevistas (robos, accidentes, etc.).<\/li>\n<\/ul>\n","protected":false},"featured_media":715,"comment_status":"open","ping_status":"closed","template":"","meta":{"neve_meta_sidebar":"","neve_meta_container":"","neve_meta_enable_content_width":"","neve_meta_content_width":0,"neve_meta_title_alignment":"","neve_meta_author_avatar":"","neve_post_elements_order":"","neve_meta_disable_header":"","neve_meta_disable_footer":"","neve_meta_disable_title":""},"product_brand":[],"product_cat":[22,23,27],"product_tag":[],"class_list":{"0":"post-728","1":"product","2":"type-product","3":"status-publish","4":"has-post-thumbnail","6":"product_cat-cursos","7":"product_cat-cursos-de-especializacion","8":"product_cat-idiomas","10":"first","11":"instock","12":"sold-individually","13":"shipping-taxable","14":"purchasable","15":"product-type-simple"},"_links":{"self":[{"href":"https:\/\/camonclass.com\/tienda\/wp-json\/wp\/v2\/product\/728","targetHints":{"allow":["GET"]}}],"collection":[{"href":"https:\/\/camonclass.com\/tienda\/wp-json\/wp\/v2\/product"}],"about":[{"href":"https:\/\/camonclass.com\/tienda\/wp-json\/wp\/v2\/types\/product"}],"replies":[{"embeddable":true,"href":"https:\/\/camonclass.com\/tienda\/wp-json\/wp\/v2\/comments?post=728"}],"wp:featuredmedia":[{"embeddable":true,"href":"https:\/\/camonclass.com\/tienda\/wp-json\/wp\/v2\/media\/715"}],"wp:attachment":[{"href":"https:\/\/camonclass.com\/tienda\/wp-json\/wp\/v2\/media?parent=728"}],"wp:term":[{"taxonomy":"product_brand","embeddable":true,"href":"https:\/\/camonclass.com\/tienda\/wp-json\/wp\/v2\/product_brand?post=728"},{"taxonomy":"product_cat","embeddable":true,"href":"https:\/\/camonclass.com\/tienda\/wp-json\/wp\/v2\/product_cat?post=728"},{"taxonomy":"product_tag","embeddable":true,"href":"https:\/\/camonclass.com\/tienda\/wp-json\/wp\/v2\/product_tag?post=728"}],"curies":[{"name":"wp","href":"https:\/\/api.w.org\/{rel}","templated":true}]}}