{"id":729,"date":"2022-07-25T16:38:29","date_gmt":"2022-07-25T16:38:29","guid":{"rendered":"https:\/\/camonclass.vertice.org\/formacion\/aleman-preparacion-de-examen-a1\/"},"modified":"2022-07-25T16:38:29","modified_gmt":"2022-07-25T16:38:29","slug":"aleman-preparacion-de-examen-a1","status":"publish","type":"product","link":"https:\/\/camonclass.com\/tienda\/formacion\/aleman-preparacion-de-examen-a1\/","title":{"rendered":"ALEM\u00c1N. PREPARACI\u00d3N DE EXAMEN A1"},"content":{"rendered":"<p><strong>UD1. Hallo! Wie geht\u2019s? \/ \u00a1Hola! \u00bfQu\u00e9 tal?.<\/strong><UL>1.1. Saludo y presentaci\u00f3n (Begr\u00fc\u00dfung und vorstellung).<br \/>1.2. \u00bfC\u00f3mo est\u00e1 Ud.? Wie geht es ihnen? \u00bfC\u00f3mo est\u00e1s t\u00fa? Wie geht es dir?.<br \/>1.3. Das alphabet.<br \/>1.4. Direcciones y n\u00fameros de tel\u00e9fono adressen und telefonnummern.<\/UL><\/p>\n<p><strong>UD2. Woher kommen sie? \/ \u00bfDe d\u00f3nde es?.<\/strong><UL>2.1. Procedencia y lenguas (Herkunft und sprachen).<br \/>2.2. \u00bf\u00e9l o ella? \u201eer\u201d oder \u201esie\u201d? \u00bfqui\u00e9n es? Wer ist das?.<br \/>2.3. Presentar a otros andere vorstellen.<br \/>2.4. Zahlen: null bis hundert (0-100).<br \/>2.5. Menschen am airport.<\/UL><\/p>\n<p><strong>UD3. Im hotel \/ en el hotel.<\/strong><UL>3.1. An der rezeption.<br \/>3.2. Das hotelzimmer.<br \/>3.3. En la recepci\u00f3n &#8211; an der rezeption.<\/UL><\/p>\n<p><strong>UD4. Essen und trinken \/ Comer y beber.<\/strong><UL>4.1. \u00bfqu\u00e9 come y qu\u00e9 bebe la gente? Was essen und trinken die leute?.<br \/>4.2. \u00bfqu\u00e9 le gusta comer? Was essen und trinken sie gerne?.<br \/>4.3. Im restaurant.<\/UL><\/p>\n<p><strong>UD5. Auf dem markt \/ En el mercado.<\/strong><UL>5.1. Einkaufen.<br \/>5.2. Ein sonntagmorgen auf dem fischmarkt.<br \/>5.3. Im supermarkt.<\/UL><\/p>\n<p><strong>UD6. Mein tag! \/ Mi d\u00eda.<\/strong><UL>6.1. Ein tag im leben von irene mutter.<br \/>6.2. El transcurso del d\u00eda &#8211; der tagesablauf.<br \/>6.3. Die uhrzeit: wie sp\u00e4t ist es? Es ist.<br \/>6.4. Fitness-center f\u00fcr frauen: stundenplan.<br \/>6.5. Mein tag.<\/UL><\/p>\n<p><strong>UD7. Freizeit \/ El tiempo libre.<\/strong><UL>7.1. Modalverben. Erg\u00e4nzen sie die tabelle.<br \/>7.2. Sprechen sie. Schreiben sie s\u00e4tze.<br \/>7.3. Frei + zeit + stress.<br \/>7.4. Eine umfrage zum thema freizeit.<\/UL><\/p>\n<p><strong>UD8. Die neue wohnung \/ El piso nuevo.<\/strong><UL>8.1. Vivir en alemania \/ wohnen in deutschland.<br \/>8.2. Eine wohnung mieten.<br \/>8.3. Die neue wohnung.<br \/>8.4. M\u00f6bel.<br \/>8.5. Im m\u00f6belhaus.<br \/>8.6. Mein traumhaus.<br \/>8.7. Die hausordnung.<\/UL><\/p>\n<p><strong>UD9. Gesundheit! \/ \u00a1Salud!.<\/strong><UL>9.1. K\u00f6rperteile.<br \/>9.2. Es geht mir nicht gut.<br \/>9.3. Concertar una cita &#8211; einen termin vereinbaren.<br \/>9.4. Beim arzt.<br \/>9.5. In der potheke.<\/UL><\/p>\n<p><strong>UD10. Im fitnessstudio \/ En el gimnasio.<\/strong><UL>10.1. \u00dcbungen mit dem gymnastikball. Wechselpr\u00e4positionen.<\/UL><\/p>\n<p><strong>UD11. Ein wochenende auf r\u00fcgen \/ Un fin de semana en r\u00fcgen.<\/strong><\/p>\n<p><strong>UD12. Herzlichen gl\u00fcckwunsch \/ Felicidades.<\/strong><UL>12.1. Las estaciones y los meses &#8211; die jahreszeiten und die monate.<br \/>12.2. Der kalender.<br \/>12.3. Ingrid und bernd haben endlich alle m\u00f6bel. Die wohnung ist fertig. Sie wollen eine einweihungsparty machen und laden ihre freunde ein.<br \/>12.4. Gl\u00fcckw\u00fcnsche.<\/UL><\/p>\n<p><strong>UD4. Geschenke und mode \/ Regalos y moda.<\/strong><UL>4.1. Geschenke f\u00fcr die neue wohnung.<br \/>4.2. Vorschl\u00e4ge machen \u2013 hacer propuestas.<br \/>4.3. \u00dcber vorlieben sprechen und diese begr\u00fcnden (denn, deshalb).<br \/>4.4. Die kleidung.<br \/>4.5. \u00dcber kleidung sprechen.<\/UL><\/p>\n<p><strong>UD14. Die einweihungsparty \/ La fiesta de inauguraci\u00f3n.<\/strong><UL>14.1. Auf dem flur \/ an der haust\u00fcr.<br \/>14.2. Im wohnzimmer.<br \/>14.3. Ingrid zeigt den freunden die neue wohnung. H\u00f6ren sie den dialog und schreiben sie die namen von den r\u00e4umen in die skizze.<br \/>14.4. Lesen sie den text.<br \/>14.5. H\u00f6ren sie den dialog zwischen juan und j\u00f6rg.<br \/>14.6. Lesen sie den text und beantworten sie dann die fragen das kann ich auf deutsch.<\/UL><\/p>\n","protected":false},"excerpt":{"rendered":"<ul>\n<li>Comprender el sentido general, los puntos principales e informaci\u00f3n de textos orales, bien estructurados, trasmitidos de viva voz o por medios t\u00e9cnicos (tel\u00e9fono, televisi\u00f3n, megafon\u00eda, etc.<\/li>\n<li>), articulados a una velocidad normal, en un registro formal o neutro y siempre que las condiciones ac\u00fasticas sean buenas y el mensaje no est\u00e9 distorsionado.<\/li>\n<li>Estos textos versar\u00e1n de temas habituales, preferentemente en los \u00e1mbitos personal o p\u00fablico.<\/li>\n<li>Producir textos orales, principalmente en comunicaci\u00f3n cara a cara, pero tambi\u00e9n por tel\u00e9fono u otros medios t\u00e9cnicos, en un registro neutro.<\/li>\n<li>Comunicarse de forma comprensible, aunque resulten evidentes el acento extranjero, las pausas y los titubeos y sea necesaria la repetici\u00f3n, la par\u00e1frasis y la cooperaci\u00f3n de los interlocutores para mantener la comunicaci\u00f3n.<\/li>\n<li>Comprender el sentido, las partes e informaci\u00f3n de textos con un registro formal o neutro y vocabulario en su mayor parte frecuente.<\/li>\n<li>Escribir textos en un registro neutro o formal, utilizando adecuadamente los recursos de cohesi\u00f3n y las convenciones ortogr\u00e1ficas y de puntuaci\u00f3n esenciales.<\/li>\n<li>Estos textos se referir\u00e1n principalmente al \u00e1mbito personal y p\u00fablico.<\/li>\n<\/ul>\n","protected":false},"featured_media":715,"comment_status":"open","ping_status":"closed","template":"","meta":{"neve_meta_sidebar":"","neve_meta_container":"","neve_meta_enable_content_width":"","neve_meta_content_width":0,"neve_meta_title_alignment":"","neve_meta_author_avatar":"","neve_post_elements_order":"","neve_meta_disable_header":"","neve_meta_disable_footer":"","neve_meta_disable_title":""},"product_brand":[],"product_cat":[22,23,27],"product_tag":[],"class_list":{"0":"post-729","1":"product","2":"type-product","3":"status-publish","4":"has-post-thumbnail","6":"product_cat-cursos","7":"product_cat-cursos-de-especializacion","8":"product_cat-idiomas","10":"first","11":"instock","12":"sold-individually","13":"shipping-taxable","14":"purchasable","15":"product-type-simple"},"_links":{"self":[{"href":"https:\/\/camonclass.com\/tienda\/wp-json\/wp\/v2\/product\/729","targetHints":{"allow":["GET"]}}],"collection":[{"href":"https:\/\/camonclass.com\/tienda\/wp-json\/wp\/v2\/product"}],"about":[{"href":"https:\/\/camonclass.com\/tienda\/wp-json\/wp\/v2\/types\/product"}],"replies":[{"embeddable":true,"href":"https:\/\/camonclass.com\/tienda\/wp-json\/wp\/v2\/comments?post=729"}],"wp:featuredmedia":[{"embeddable":true,"href":"https:\/\/camonclass.com\/tienda\/wp-json\/wp\/v2\/media\/715"}],"wp:attachment":[{"href":"https:\/\/camonclass.com\/tienda\/wp-json\/wp\/v2\/media?parent=729"}],"wp:term":[{"taxonomy":"product_brand","embeddable":true,"href":"https:\/\/camonclass.com\/tienda\/wp-json\/wp\/v2\/product_brand?post=729"},{"taxonomy":"product_cat","embeddable":true,"href":"https:\/\/camonclass.com\/tienda\/wp-json\/wp\/v2\/product_cat?post=729"},{"taxonomy":"product_tag","embeddable":true,"href":"https:\/\/camonclass.com\/tienda\/wp-json\/wp\/v2\/product_tag?post=729"}],"curies":[{"name":"wp","href":"https:\/\/api.w.org\/{rel}","templated":true}]}}