{"id":730,"date":"2022-07-25T16:38:29","date_gmt":"2022-07-25T16:38:29","guid":{"rendered":"https:\/\/camonclass.vertice.org\/formacion\/aleman-preparacion-de-examen-a2\/"},"modified":"2022-07-25T16:38:29","modified_gmt":"2022-07-25T16:38:29","slug":"aleman-preparacion-de-examen-a2","status":"publish","type":"product","link":"https:\/\/camonclass.com\/tienda\/formacion\/aleman-preparacion-de-examen-a2\/","title":{"rendered":"ALEM\u00c1N. PREPARACI\u00d3N DE EXAMEN A2"},"content":{"rendered":"<p><strong>UD1. Personas y lenguas. Menschen und sprachen.<\/strong><UL>1.1. Die deutsche sprache.<br \/>1.2. Meine lernbiografi e &#8211; mi biograf\u00eda de aprendizaje.<br \/>1.3. Im kursraum &#8211; en el aula.<br \/>1.4. Mein deutsches lieblingswort &#8211; mi palabra favorita en alem\u00e1n.<\/UL><\/p>\n<p><strong>UD2. \u00a1Buen viaje!. Gute fahrt!.<\/strong><UL>2.1. Der schwarzwald. \u2013 la selva negra.<br \/>2.2. Urlaubsangebote. Ferienwohnungen &#8211; ofertas de viaje. Apartamentos tur\u00edsticos.<br \/>2.3. Fortbewegungsmittel \u2013 medios de transporte.<br \/>2.4. Kausalsatz: etwas begr\u00fcnden mit \u201cweil\u201d oder \u201cdenn\u201d.<br \/>2.5. Etwas vergleichen &#8211; comparar algo.<br \/>2.6. Eine reise planen.<br \/>2.7. Im reiseb\u00fcro: eine reise buchen.<br \/>2.8. Eine reise buchen \u2013 contratar un viaje.<\/UL><\/p>\n<p><strong>UD3. Viajando. Auf reisen.<\/strong><UL>3.1. Landschaften &#8211; paisajes.<br \/>3.2. Eine landschaft beschreiben \u2013 describir un paisaje.<br \/>3.3. Konditionalsatz \/ oraciones condicionales: wenn \u2026, dann.<br \/>3.4. Urlaub vom alltag \u2013 vacaciones de la vida cotidiana.<br \/>3.5. In einer stadt: wien.<br \/>3.6. Hier geht\u2019s lang &#8211; se va por aqu\u00ed.<\/UL><\/p>\n<p><strong>UD4. \u00a1Qu\u00e9 bien te queda!. Das steht dir aber gut!.<\/strong><UL>4.1. Das aussehen \/ el aspecto f\u00edsico.<br \/>4.2. Sehen sie die k\u00f6rperteile an.<br \/>4.3. Tratsch am strand.<br \/>4.4. Am meer.<br \/>4.5. In der strandboutique.<\/UL><\/p>\n<p><strong>UD5. (Alemania) multicultural. Multi-kulti.<\/strong><UL>5.1. Die loveparade (1989 \u2013 2010).<br \/>5.2. K\u00fcnstler ausl\u00e4ndischer herkunft.<br \/>5.3. Im museum \/ in der hamburger kunsthalle.<br \/>5.4. Einen opernbesuch organisieren.<\/UL><\/p>\n<p><strong>UD6. Escolarizaci\u00f3n y formaci\u00f3n. Schule und ausbildung.<\/strong><UL>6.1. Berufe und t\u00e4tigkeiten \/ profesiones y actividades.<br \/>6.2. Berufsw\u00fcnsche \/deseos profesionales.<br \/>6.3. Das schulsystem \/ el regimen de ense\u00f1anza.<br \/>6.4. Lern- und berufsbiografi en verstehen.<\/UL><\/p>\n<p><strong>UD7. La vida laboral. Berufsalltag.<\/strong><UL>7.1. Die arbeitssuche.<br \/>7.2. Der lebenslauf.<br \/>7.3. H\u00f6fl iche gespr\u00e4che am telefon.<br \/>7.4. Die arbeit im b\u00fcro.<\/UL><\/p>\n<p><strong>UD8. Medios de comunicaci\u00f3n. Medien.<\/strong><UL>8.1. \u00dcber die entstehung der kommunikationsmedien.<br \/>8.2. Jugendliche und die medien.<br \/>8.3. Einkaufen im internet.<br \/>8.4. Funktionen von ger\u00e4ten beschreiben.<\/UL><\/p>\n<p><strong>UD9. Mi querida familia. Die liebe verwandschaft.<\/strong><UL>9.1. Meine familie.<br \/>9.2. Familienstrukturen.<br \/>9.3. Familie heute.<br \/>9.4. 3 frauen \u2013 3 generationen.<br \/>9.5. Beziehungen beschreiben.<\/UL><\/p>\n<p><strong>UD10. Sobre relaciones personales. Beziehungskiste.<\/strong><UL>10.2. Refl exive verben &#8211; verbos refl exivos.<br \/>10.4. Kreislauf einer beziehung.<br \/>10.5. Rund um das heiraten \u2013 traditionen in deutschland.<br \/>10.6. Einladungen.<\/UL><\/p>\n<p><strong>UD11. Recuerdos de la infancia. Erinnerungen an die kindheit.<\/strong><UL>11.1. Kindheitserinnerungen.<br \/>11.2. M\u00e4rchen erz\u00e4hlen.<\/UL><\/p>\n<p><strong>UD12. Mi ciudad. Meine stadt.<\/strong><UL>12.2. \u00dcber eine stadt sprechen.<br \/>12.3. Von einer sehensw\u00fcrdigkeit erz\u00e4hlen.<br \/>12.4. Bekannte berliner.<\/UL><\/p>\n<p><strong>UD13. Lejos de casa. In der ferne.<\/strong><UL>13.1. Lebenstr\u00e4ume und realit\u00e4ten \u2013 sue\u00f1os y realidades de la vida.<br \/>13.2. Im ausland leben.<br \/>13.3. Probleme im ausland \u2013 ratschl\u00e4ge geben \/ problemas en el extranjero \u2013 dar consejos.<br \/>13.4. Heimat.<\/UL><\/p>\n<p><strong>UD5. Un vistazo al futuro. Blick in die zukunft.<\/strong><UL>5.1. Zukunftsprognosen.<br \/>5.2. Der blick in die zukunft1.<br \/>5.3. Versprechungen machen \/ hacer promesas.<br \/>5.4. Das wetter.<\/UL><\/p>\n<p><strong>UD15. Un viaje por Aleman(ia). Die Deutsch(land)reise.<\/strong><UL>15.1. Feste in Deutschland.<br \/>15.2. Herkunft und br\u00e4uche.<\/UL><\/p>\n","protected":false},"excerpt":{"rendered":"<ul>\n<li>Comprender el sentido general, los puntos principales e informaci\u00f3n de textos orales, bien estructurados, trasmitidos de viva voz o por medios t\u00e9cnicos (tel\u00e9fono, televisi\u00f3n, megafon\u00eda, etc.<\/li>\n<li>), articulados a una velocidad normal, en un registro formal o neutro y siempre que las condiciones ac\u00fasticas sean buenas y el mensaje no est\u00e9 distorsionado.<\/li>\n<li>Estos textos versar\u00e1n de temas habituales, preferentemente en los \u00e1mbitos personal o p\u00fablico.<\/li>\n<li>Producir textos orales, principalmente en comunicaci\u00f3n cara a cara, pero tambi\u00e9n por tel\u00e9fono u otros medios t\u00e9cnicos, en un registro neutro.<\/li>\n<li>Comunicarse de forma comprensible, aunque resulten evidentes el acento extranjero, las pausas y los titubeos y sea necesaria la repetici\u00f3n, la par\u00e1frasis y la cooperaci\u00f3n de los interlocutores para mantener la comunicaci\u00f3n.<\/li>\n<li>Comprender el sentido, las partes e informaci\u00f3n de textos con un registro formal o neutro y vocabulario en su mayor parte frecuente.<\/li>\n<li>Escribir textos en un registro neutro o formal, utilizando adecuadamente los recursos de cohesi\u00f3n y las convenciones ortogr\u00e1ficas y de puntuaci\u00f3n esenciales.<\/li>\n<li>Estos textos se referir\u00e1n principalmente al \u00e1mbito personal y p\u00fablico.<\/li>\n<\/ul>\n","protected":false},"featured_media":715,"comment_status":"open","ping_status":"closed","template":"","meta":{"neve_meta_sidebar":"","neve_meta_container":"","neve_meta_enable_content_width":"","neve_meta_content_width":0,"neve_meta_title_alignment":"","neve_meta_author_avatar":"","neve_post_elements_order":"","neve_meta_disable_header":"","neve_meta_disable_footer":"","neve_meta_disable_title":""},"product_brand":[],"product_cat":[22,23,27],"product_tag":[],"class_list":{"0":"post-730","1":"product","2":"type-product","3":"status-publish","4":"has-post-thumbnail","6":"product_cat-cursos","7":"product_cat-cursos-de-especializacion","8":"product_cat-idiomas","10":"first","11":"instock","12":"sold-individually","13":"shipping-taxable","14":"purchasable","15":"product-type-simple"},"_links":{"self":[{"href":"https:\/\/camonclass.com\/tienda\/wp-json\/wp\/v2\/product\/730","targetHints":{"allow":["GET"]}}],"collection":[{"href":"https:\/\/camonclass.com\/tienda\/wp-json\/wp\/v2\/product"}],"about":[{"href":"https:\/\/camonclass.com\/tienda\/wp-json\/wp\/v2\/types\/product"}],"replies":[{"embeddable":true,"href":"https:\/\/camonclass.com\/tienda\/wp-json\/wp\/v2\/comments?post=730"}],"wp:featuredmedia":[{"embeddable":true,"href":"https:\/\/camonclass.com\/tienda\/wp-json\/wp\/v2\/media\/715"}],"wp:attachment":[{"href":"https:\/\/camonclass.com\/tienda\/wp-json\/wp\/v2\/media?parent=730"}],"wp:term":[{"taxonomy":"product_brand","embeddable":true,"href":"https:\/\/camonclass.com\/tienda\/wp-json\/wp\/v2\/product_brand?post=730"},{"taxonomy":"product_cat","embeddable":true,"href":"https:\/\/camonclass.com\/tienda\/wp-json\/wp\/v2\/product_cat?post=730"},{"taxonomy":"product_tag","embeddable":true,"href":"https:\/\/camonclass.com\/tienda\/wp-json\/wp\/v2\/product_tag?post=730"}],"curies":[{"name":"wp","href":"https:\/\/api.w.org\/{rel}","templated":true}]}}