{"id":731,"date":"2022-07-25T16:38:29","date_gmt":"2022-07-25T16:38:29","guid":{"rendered":"https:\/\/camonclass.vertice.org\/formacion\/aleman-preparacion-de-examen-b1\/"},"modified":"2022-07-25T16:38:29","modified_gmt":"2022-07-25T16:38:29","slug":"aleman-preparacion-de-examen-b1","status":"publish","type":"product","link":"https:\/\/camonclass.com\/tienda\/formacion\/aleman-preparacion-de-examen-b1\/","title":{"rendered":"ALEM\u00c1N. PREPARACI\u00d3N DE EXAMEN B1"},"content":{"rendered":"<p><strong>UD1. Auf und davon \/ marcharse.<\/strong><UL>1.1. Erinnerungen.<br \/>1.2. Junge leute und ihr weg in die zukunft.<br \/>1.3. Warum wir ins ausland gehen.<br \/>1.4. Einen aufenthalt im ausland planen.<br \/>1.5. Grammatik: kausals\u00e4tze, pr\u00e4teritum.<br \/>1.6. Wichtige w\u00f6rter und wendungen.<\/UL><\/p>\n<p><strong>UD2. Die zeit rennt \/ el tiempo corre.<\/strong><UL>2.1. \u00dcber die zeit.<br \/>2.2. Was wir mit unserer zeit machen (statistik).<br \/>2.3. Zeitempfi nden: kurzweilig, langweilig.<br \/>2.4. Die gro\u00dfe sturmfl ut 1962.<br \/>2.5. Grammatik: substantivierung von verben, komposita,.<br \/>2.6. Plusquamperfekt, s\u00e1tze mit \u201cnachdem\u201d.<br \/>2.7. Wichtige w\u00f6rter und wendungen.<\/UL><\/p>\n<p><strong>UD3. \u00c4rger im alltag \/ disgustos en la vida cotidiana.<\/strong><UL>3.1. Problemsituationen bew\u00e4ltigen.<br \/>3.2. Mobbing.<br \/>3.3. Gib mir deinen rat!.<br \/>3.4. Grammatik: konjunktiv ii der modalverben, imperativ,.<br \/>3.5. Adverbien zur graduierung von adjektiven.<br \/>3.6. Wichtige w\u00f6rter und wendungen.<\/UL><\/p>\n<p><strong>UD4. Partnerschaft: eine (un-)sachliche romanze \/ vida en Pareja: un romance (poco) objetivo.<\/strong><UL>4.1. Klischees \u00fcber m\u00e4nner und frauen.<br \/>4.2. Eine sachliche romanze.<br \/>4.3. Die super- omas und opas.<br \/>4.4. Grammatik: artikelw\u00f6rter, infi nitiv + \u201czu\u201d, nebens\u00e4tze mit \u201cdass\u201d.<br \/>4.5. Wichtige w\u00f6rter und wendungen.<br \/>4.6. Das kann ich \u2013 eine bestandsaufnahme.<\/UL><\/p>\n<p><strong>UD5. Der deutsche und sein auto: eine liebesbeziehung \/ el Alem\u00e1n y su coche: una relaci\u00f3n de amor.<\/strong><UL>5.1. Deutsche technik: deutsche und autos.<br \/>5.2. Carsharing.<br \/>5.3. Technische anweisungen.<br \/>5.4. Der trabi.<br \/>5.6. Grammatik: n-deklination, \u201cwegen\u201d + genitiv, passiv.<br \/>5.7. Wichtige w\u00f6rter und wendungen.<\/UL><\/p>\n<p><strong>UD6. Kulinarisches. Die revolution der fernsehk\u00f6che \/ deatalles Culinarios. La revoluci\u00f3n de los cocineros televisivos.<\/strong><UL>6.1. Essen in deutschland.<br \/>6.2. Die kochrevolution.<br \/>6.3. Das wiener kaff eehaus.<br \/>6.4. Grammatik: passiv, passiversatzformen mit \u201cman\u201d und \u201classen\u201d.<br \/>6.5. Wichtige w\u00f6rter und wendungen.<\/UL><\/p>\n<p><strong>UD7. Nat\u00fcrlich natur\/ naturaleza, por supuesto.<\/strong><UL>7.1. \u00dcber die umwelt.<br \/>7.2. Das wattenmeer.<br \/>7.3. Aussichten f\u00fcr die zukunft.<br \/>7.4. Im schrebergarten.<br \/>7.5. Grammatik: unpers\u00f6nliches \u201ces\u201d, doppelte konnektoren.<br \/>7.6. \u201cje&#8230;desto; nicht nur&#8230;, sondern auch&#8230;\u201d.<br \/>7.7. Wichtige w\u00f6rter und wendungen.<br \/>7.8. Das kann ich \u2013 eine bestandsaufnahme.<\/UL><\/p>\n<p><strong>UD8. Es lebe der sport \/ qu\u00e9 viva el deporte.<\/strong><UL>8.1. Deutschland \u2013 sportland.<br \/>8.2. Die deutschen und der fu\u00dfball.<br \/>8.3. Multikultureller fu\u00dfball.<br \/>8.4. Fitnesswahn.<br \/>8.5. Grammatik: temporale nebens\u00e4tze,.<br \/>8.6. Personalpronomen im dativ und akkusativ.<br \/>8.7. Wichtige w\u00f6rter und wendungen.<\/UL><\/p>\n<p><strong>UD9. Ich hab\u2019s vermasselt \/ he metido la pata.<\/strong><UL>9.1. Missverst\u00e4ndnisse.<br \/>9.2. Gebr\u00e4uche.<br \/>9.3. Eindr\u00fccke von den deutschen.<br \/>9.4. Grammatik: adversativs\u00e4tze mit \u201cobwohl\u201d.<br \/>9.5. Wichtige w\u00f6rter und wendungen.<\/UL><\/p>\n<p><strong>UD10. Das alles ist deutschland \/ todo esto es alemania.<\/strong><UL>10.1. Die rheinreise.<br \/>10.2. Eine reise planen.<br \/>10.3. Deutschland in den jahreszeiten.<br \/>10.4. Grammatik: verben mit festen pr\u00e4positionen, \u201cwof\u00fcr, womit\u2026\u201d.<br \/>10.5. Wichtige w\u00f6rter und wendungen.<\/UL><\/p>\n","protected":false},"excerpt":{"rendered":"<ul>\n<li>Sean capaces de sacarle partido a un repertorio amplio pero sencillo de vocabulario, estructuras y f\u00f3rmulas aprendidas;<\/li>\n<li>Pongan en juego los conocimientos generales del mundo hispano (referentes culturales, normas y convenciones de car\u00e1cter sociocultural) que necesitan para desenvolverse en las diferentes transacciones en las que participan; <\/li>\n<li>Se comuniquen adecuadamente en un registro neutro, aunque con suficiente flexibilidad como para adaptarse a diferentes situaciones;<\/li>\n<li>Se expresen con razonable correcci\u00f3n, aunque vacilen o hagan pausas para pensar lo que van a decir y cometan errores (especialmente de pronunciaci\u00f3n) sobre todo en situaciones imprevistas y de cierta tensi\u00f3n;<\/li>\n<li>Sepan c\u00f3mo pedir a alguien que aclare o desarrolle lo que acaba de decir;<\/li>\n<li>Sean capaces de realizar las transacciones que se requieren en la organizaci\u00f3n de un viaje o durante su desarrollo o en situaciones menos habituales en comercios, agencias de alquiler de coches, oficinas de correos, bancos, etc.;<\/li>\n<li>Sean capaces de plantear quejas y de relatar detalles de situaciones imprevistas (robos, accidentes, etc.). <\/li>\n<\/ul>\n","protected":false},"featured_media":715,"comment_status":"open","ping_status":"closed","template":"","meta":{"neve_meta_sidebar":"","neve_meta_container":"","neve_meta_enable_content_width":"","neve_meta_content_width":0,"neve_meta_title_alignment":"","neve_meta_author_avatar":"","neve_post_elements_order":"","neve_meta_disable_header":"","neve_meta_disable_footer":"","neve_meta_disable_title":""},"product_brand":[],"product_cat":[22,23,27],"product_tag":[],"class_list":{"0":"post-731","1":"product","2":"type-product","3":"status-publish","4":"has-post-thumbnail","6":"product_cat-cursos","7":"product_cat-cursos-de-especializacion","8":"product_cat-idiomas","10":"first","11":"instock","12":"sold-individually","13":"shipping-taxable","14":"purchasable","15":"product-type-simple"},"_links":{"self":[{"href":"https:\/\/camonclass.com\/tienda\/wp-json\/wp\/v2\/product\/731","targetHints":{"allow":["GET"]}}],"collection":[{"href":"https:\/\/camonclass.com\/tienda\/wp-json\/wp\/v2\/product"}],"about":[{"href":"https:\/\/camonclass.com\/tienda\/wp-json\/wp\/v2\/types\/product"}],"replies":[{"embeddable":true,"href":"https:\/\/camonclass.com\/tienda\/wp-json\/wp\/v2\/comments?post=731"}],"wp:featuredmedia":[{"embeddable":true,"href":"https:\/\/camonclass.com\/tienda\/wp-json\/wp\/v2\/media\/715"}],"wp:attachment":[{"href":"https:\/\/camonclass.com\/tienda\/wp-json\/wp\/v2\/media?parent=731"}],"wp:term":[{"taxonomy":"product_brand","embeddable":true,"href":"https:\/\/camonclass.com\/tienda\/wp-json\/wp\/v2\/product_brand?post=731"},{"taxonomy":"product_cat","embeddable":true,"href":"https:\/\/camonclass.com\/tienda\/wp-json\/wp\/v2\/product_cat?post=731"},{"taxonomy":"product_tag","embeddable":true,"href":"https:\/\/camonclass.com\/tienda\/wp-json\/wp\/v2\/product_tag?post=731"}],"curies":[{"name":"wp","href":"https:\/\/api.w.org\/{rel}","templated":true}]}}