{"id":733,"date":"2022-07-25T16:38:30","date_gmt":"2022-07-25T16:38:30","guid":{"rendered":"https:\/\/camonclass.vertice.org\/formacion\/publicacion-de-paginas-web\/"},"modified":"2022-07-25T16:38:30","modified_gmt":"2022-07-25T16:38:30","slug":"publicacion-de-paginas-web","status":"publish","type":"product","link":"https:\/\/camonclass.com\/tienda\/formacion\/publicacion-de-paginas-web\/","title":{"rendered":"Publicaci\u00f3n de p\u00e1ginas web"},"content":{"rendered":"<p><strong>UD1. Caracter\u00edsticas de Seguridad en la Publicaci\u00f3n de P\u00e1ginas Web.<\/strong><UL>1.1. Seguridad en distintos sistemas de archivos.<br \/>1.2. Permisos de acceso.<br \/>1.3. \u00d3rdenes de creaci\u00f3n modificaci\u00f3n y borrado.<\/UL><\/p>\n<p><strong>UD2. Herramientas de Transferencia de Archivos.<\/strong><UL>2.1. Par\u00e1metros de configuraci\u00f3n.<br \/>2.2. Conexi\u00f3n con sistemas remotos.<br \/>2.3. Operaciones y Comandos \/ \u00f3rdenes para transferir archivos.<br \/>2.4. Operaciones y Comandos \/ \u00f3rdenes para actualizar y eliminar archivos.<\/UL><\/p>\n<p><strong>UD3. Publicaci\u00f3n de P\u00e1ginas Web.<\/strong><UL>3.1. Buscadores gen\u00e9ricos.<br \/>3.2. Buscadores especializados.<br \/>3.3. Descriptores: palabras clave y sistemas normalizados de \u00abmetadatos\u00bb.<br \/>3.4. Aplicaciones de publicaci\u00f3n automatizada.<br \/>3.5. Procedimientos de publicaci\u00f3n.<\/UL><\/p>\n<p><strong>UD4. Pruebas y Verificaci\u00f3n de P\u00e1ginas Web.<\/strong><UL>4.1. T\u00e9cnicas de verificaci\u00f3n.<br \/>4.2. Herramientas de depuraci\u00f3n para distintos navegadores.<br \/>4.3. Navegadores: tipos y \u00abplug-ins\u00bb.<\/UL><\/p>\n","protected":false},"excerpt":{"rendered":"<ul>\n<li>Una vez finalizado el M\u00f3dulo el alumno ser\u00e1 capaz de publicar p\u00e1ginas web.<\/li>\n<li>En concreto el alumno ser\u00e1 capaz de: Identificar los recursos disponibles en el sitio web y crear la estructura de almacenamiento para la publicaci\u00f3n de las p\u00e1ginas y sus componentes.<\/li>\n<li>Transferir los archivos al sitio de publicaci\u00f3n usando las herramientas establecidas seg\u00fan especificaciones recibidas.<\/li>\n<li>Verificar las p\u00e1ginas transferidas teniendo en cuenta criterios de calidad y \u00abusabilidad\u00bb para garantizar su funcionalidad.<\/li>\n<li>Exponer las p\u00e1ginas desarrolladas en buscadores y directorios de acuerdo a los criterios de disponibilidad prefijados.<\/li>\n<\/ul>\n","protected":false},"featured_media":732,"comment_status":"open","ping_status":"closed","template":"","meta":{"neve_meta_sidebar":"","neve_meta_container":"","neve_meta_enable_content_width":"","neve_meta_content_width":0,"neve_meta_title_alignment":"","neve_meta_author_avatar":"","neve_post_elements_order":"","neve_meta_disable_header":"","neve_meta_disable_footer":"","neve_meta_disable_title":""},"product_brand":[],"product_cat":[22,23,28],"product_tag":[],"class_list":{"0":"post-733","1":"product","2":"type-product","3":"status-publish","4":"has-post-thumbnail","6":"product_cat-cursos","7":"product_cat-cursos-de-especializacion","8":"product_cat-informatica-y-comunicaciones","10":"first","11":"instock","12":"sold-individually","13":"shipping-taxable","14":"purchasable","15":"product-type-simple"},"_links":{"self":[{"href":"https:\/\/camonclass.com\/tienda\/wp-json\/wp\/v2\/product\/733","targetHints":{"allow":["GET"]}}],"collection":[{"href":"https:\/\/camonclass.com\/tienda\/wp-json\/wp\/v2\/product"}],"about":[{"href":"https:\/\/camonclass.com\/tienda\/wp-json\/wp\/v2\/types\/product"}],"replies":[{"embeddable":true,"href":"https:\/\/camonclass.com\/tienda\/wp-json\/wp\/v2\/comments?post=733"}],"wp:featuredmedia":[{"embeddable":true,"href":"https:\/\/camonclass.com\/tienda\/wp-json\/wp\/v2\/media\/732"}],"wp:attachment":[{"href":"https:\/\/camonclass.com\/tienda\/wp-json\/wp\/v2\/media?parent=733"}],"wp:term":[{"taxonomy":"product_brand","embeddable":true,"href":"https:\/\/camonclass.com\/tienda\/wp-json\/wp\/v2\/product_brand?post=733"},{"taxonomy":"product_cat","embeddable":true,"href":"https:\/\/camonclass.com\/tienda\/wp-json\/wp\/v2\/product_cat?post=733"},{"taxonomy":"product_tag","embeddable":true,"href":"https:\/\/camonclass.com\/tienda\/wp-json\/wp\/v2\/product_tag?post=733"}],"curies":[{"name":"wp","href":"https:\/\/api.w.org\/{rel}","templated":true}]}}