{"id":734,"date":"2022-07-25T16:38:30","date_gmt":"2022-07-25T16:38:30","guid":{"rendered":"https:\/\/camonclass.vertice.org\/formacion\/instalacion-y-configuracion-de-software-de-servidor-web\/"},"modified":"2022-07-25T16:38:30","modified_gmt":"2022-07-25T16:38:30","slug":"instalacion-y-configuracion-de-software-de-servidor-web","status":"publish","type":"product","link":"https:\/\/camonclass.com\/tienda\/formacion\/instalacion-y-configuracion-de-software-de-servidor-web\/","title":{"rendered":"Instalaci\u00f3n y configuraci\u00f3n de software de servidor Web"},"content":{"rendered":"<p><strong>UD1. Conceptos b\u00e1sicos de sistemas de servidores.<\/strong><UL>1.1. Sistemas operativos soportados.<br \/>1.2. Fundamentos de TCP\/IP.<br \/>1.3. Estructura Cliente \/ Servidor.<\/UL><\/p>\n<p><strong>UD2. Manejo del protocolo HTTP.<\/strong><UL>2.1. Funcionamiento y estructura.<br \/>2.2. Descripci\u00f3n de peticiones o request methods.<br \/>2.3. C\u00f3digos de estado.<br \/>2.4. Cabeceras.<br \/>2.5. Codificaci\u00f3n del contenido. P\u00e1ginas de c\u00f3digos.<br \/>2.6. Realizaci\u00f3n de peticiones HTTP en Internet mediante un proxy livehttpheaders o m\u00e9todo similar analizando el protocolo utilizado.<\/UL><\/p>\n<p><strong>UD3. Selecci\u00f3n del servidor Web.<\/strong><UL>3.1. Par\u00e1metros de funcionamiento.<br \/>3.2. Caracter\u00edsticas del servidor Web.<br \/>3.3. Funcionalidades principales.<br \/>3.4. Requisitos del sistema.<\/UL><\/p>\n<p><strong>UD4. Instalaci\u00f3n y configuraci\u00f3n b\u00e1sica del servidor Web.<\/strong><UL>4.1. Instalaci\u00f3n del servidor Web:.<br \/>4.2. Control del servicio. Inicio y parada.<br \/>4.3. Creaci\u00f3n de entradas DNS.<br \/>4.4. Par\u00e1metros b\u00e1sicos de configuraci\u00f3n.<br \/>4.5. Directivas b\u00e1sicas de configuraci\u00f3n.<br \/>4.6. Herramientas de configuraci\u00f3n.<br \/>4.7. Mantenimiento del servicio.<\/UL><\/p>\n<p><strong>UD5. M\u00f3dulos y extensiones del servidor Web.<\/strong><UL>5.1. Descripci\u00f3n de los m\u00f3dulos y extensiones del servidor Web.<br \/>5.2. Soporte a lenguajes.<\/UL><\/p>\n<p><strong>UD6. An\u00e1lisis de la seguridad del servidor Web.<\/strong><UL>6.1. Descripci\u00f3n de los conceptos b\u00e1sicos del servidor web.<br \/>6.2. Control de acceso por IP origen.<br \/>6.3. Control de acceso por usuarios.<br \/>6.4. Identificaci\u00f3n de las Conexiones seguras mediante https.<\/UL><\/p>\n","protected":false},"excerpt":{"rendered":"<ul>\n<li>Seleccionar el servidor Web, sus m\u00f3dulos y extensiones para verificar que cumplen los requisitos de ejecuci\u00f3n de las aplicaciones Web dadas <\/li>\n<li>Instalar y configurar el servidor Web en el sistema inform\u00e1tico para ofrecer funcionalidades de distribuci\u00f3n de informaci\u00f3n <\/li>\n<li>Instalar, configurar e integrar los m\u00f3dulos y extensiones del servidor Web en el sistema inform\u00e1tico <\/li>\n<\/ul>\n","protected":false},"featured_media":732,"comment_status":"open","ping_status":"closed","template":"","meta":{"neve_meta_sidebar":"","neve_meta_container":"","neve_meta_enable_content_width":"","neve_meta_content_width":0,"neve_meta_title_alignment":"","neve_meta_author_avatar":"","neve_post_elements_order":"","neve_meta_disable_header":"","neve_meta_disable_footer":"","neve_meta_disable_title":""},"product_brand":[],"product_cat":[22,23,28],"product_tag":[],"class_list":{"0":"post-734","1":"product","2":"type-product","3":"status-publish","4":"has-post-thumbnail","6":"product_cat-cursos","7":"product_cat-cursos-de-especializacion","8":"product_cat-informatica-y-comunicaciones","10":"first","11":"instock","12":"sold-individually","13":"shipping-taxable","14":"purchasable","15":"product-type-simple"},"_links":{"self":[{"href":"https:\/\/camonclass.com\/tienda\/wp-json\/wp\/v2\/product\/734","targetHints":{"allow":["GET"]}}],"collection":[{"href":"https:\/\/camonclass.com\/tienda\/wp-json\/wp\/v2\/product"}],"about":[{"href":"https:\/\/camonclass.com\/tienda\/wp-json\/wp\/v2\/types\/product"}],"replies":[{"embeddable":true,"href":"https:\/\/camonclass.com\/tienda\/wp-json\/wp\/v2\/comments?post=734"}],"wp:featuredmedia":[{"embeddable":true,"href":"https:\/\/camonclass.com\/tienda\/wp-json\/wp\/v2\/media\/732"}],"wp:attachment":[{"href":"https:\/\/camonclass.com\/tienda\/wp-json\/wp\/v2\/media?parent=734"}],"wp:term":[{"taxonomy":"product_brand","embeddable":true,"href":"https:\/\/camonclass.com\/tienda\/wp-json\/wp\/v2\/product_brand?post=734"},{"taxonomy":"product_cat","embeddable":true,"href":"https:\/\/camonclass.com\/tienda\/wp-json\/wp\/v2\/product_cat?post=734"},{"taxonomy":"product_tag","embeddable":true,"href":"https:\/\/camonclass.com\/tienda\/wp-json\/wp\/v2\/product_tag?post=734"}],"curies":[{"name":"wp","href":"https:\/\/api.w.org\/{rel}","templated":true}]}}