{"id":736,"date":"2022-07-25T16:38:30","date_gmt":"2022-07-25T16:38:30","guid":{"rendered":"https:\/\/camonclass.vertice.org\/formacion\/creacion-de-paginas-web-con-el-lenguaje-de-marcas\/"},"modified":"2022-07-25T16:38:30","modified_gmt":"2022-07-25T16:38:30","slug":"creacion-de-paginas-web-con-el-lenguaje-de-marcas","status":"publish","type":"product","link":"https:\/\/camonclass.com\/tienda\/formacion\/creacion-de-paginas-web-con-el-lenguaje-de-marcas\/","title":{"rendered":"Creaci\u00f3n de p\u00e1ginas web con el lenguaje de marcas"},"content":{"rendered":"<p><strong>UD1. Los lenguajes de marcas.<\/strong><UL>1.1. Caracter\u00edsticas de los lenguajes de marcas.<br \/>1.2. Estructura de un documento creado con lenguaje de marcas.<br \/>1.3. Navegadores web.<br \/>1.4. Marcas para dar formato al documento.<br \/>1.5. Enlaces y direccionamientos.<br \/>1.6. Marcos y capas.<\/UL><\/p>\n<p><strong>UD2. Im\u00e1genes y elementos multimedia.<\/strong><UL>2.1. Inserci\u00f3n de im\u00e1genes: formatos y atributos.<br \/>2.2. Mapas de im\u00e1genes.<br \/>2.3. Inserci\u00f3n de elementos multimedia: audio v\u00eddeo y programas.<br \/>2.4. Formatos de audio y v\u00eddeo.<br \/>2.5. Marquesinas.<\/UL><\/p>\n<p><strong>UD3. T\u00e9cnicas de accesibilidad y usabilidad.<\/strong><UL>3.1. Accesibilidad web ventajas de la accesibilidad.<br \/>3.2. Usabilidad web importancia de la usabilidad.<br \/>3.3. Aplicaciones para verificar la accesibilidad de sitios web (est\u00e1ndares).<br \/>3.4. Dise\u00f1o de sitios web usables.<br \/>3.5. Adaptaci\u00f3n de sitios web usables.<\/UL><\/p>\n<p><strong>UD4. Herramientas de edici\u00f3n web.<\/strong><UL>4.1. Instalaci\u00f3n y configuraci\u00f3n de herramientas de edici\u00f3n web.<br \/>4.2. Funciones y caracter\u00edsticas.<\/UL><\/p>\n","protected":false},"excerpt":{"rendered":"<ul>\n<li>Identificar los elementos proporcionados por los lenguajes de marcas y confeccionar p\u00e1ginas web utilizando estos lenguajes teniendo en cuenta sus especificaciones t\u00e9cnicas <\/li>\n<li>Identificar las caracter\u00edsticas y funcionalidades de las herramientas de edici\u00f3n web, y utilizarlas en la creaci\u00f3n de p\u00e1ginas web teniendo en cuenta sus entornos de desarrollo <\/li>\n<\/ul>\n","protected":false},"featured_media":732,"comment_status":"open","ping_status":"closed","template":"","meta":{"neve_meta_sidebar":"","neve_meta_container":"","neve_meta_enable_content_width":"","neve_meta_content_width":0,"neve_meta_title_alignment":"","neve_meta_author_avatar":"","neve_post_elements_order":"","neve_meta_disable_header":"","neve_meta_disable_footer":"","neve_meta_disable_title":""},"product_brand":[],"product_cat":[22,23,28],"product_tag":[],"class_list":{"0":"post-736","1":"product","2":"type-product","3":"status-publish","4":"has-post-thumbnail","6":"product_cat-cursos","7":"product_cat-cursos-de-especializacion","8":"product_cat-informatica-y-comunicaciones","10":"first","11":"instock","12":"sold-individually","13":"shipping-taxable","14":"purchasable","15":"product-type-simple"},"_links":{"self":[{"href":"https:\/\/camonclass.com\/tienda\/wp-json\/wp\/v2\/product\/736","targetHints":{"allow":["GET"]}}],"collection":[{"href":"https:\/\/camonclass.com\/tienda\/wp-json\/wp\/v2\/product"}],"about":[{"href":"https:\/\/camonclass.com\/tienda\/wp-json\/wp\/v2\/types\/product"}],"replies":[{"embeddable":true,"href":"https:\/\/camonclass.com\/tienda\/wp-json\/wp\/v2\/comments?post=736"}],"wp:featuredmedia":[{"embeddable":true,"href":"https:\/\/camonclass.com\/tienda\/wp-json\/wp\/v2\/media\/732"}],"wp:attachment":[{"href":"https:\/\/camonclass.com\/tienda\/wp-json\/wp\/v2\/media?parent=736"}],"wp:term":[{"taxonomy":"product_brand","embeddable":true,"href":"https:\/\/camonclass.com\/tienda\/wp-json\/wp\/v2\/product_brand?post=736"},{"taxonomy":"product_cat","embeddable":true,"href":"https:\/\/camonclass.com\/tienda\/wp-json\/wp\/v2\/product_cat?post=736"},{"taxonomy":"product_tag","embeddable":true,"href":"https:\/\/camonclass.com\/tienda\/wp-json\/wp\/v2\/product_tag?post=736"}],"curies":[{"name":"wp","href":"https:\/\/api.w.org\/{rel}","templated":true}]}}