{"id":737,"date":"2022-07-25T16:38:30","date_gmt":"2022-07-25T16:38:30","guid":{"rendered":"https:\/\/camonclass.vertice.org\/formacion\/elaboracion-de-hojas-de-estilo\/"},"modified":"2022-07-25T16:38:30","modified_gmt":"2022-07-25T16:38:30","slug":"elaboracion-de-hojas-de-estilo","status":"publish","type":"product","link":"https:\/\/camonclass.com\/tienda\/formacion\/elaboracion-de-hojas-de-estilo\/","title":{"rendered":"Elaboraci\u00f3n de hojas de estilo"},"content":{"rendered":"<p><strong>UD1. Hojas de estilo en la construcci\u00f3n de p\u00e1ginas web.<\/strong><UL>1.1. Funciones y caracter\u00edsticas.<br \/>1.2. Hojas de estilo y accesibilidad.<br \/>1.3. Tipos de estilo: incrustados enlazados importados en l\u00ednea.<br \/>1.4. Selectores y reglas de estilo.<br \/>1.5. Atributos de estilo para fuentes color y fondo texto y bloques (p\u00e1rrafos).<br \/>1.6. Creaci\u00f3n de ficheros de estilo.<\/UL><\/p>\n<p><strong>UD2. Dise\u00f1o ubicaci\u00f3n y optimizaci\u00f3n de los contenidos de una p\u00e1gina web.<\/strong><UL>2.1. Creaci\u00f3n de un documento funcional.<br \/>2.2. Dise\u00f1o de los contenidos.<br \/>2.3. Identificaci\u00f3n de la informaci\u00f3n a ubicar en la p\u00e1gina web.<br \/>2.4. Selecci\u00f3n de contenidos para cada elemento de la p\u00e1gina.<br \/>2.5. Utilizaci\u00f3n del documento funcional para las especificaciones del dise\u00f1o.<br \/>2.6. Tipos de p\u00e1gina para la ubicaci\u00f3n de contenidos.<br \/>2.7. Definici\u00f3n de los tipos de p\u00e1gina en base a los contenidos y funcionalidades.<br \/>2.8. Selecci\u00f3n de los tipos de p\u00e1gina para la p\u00e1gina web.<br \/>2.9. Utilizaci\u00f3n del documento funcional para las especificaciones del tipo de p\u00e1gina.<br \/>2.10. Especificaciones de navegaci\u00f3n.<br \/>2.11. Creaci\u00f3n de un mapa de navegaci\u00f3n de p\u00e1ginas.<br \/>2.12. Utilizaci\u00f3n del documento funcional para integrar el mapa de navegaci\u00f3n.<br \/>2.13. Elementos utilizados para la navegaci\u00f3n.<br \/>2.14. Elaboraci\u00f3n de una gu\u00eda de usuario.<\/UL><\/p>\n","protected":false},"excerpt":{"rendered":"<ul>\n<li>Describir las caracter\u00edsticas de las hojas de estilo para dar formato a las p\u00e1ginas web, y crear ficheros de estilo de acuerdo a un dise\u00f1o especificado <\/li>\n<li>Dise\u00f1ar, ubicar y optimizar los contenidos de una p\u00e1gina web, para adecuarla al formato de la misma, facilitar su manejo a los usuarios y optimizarla de acuerdo a un dise\u00f1o especificado <\/li>\n<\/ul>\n","protected":false},"featured_media":732,"comment_status":"open","ping_status":"closed","template":"","meta":{"neve_meta_sidebar":"","neve_meta_container":"","neve_meta_enable_content_width":"","neve_meta_content_width":0,"neve_meta_title_alignment":"","neve_meta_author_avatar":"","neve_post_elements_order":"","neve_meta_disable_header":"","neve_meta_disable_footer":"","neve_meta_disable_title":""},"product_brand":[],"product_cat":[22,23,28],"product_tag":[],"class_list":{"0":"post-737","1":"product","2":"type-product","3":"status-publish","4":"has-post-thumbnail","6":"product_cat-cursos","7":"product_cat-cursos-de-especializacion","8":"product_cat-informatica-y-comunicaciones","10":"first","11":"instock","12":"sold-individually","13":"shipping-taxable","14":"purchasable","15":"product-type-simple"},"_links":{"self":[{"href":"https:\/\/camonclass.com\/tienda\/wp-json\/wp\/v2\/product\/737","targetHints":{"allow":["GET"]}}],"collection":[{"href":"https:\/\/camonclass.com\/tienda\/wp-json\/wp\/v2\/product"}],"about":[{"href":"https:\/\/camonclass.com\/tienda\/wp-json\/wp\/v2\/types\/product"}],"replies":[{"embeddable":true,"href":"https:\/\/camonclass.com\/tienda\/wp-json\/wp\/v2\/comments?post=737"}],"wp:featuredmedia":[{"embeddable":true,"href":"https:\/\/camonclass.com\/tienda\/wp-json\/wp\/v2\/media\/732"}],"wp:attachment":[{"href":"https:\/\/camonclass.com\/tienda\/wp-json\/wp\/v2\/media?parent=737"}],"wp:term":[{"taxonomy":"product_brand","embeddable":true,"href":"https:\/\/camonclass.com\/tienda\/wp-json\/wp\/v2\/product_brand?post=737"},{"taxonomy":"product_cat","embeddable":true,"href":"https:\/\/camonclass.com\/tienda\/wp-json\/wp\/v2\/product_cat?post=737"},{"taxonomy":"product_tag","embeddable":true,"href":"https:\/\/camonclass.com\/tienda\/wp-json\/wp\/v2\/product_tag?post=737"}],"curies":[{"name":"wp","href":"https:\/\/api.w.org\/{rel}","templated":true}]}}