{"id":738,"date":"2022-07-25T16:38:31","date_gmt":"2022-07-25T16:38:31","guid":{"rendered":"https:\/\/camonclass.vertice.org\/formacion\/elaboracion-de-plantillas-y-formularios\/"},"modified":"2022-07-25T16:38:31","modified_gmt":"2022-07-25T16:38:31","slug":"elaboracion-de-plantillas-y-formularios","status":"publish","type":"product","link":"https:\/\/camonclass.com\/tienda\/formacion\/elaboracion-de-plantillas-y-formularios\/","title":{"rendered":"Elaboraci\u00f3n de plantillas y formularios"},"content":{"rendered":"<p><strong>UD1. Formularios en la construcci\u00f3n de p\u00e1ginas web.<\/strong><UL>1.1. Caracter\u00edsticas.<br \/>1.2. Elementos y atributos de formulario.<br \/>1.3. Controles de formulario.<br \/>1.4. Formularios y eventos. Criterios de accesibilidad y usabilidad en el dise\u00f1o de formularios.<\/UL><\/p>\n<p><strong>UD2. Plantillas en la construcci\u00f3n de p\u00e1ginas web.<\/strong><UL>2.1. Funciones y caracter\u00edsticas.<br \/>2.2. Campos editables y no editables.<br \/>2.3. Aplicar plantillas a p\u00e1ginas web.<\/UL><\/p>\n","protected":false},"excerpt":{"rendered":"<ul>\n<li>Confeccionar plantillas para las p\u00e1ginas web atendiendo a las especificaciones de dise\u00f1o recibidas <\/li>\n<li>Crear formularios e integrarlos en p\u00e1ginas web para incluir interactividad en las mismas, siguiendo unas especificaciones funcionales recibidas <\/li>\n<\/ul>\n","protected":false},"featured_media":732,"comment_status":"open","ping_status":"closed","template":"","meta":{"neve_meta_sidebar":"","neve_meta_container":"","neve_meta_enable_content_width":"","neve_meta_content_width":0,"neve_meta_title_alignment":"","neve_meta_author_avatar":"","neve_post_elements_order":"","neve_meta_disable_header":"","neve_meta_disable_footer":"","neve_meta_disable_title":""},"product_brand":[],"product_cat":[22,23,28],"product_tag":[],"class_list":{"0":"post-738","1":"product","2":"type-product","3":"status-publish","4":"has-post-thumbnail","6":"product_cat-cursos","7":"product_cat-cursos-de-especializacion","8":"product_cat-informatica-y-comunicaciones","10":"first","11":"instock","12":"sold-individually","13":"shipping-taxable","14":"purchasable","15":"product-type-simple"},"_links":{"self":[{"href":"https:\/\/camonclass.com\/tienda\/wp-json\/wp\/v2\/product\/738","targetHints":{"allow":["GET"]}}],"collection":[{"href":"https:\/\/camonclass.com\/tienda\/wp-json\/wp\/v2\/product"}],"about":[{"href":"https:\/\/camonclass.com\/tienda\/wp-json\/wp\/v2\/types\/product"}],"replies":[{"embeddable":true,"href":"https:\/\/camonclass.com\/tienda\/wp-json\/wp\/v2\/comments?post=738"}],"wp:featuredmedia":[{"embeddable":true,"href":"https:\/\/camonclass.com\/tienda\/wp-json\/wp\/v2\/media\/732"}],"wp:attachment":[{"href":"https:\/\/camonclass.com\/tienda\/wp-json\/wp\/v2\/media?parent=738"}],"wp:term":[{"taxonomy":"product_brand","embeddable":true,"href":"https:\/\/camonclass.com\/tienda\/wp-json\/wp\/v2\/product_brand?post=738"},{"taxonomy":"product_cat","embeddable":true,"href":"https:\/\/camonclass.com\/tienda\/wp-json\/wp\/v2\/product_cat?post=738"},{"taxonomy":"product_tag","embeddable":true,"href":"https:\/\/camonclass.com\/tienda\/wp-json\/wp\/v2\/product_tag?post=738"}],"curies":[{"name":"wp","href":"https:\/\/api.w.org\/{rel}","templated":true}]}}