{"id":739,"date":"2022-07-25T16:38:31","date_gmt":"2022-07-25T16:38:31","guid":{"rendered":"https:\/\/camonclass.vertice.org\/formacion\/salvaguarda-y-seguridad-de-los-datos\/"},"modified":"2022-07-25T16:38:31","modified_gmt":"2022-07-25T16:38:31","slug":"salvaguarda-y-seguridad-de-los-datos","status":"publish","type":"product","link":"https:\/\/camonclass.com\/tienda\/formacion\/salvaguarda-y-seguridad-de-los-datos\/","title":{"rendered":"Salvaguarda y seguridad de los datos"},"content":{"rendered":"<p><strong>UD1. Salvaguarda y recuperaci\u00f3n de datos.<\/strong><UL>1.1. Descripci\u00f3n de los diferentes fallos posibles (tanto f\u00edsicos como l\u00f3gicos) que se pueden plantear alrededor de una base de datos.<br \/>1.2. Enumeraci\u00f3n y descripci\u00f3n de los elementos de recuperaci\u00f3n ante fallos l\u00f3gicos que aportan los principales SGBD estTemaiados.<br \/>1.3. Distinci\u00f3n de los diferentes tipos de soporte utilizados para la salvaguarda de datos y sus ventajas e inconvenientes en un entorno de backup.<br \/>1.4. Concepto de RAID y niveles m\u00e1s com\u00fanmente utilizados en las empresas.<br \/>1.5. Servidores remotos de salvaguarda de datos.<br \/>1.6. Dise\u00f1o y justificaci\u00f3n de un plan de salvaguarda y un protocolo de recuperaci\u00f3n de datos para un supuesto de entorno empresarial.<br \/>1.7. Tipos de salvaguardas de datos.<br \/>1.8. Definici\u00f3n del concepto de RTO (Recovery Time Objective) y RPO (Recovery Point Objective).<br \/>1.9. Empleo de los mecanismos de verificaci\u00f3n de la integridad de las copias de seguridad.<\/UL><\/p>\n<p><strong>UD2. Bases de datos distribuidas desde un punto de vista orientado a la distribuci\u00f3n de los datos y la ejecuci\u00f3n de las consultas.<\/strong><UL>2.1. Definici\u00f3n de SGBD distribuido. Principales ventajas y desventajas.<br \/>2.2. Caracter\u00edsticas esperadas en un SGBD distribuido.<br \/>2.3. Clasificaci\u00f3n de los SGBD distribuidos seg\u00fan los criterios de:.<br \/>2.4. Enumeraci\u00f3n y explicaci\u00f3n de las reglas de DATE para SGBD distribuidos.<br \/>2.5. Replicaci\u00f3n de la informaci\u00f3n en bases de datos distribuidas.<br \/>2.6. Procesamiento de consultas.<br \/>2.7. Descomposici\u00f3n de consultas y localizaci\u00f3n de datos.<\/UL><\/p>\n<p><strong>UD3. Seguridad de los datos.<\/strong><UL>3.1. Conceptos de seguridad de los datos: confidencialidad integridad y disponibilidad.<br \/>3.2. Normativa legal vigente sobre datos.<br \/>3.3. Desarrollo de uno o varios supuestos pr\u00e1cticos en los que se apliquen los elementos de seguridad vistos con anterioridad.<\/UL><\/p>\n<p><strong>UD4. Transferencia de datos.<\/strong><UL>4.1. Descripci\u00f3n de las herramientas para importar y exportar datos.<br \/>4.2. Clasificaci\u00f3n de las herramientas.<br \/>4.3. Muestra de un ejemplo de ejecuci\u00f3n de una exportaci\u00f3n e importaci\u00f3n de datos.<br \/>4.4. Migraci\u00f3n de datos entre diferentes SGBD.<br \/>4.5. Empleo de alguno de los mecanismos de verificaci\u00f3n del traspaso de datos.<br \/>4.6. Interconexi\u00f3n con otras bases de datos.<br \/>4.7. Configuraci\u00f3n del acceso remoto a la base de datos.<\/UL><\/p>\n","protected":false},"excerpt":{"rendered":"<ul>\n<li>Mantener la seguridad de los accesos a las bases de datos garantizando la confidencialidad.<\/li>\n<li>Garantizar la salvaguarda y recuperaci\u00f3n de la informaci\u00f3n almacenada en las bases de datos de acuerdo a las necesidades de cada una de ellas.<\/li>\n<li>Exportar e importar datos de la Base de Datos garantizando su integridad <\/li>\n<\/ul>\n","protected":false},"featured_media":732,"comment_status":"open","ping_status":"closed","template":"","meta":{"neve_meta_sidebar":"","neve_meta_container":"","neve_meta_enable_content_width":"","neve_meta_content_width":0,"neve_meta_title_alignment":"","neve_meta_author_avatar":"","neve_post_elements_order":"","neve_meta_disable_header":"","neve_meta_disable_footer":"","neve_meta_disable_title":""},"product_brand":[],"product_cat":[22,23,28],"product_tag":[],"class_list":{"0":"post-739","1":"product","2":"type-product","3":"status-publish","4":"has-post-thumbnail","6":"product_cat-cursos","7":"product_cat-cursos-de-especializacion","8":"product_cat-informatica-y-comunicaciones","10":"first","11":"instock","12":"sold-individually","13":"shipping-taxable","14":"purchasable","15":"product-type-simple"},"_links":{"self":[{"href":"https:\/\/camonclass.com\/tienda\/wp-json\/wp\/v2\/product\/739","targetHints":{"allow":["GET"]}}],"collection":[{"href":"https:\/\/camonclass.com\/tienda\/wp-json\/wp\/v2\/product"}],"about":[{"href":"https:\/\/camonclass.com\/tienda\/wp-json\/wp\/v2\/types\/product"}],"replies":[{"embeddable":true,"href":"https:\/\/camonclass.com\/tienda\/wp-json\/wp\/v2\/comments?post=739"}],"wp:featuredmedia":[{"embeddable":true,"href":"https:\/\/camonclass.com\/tienda\/wp-json\/wp\/v2\/media\/732"}],"wp:attachment":[{"href":"https:\/\/camonclass.com\/tienda\/wp-json\/wp\/v2\/media?parent=739"}],"wp:term":[{"taxonomy":"product_brand","embeddable":true,"href":"https:\/\/camonclass.com\/tienda\/wp-json\/wp\/v2\/product_brand?post=739"},{"taxonomy":"product_cat","embeddable":true,"href":"https:\/\/camonclass.com\/tienda\/wp-json\/wp\/v2\/product_cat?post=739"},{"taxonomy":"product_tag","embeddable":true,"href":"https:\/\/camonclass.com\/tienda\/wp-json\/wp\/v2\/product_tag?post=739"}],"curies":[{"name":"wp","href":"https:\/\/api.w.org\/{rel}","templated":true}]}}