{"id":740,"date":"2022-07-25T16:38:31","date_gmt":"2022-07-25T16:38:31","guid":{"rendered":"https:\/\/camonclass.vertice.org\/formacion\/desarrollo-de-programas-en-el-entorno-de-la-base-de-datos\/"},"modified":"2022-07-25T16:38:31","modified_gmt":"2022-07-25T16:38:31","slug":"desarrollo-de-programas-en-el-entorno-de-la-base-de-datos","status":"publish","type":"product","link":"https:\/\/camonclass.com\/tienda\/formacion\/desarrollo-de-programas-en-el-entorno-de-la-base-de-datos\/","title":{"rendered":"Desarrollo de programas en el entorno de la base de datos"},"content":{"rendered":"<p><strong>UD1. Lenguajes de programaci\u00f3n de bases de datos.<\/strong><UL>1.1. Entornos de desarrollo.<br \/>1.2. Qu\u00e9 es un entorno de desarrollo.<br \/>1.3. Componentes.<br \/>1.4. Lenguajes que soportan.<br \/>1.5. Entornos de desarrollo en el entorno de la Base de Datos.<br \/>1.6. La sintaxis del lenguaje de programaci\u00f3n.<br \/>1.7. Variables.<br \/>1.8. Tipos de datos.<br \/>1.9. Estructuras de control.<br \/>1.10. Librer\u00edas de funciones.<br \/>1.11. Programaci\u00f3n de m\u00f3dulos de manipulaci\u00f3n de la base de datos: paquetes, procedimientos y funciones.<br \/>1.12. Herramientas de depuraci\u00f3n y Control de C\u00f3digo.<br \/>1.13. Herramientas gr\u00e1ficas de desarrollo integradas en la Base de Datos.<br \/>1.14. Creaci\u00f3n de formularios.<br \/>1.15. Creaci\u00f3n de informes.<br \/>1.16. T\u00e9cnicas para el control de la ejecuci\u00f3n de transacciones.<br \/>1.17. Optimizaci\u00f3n de consultas.<\/UL><\/p>\n","protected":false},"excerpt":{"rendered":"<ul>\n<li>Formular consultas utilizando el lenguaje de programaci\u00f3n de la base de datos, a partir del dise\u00f1o de la base de datos y de los requisitos de usuario <\/li>\n<\/ul>\n","protected":false},"featured_media":732,"comment_status":"open","ping_status":"closed","template":"","meta":{"neve_meta_sidebar":"","neve_meta_container":"","neve_meta_enable_content_width":"","neve_meta_content_width":0,"neve_meta_title_alignment":"","neve_meta_author_avatar":"","neve_post_elements_order":"","neve_meta_disable_header":"","neve_meta_disable_footer":"","neve_meta_disable_title":""},"product_brand":[],"product_cat":[22,23,28],"product_tag":[],"class_list":{"0":"post-740","1":"product","2":"type-product","3":"status-publish","4":"has-post-thumbnail","6":"product_cat-cursos","7":"product_cat-cursos-de-especializacion","8":"product_cat-informatica-y-comunicaciones","10":"first","11":"instock","12":"sold-individually","13":"shipping-taxable","14":"purchasable","15":"product-type-simple"},"_links":{"self":[{"href":"https:\/\/camonclass.com\/tienda\/wp-json\/wp\/v2\/product\/740","targetHints":{"allow":["GET"]}}],"collection":[{"href":"https:\/\/camonclass.com\/tienda\/wp-json\/wp\/v2\/product"}],"about":[{"href":"https:\/\/camonclass.com\/tienda\/wp-json\/wp\/v2\/types\/product"}],"replies":[{"embeddable":true,"href":"https:\/\/camonclass.com\/tienda\/wp-json\/wp\/v2\/comments?post=740"}],"wp:featuredmedia":[{"embeddable":true,"href":"https:\/\/camonclass.com\/tienda\/wp-json\/wp\/v2\/media\/732"}],"wp:attachment":[{"href":"https:\/\/camonclass.com\/tienda\/wp-json\/wp\/v2\/media?parent=740"}],"wp:term":[{"taxonomy":"product_brand","embeddable":true,"href":"https:\/\/camonclass.com\/tienda\/wp-json\/wp\/v2\/product_brand?post=740"},{"taxonomy":"product_cat","embeddable":true,"href":"https:\/\/camonclass.com\/tienda\/wp-json\/wp\/v2\/product_cat?post=740"},{"taxonomy":"product_tag","embeddable":true,"href":"https:\/\/camonclass.com\/tienda\/wp-json\/wp\/v2\/product_tag?post=740"}],"curies":[{"name":"wp","href":"https:\/\/api.w.org\/{rel}","templated":true}]}}