{"id":741,"date":"2022-07-25T16:38:31","date_gmt":"2022-07-25T16:38:31","guid":{"rendered":"https:\/\/camonclass.vertice.org\/formacion\/implementacion-y-uso-de-una-bd\/"},"modified":"2022-07-25T16:38:31","modified_gmt":"2022-07-25T16:38:31","slug":"implementacion-y-uso-de-una-bd","status":"publish","type":"product","link":"https:\/\/camonclass.com\/tienda\/formacion\/implementacion-y-uso-de-una-bd\/","title":{"rendered":"Implementaci\u00f3n y uso de una BD"},"content":{"rendered":"<p><strong>UD1. Dise\u00f1o de BD.<\/strong><UL>1.1. Etapas del dise\u00f1o de bases de datos.<br \/>1.2. Teor\u00eda de la normalizaci\u00f3n.<br \/>1.3. Aplicaci\u00f3n de la teor\u00eda de la normalizaci\u00f3n al dise\u00f1o de BD relacionales.<br \/>1.4. Desnormalizaci\u00f3n de BD.<\/UL><\/p>\n<p><strong>UD2. M\u00e9todos de acceso a una BD.<\/strong><UL>2.1. Implementaci\u00f3n de los accesos por posici\u00f3n.<br \/>2.2. Implementaci\u00f3n de los accesos por valor.<br \/>2.3. Implementaci\u00f3n de los accesos por diversos valores:.<\/UL><\/p>\n<p><strong>UD3. Lenguajes de consulta y extracci\u00f3n de datos.<\/strong><UL>3.1. Caracter\u00edsticas generales.<br \/>3.2. SQL.<br \/>3.3. OQL.<br \/>3.4. JPQL.<br \/>3.5. XMLQL.<br \/>3.6. Otros: HTSQL, LINQ.<\/UL><\/p>\n<p><strong>UD4. An\u00e1lisis del lenguaje de consulta para BD relacionales.<\/strong><UL>4.1. Sentencias de definici\u00f3n de datos.<br \/>4.2. Sentencias de manipulaci\u00f3n de datos.<br \/>4.3. Sentencias de concesi\u00f3n y revocaci\u00f3n de privilegios.<br \/>4.4. Procedimientos almacenados.<br \/>4.5. Disparadores.<\/UL><\/p>\n","protected":false},"excerpt":{"rendered":"<ul>\n<li>Distinguir las caracter\u00edsticas y funciones de los lenguajes y herramientas de consulta y extracci\u00f3n de informaci\u00f3n de los sistemas gestores de datos, teniendo en cuenta sus especificaciones t\u00e9cnicas y funcionales <\/li>\n<li>Aplicar procedimientos de extracci\u00f3n y consulta de informaci\u00f3n en el sistema gestor de datos, utilizando lenguajes de consulta espec\u00edficos seg\u00fan necesidades dadas<\/li>\n<\/ul>\n","protected":false},"featured_media":732,"comment_status":"open","ping_status":"closed","template":"","meta":{"neve_meta_sidebar":"","neve_meta_container":"","neve_meta_enable_content_width":"","neve_meta_content_width":0,"neve_meta_title_alignment":"","neve_meta_author_avatar":"","neve_post_elements_order":"","neve_meta_disable_header":"","neve_meta_disable_footer":"","neve_meta_disable_title":""},"product_brand":[],"product_cat":[22,23,28],"product_tag":[],"class_list":{"0":"post-741","1":"product","2":"type-product","3":"status-publish","4":"has-post-thumbnail","6":"product_cat-cursos","7":"product_cat-cursos-de-especializacion","8":"product_cat-informatica-y-comunicaciones","10":"first","11":"instock","12":"sold-individually","13":"shipping-taxable","14":"purchasable","15":"product-type-simple"},"_links":{"self":[{"href":"https:\/\/camonclass.com\/tienda\/wp-json\/wp\/v2\/product\/741","targetHints":{"allow":["GET"]}}],"collection":[{"href":"https:\/\/camonclass.com\/tienda\/wp-json\/wp\/v2\/product"}],"about":[{"href":"https:\/\/camonclass.com\/tienda\/wp-json\/wp\/v2\/types\/product"}],"replies":[{"embeddable":true,"href":"https:\/\/camonclass.com\/tienda\/wp-json\/wp\/v2\/comments?post=741"}],"wp:featuredmedia":[{"embeddable":true,"href":"https:\/\/camonclass.com\/tienda\/wp-json\/wp\/v2\/media\/732"}],"wp:attachment":[{"href":"https:\/\/camonclass.com\/tienda\/wp-json\/wp\/v2\/media?parent=741"}],"wp:term":[{"taxonomy":"product_brand","embeddable":true,"href":"https:\/\/camonclass.com\/tienda\/wp-json\/wp\/v2\/product_brand?post=741"},{"taxonomy":"product_cat","embeddable":true,"href":"https:\/\/camonclass.com\/tienda\/wp-json\/wp\/v2\/product_cat?post=741"},{"taxonomy":"product_tag","embeddable":true,"href":"https:\/\/camonclass.com\/tienda\/wp-json\/wp\/v2\/product_tag?post=741"}],"curies":[{"name":"wp","href":"https:\/\/api.w.org\/{rel}","templated":true}]}}