{"id":742,"date":"2022-07-25T16:38:31","date_gmt":"2022-07-25T16:38:31","guid":{"rendered":"https:\/\/camonclass.vertice.org\/formacion\/herramientas-de-los-sistemas-gestores-de-bases-de-datos-pasarelas-y-medios-de-conexion\/"},"modified":"2022-07-25T16:38:31","modified_gmt":"2022-07-25T16:38:31","slug":"herramientas-de-los-sistemas-gestores-de-bases-de-datos-pasarelas-y-medios-de-conexion","status":"publish","type":"product","link":"https:\/\/camonclass.com\/tienda\/formacion\/herramientas-de-los-sistemas-gestores-de-bases-de-datos-pasarelas-y-medios-de-conexion\/","title":{"rendered":"Herramientas de los sistemas gestores de bases de datos. Pasarelas y medios de conexi\u00f3n"},"content":{"rendered":"<p><strong>UD1. Sistemas de gesti\u00f3n de BD.<\/strong><UL>1.1. Funcionalidades y objetivos.<br \/>1.2. Arquitectura funcional.<br \/>1.3. El componente de procesamiento de peticiones.<br \/>1.4. El componente de gesti\u00f3n de los datos.<br \/>1.5. Gesti\u00f3n del rendimiento.<br \/>1.6. Herramientas.<\/UL><\/p>\n<p><strong>UD2. Sistemas de an\u00e1lisis de la informaci\u00f3n.<\/strong><UL>2.1. Miner\u00eda de datos.<br \/>2.2. OLAP.<br \/>2.3. Dashboard\/scorecard.<br \/>2.4. Herramientas.<\/UL><\/p>\n<p><strong>UD3. Herramientas CASE.<\/strong><UL>3.1. Concepto.<br \/>3.2. Historia y evoluci\u00f3n.<br \/>3.3. Clasificaci\u00f3n.<br \/>3.4. Componentes y funcionalidades de una herramienta CASE.<\/UL><\/p>\n<p><strong>UD4. Entornos 4GL.<\/strong><UL>4.1. Tipolog\u00eda.<br \/>4.2. Componentes y funcionalidades.<br \/>4.3. Generadores de informes.<br \/>4.4. Generadores de formularios.<br \/>4.5. Generadores de gr\u00e1ficos.<br \/>4.6. Generadores de aplicaciones.<br \/>4.7. Nuevas tendencias.<\/UL><\/p>\n<p><strong>UD5. Desarrollo de aplicaciones.<\/strong><UL>5.1. \u00d3rdenes embebidas.<br \/>5.2. Uso de bibliotecas de funciones.<br \/>5.3. Dise\u00f1o de nuevos lenguajes.<\/UL><\/p>\n<p><strong>UD6. Tecnolog\u00edas de conectividad a BD.<\/strong><UL>6.1. OLEDB.<br \/>6.2. ODBC.<br \/>6.3. JDBC.<br \/>6.4. SQLJ.<br \/>6.5. SQL\/CLI.<\/UL><\/p>\n","protected":false},"excerpt":{"rendered":"<ul>\n<li>Aplicar procedimientos de extracci\u00f3n y consulta de informaci\u00f3n en el sistema gestor de datos, utilizando herramientas espec\u00edficas <\/li>\n<li>Aplicar los procedimientos de configuraci\u00f3n de pasarelas y medios de comunicaci\u00f3n para extraer y consultar informaci\u00f3n de sistemas gestores de datos, seg\u00fan necesidades funcionales<\/li>\n<\/ul>\n","protected":false},"featured_media":732,"comment_status":"open","ping_status":"closed","template":"","meta":{"neve_meta_sidebar":"","neve_meta_container":"","neve_meta_enable_content_width":"","neve_meta_content_width":0,"neve_meta_title_alignment":"","neve_meta_author_avatar":"","neve_post_elements_order":"","neve_meta_disable_header":"","neve_meta_disable_footer":"","neve_meta_disable_title":""},"product_brand":[],"product_cat":[22,23,28],"product_tag":[],"class_list":{"0":"post-742","1":"product","2":"type-product","3":"status-publish","4":"has-post-thumbnail","6":"product_cat-cursos","7":"product_cat-cursos-de-especializacion","8":"product_cat-informatica-y-comunicaciones","10":"first","11":"instock","12":"sold-individually","13":"shipping-taxable","14":"purchasable","15":"product-type-simple"},"_links":{"self":[{"href":"https:\/\/camonclass.com\/tienda\/wp-json\/wp\/v2\/product\/742","targetHints":{"allow":["GET"]}}],"collection":[{"href":"https:\/\/camonclass.com\/tienda\/wp-json\/wp\/v2\/product"}],"about":[{"href":"https:\/\/camonclass.com\/tienda\/wp-json\/wp\/v2\/types\/product"}],"replies":[{"embeddable":true,"href":"https:\/\/camonclass.com\/tienda\/wp-json\/wp\/v2\/comments?post=742"}],"wp:featuredmedia":[{"embeddable":true,"href":"https:\/\/camonclass.com\/tienda\/wp-json\/wp\/v2\/media\/732"}],"wp:attachment":[{"href":"https:\/\/camonclass.com\/tienda\/wp-json\/wp\/v2\/media?parent=742"}],"wp:term":[{"taxonomy":"product_brand","embeddable":true,"href":"https:\/\/camonclass.com\/tienda\/wp-json\/wp\/v2\/product_brand?post=742"},{"taxonomy":"product_cat","embeddable":true,"href":"https:\/\/camonclass.com\/tienda\/wp-json\/wp\/v2\/product_cat?post=742"},{"taxonomy":"product_tag","embeddable":true,"href":"https:\/\/camonclass.com\/tienda\/wp-json\/wp\/v2\/product_tag?post=742"}],"curies":[{"name":"wp","href":"https:\/\/api.w.org\/{rel}","templated":true}]}}