{"id":745,"date":"2022-07-25T16:38:32","date_gmt":"2022-07-25T16:38:32","guid":{"rendered":"https:\/\/camonclass.vertice.org\/formacion\/access-2016\/"},"modified":"2022-07-25T16:38:32","modified_gmt":"2022-07-25T16:38:32","slug":"access-2016","status":"publish","type":"product","link":"https:\/\/camonclass.com\/tienda\/formacion\/access-2016\/","title":{"rendered":"Access 2016"},"content":{"rendered":"<p><strong>UD1. Introducci\u00f3n a Microsoft Access.<\/strong><UL>1.1. Concepto de Base de Datos. Concepto de Gestor de Bases de Datos.<br \/>1.2. Microsoft Access 2016. Requisitos del Sistema.<br \/>1.3. Instalar Microsoft Access 2016.<br \/>1.4. Acceder y Salir del Programa. Visi\u00f3n General de Access.<\/UL><\/p>\n<p><strong>UD2. Comenzar a Trabajar con Access.<\/strong><UL>2.1. Ventana de la Base de Datos: An\u00e1lisis de Componentes.<br \/>2.2. Crear Tablas Sencillas en Access: la Ventana Dise\u00f1o y la Creaci\u00f3n de Campos.<br \/>2.3. M\u00e9todos Sencillos para Crear Tablas: Plantillas de Tabla y Vista Hoja de Datos.<br \/>2.4. Introduciendo Datos en la Tabla: la Ventana Hoja de Datos y los Registros.<br \/>2.5. Los Hiperv\u00ednculos y los Campos Tipo OLE.<br \/>2.6. Ayuda de Microsoft Access.<\/UL><\/p>\n<p><strong>UD3. Tablas en Access.<\/strong><UL>3.1. Creaci\u00f3n de una Tabla en Vista Dise\u00f1o: Propiedades de los Campos.<br \/>3.2. Uso de Campos Asistente para B\u00fasquedas.<br \/>3.3. Mantenimiento en Vista Dise\u00f1o: Mover Campos. Deshacer\/ Rehacer.<br \/>3.4. Vista Hoja de Datos: Buscar y Reemplazar Datos. Ordenar Datos.<br \/>3.5. Crear Relaciones entre Tablas.<\/UL><\/p>\n<p><strong>UD4. Dar Formato, Configurar e Imprimir Tablas con Access.<\/strong><UL>4.1. Operaciones en Ventana principal de Access: Cambiar Nombre, Eliminar y Propiedades de Tabla.<br \/>4.2. Dar Formato a los Datos I: Grupo de Comandos Fuente.<br \/>4.3. Dar Formato a los Datos II: Alto de Fila y Ancho de Columna.<br \/>4.4. Corregir Datos y Utilizar la Revisi\u00f3n Ortogr\u00e1fica.<br \/>4.5. Configurar P\u00e1gina a partir de la Vista Preliminar.<br \/>4.6. Impresi\u00f3n de Tablas.<br \/>4.7. Ocultar\/Mostrar Campos en las Tablas.<br \/>4.8. Inmovilizar y Liberar Campos en las Tablas.<\/UL><\/p>\n<p><strong>UD5. Access y el Portapapeles.<\/strong><UL>5.1. Concepto de Portapapeles. Utilidad.<br \/>5.2. Copiar\/Mover Objetos de Access desde la Ventana Principal de la Base de Datos.<br \/>5.3. Copiar\/Mover Campos o Registros desde la Vista Hoja de Datos.<br \/>5.4. Opciones Pegado Especial y Pegar Datos Anexados.<br \/>5.5. Ver el Contenido del Portapapeles.<\/UL><\/p>\n<p><strong>UD6. Filtros y Consultas de Selecci\u00f3n.<\/strong><UL>6.1. Concepto de Filtro. Utilizaci\u00f3n de Filtros en Tablas.<br \/>6.2. Concepto de Consulta. Creaci\u00f3n de una Consulta Sencilla con el Asistente.<br \/>6.3. Creaci\u00f3n de Consultas de Selecci\u00f3n en Vista Dise\u00f1o. Criterios y Comodines.<br \/>6.4. Formato, Configuraci\u00f3n e Impresi\u00f3n de Consultas.<br \/>6.5. Mantenimiento de Consultas en Ventana Principal de la Base de Datos y Portapapeles.<\/UL><\/p>\n<p><strong>UD7. Iniciaci\u00f3n a los Formularios. Uso del Asistente.<\/strong><UL>7.1. Concepto de Formulario. Utilidad.<br \/>7.2. Creaci\u00f3n de Autoformularios.<br \/>7.3. Creaci\u00f3n de un Formulario a trav\u00e9s del Asistente.<br \/>7.4. Formato, Configuraci\u00f3n e Impresi\u00f3n de Formularios.<br \/>7.5. Formato Condicional.<br \/>7.6. Mantenimiento de Formularios en Ventana Base de Datos.<\/UL><\/p>\n<p><strong>UD8. Iniciaci\u00f3n a los Informes. Uso del Asistente.<\/strong><UL>8.1. Concepto de Informe. Utilidad.<br \/>8.2. Creaci\u00f3n de un Informe Autom\u00e1tico.<br \/>8.3. Creaci\u00f3n de un Informe a trav\u00e9s del Asistente. Tipos.<br \/>8.4. Creaci\u00f3n de Informes a trav\u00e9s de la Herramienta Informe en Blanco.<br \/>8.5. Formato, Configuraci\u00f3n e Impresi\u00f3n de Informes.<br \/>8.6. Mantenimiento de Informes en Ventana Base de Datos.<\/UL><\/p>\n<p><strong>UD9. Consultas Avanzadas con Access I.<\/strong><UL>9.1. Creaci\u00f3n de Campos Calculados (F\u00f3rmulas) en las Consultas.<br \/>9.2. Consultas de Par\u00e1metros.<br \/>9.3. Consultas de Totales.<br \/>9.4. Consultas de varias Tablas.<br \/>9.5. Consultas para Buscar Duplicados.<br \/>9.6. Consultas para Buscar no-coincidentes.<br \/>9.7. Relaciones de Datos.<\/UL><\/p>\n<p><strong>UD10. Consultas Avanzadas con Access II.<\/strong><UL>10.1. Consultas de Acci\u00f3n.<br \/>10.2. Consultas de Creaci\u00f3n de Tablas.<br \/>10.3. Consultas de Actualizaci\u00f3n.<br \/>10.4. Consultas de Datos Anexados.<br \/>10.5. Consultas de Eliminaci\u00f3n.<br \/>10.6. Consultas de Tablas de Referencias Cruzadas.<br \/>10.7. Consulta en Vista SQL.<\/UL><\/p>\n<p><strong>UD11. Formularios Avanzados con Access. Vista Dise\u00f1o.<\/strong><UL>11.1. Creaci\u00f3n de Formularios a trav\u00e9s de la Vista Dise\u00f1o.<br \/>11.2. Operaciones desde la Vista Dise\u00f1o.<br \/>11.3. Uso de la Ficha Dise\u00f1o. Operaciones varias.<br \/>11.4. Uso del Grupo de Comandos Controles.<br \/>11.5. Un Tipo Especial de Formulario: los Gr\u00e1ficos.<br \/>11.6. Subformularios.<\/UL><\/p>\n<p><strong>UD12. Informes Avanzados con Access. Ventana de Dise\u00f1o.<\/strong><UL>12.1. Creaci\u00f3n de Informes a trav\u00e9s de la Vista Dise\u00f1o.<br \/>12.2. Operaciones desde la Vista Dise\u00f1o.<br \/>12.3. Uso del Grupo de Comandos Fuente. Operaciones varias.<br \/>12.4. Uso del Grupo de Comandos Controles.<br \/>12.5. Tipos Especiales de Informes: Gr\u00e1ficos y Etiquetas.<br \/>12.6. Subinformes.<\/UL><\/p>\n<p><strong>UD13. Objetos y Desarrollo de Macros con Access.<\/strong><UL>13.1. Objetos Dependientes y Objetos Independientes en Access.<br \/>13.2. Objetos Dependientes: Campos Tipo OLE.<br \/>13.3. Objetos Independientes: Uso de Ecuaciones.<br \/>13.4. Concepto de Macro. Creaci\u00f3n de Macros con Access.<\/UL><\/p>\n<p><strong>UD14. Opciones Avanzadas y de Seguridad con Access.<\/strong><UL>14.1. Realizar Copias de Seguridad.<br \/>14.2. Protecci\u00f3n de Bases de Datos.<br \/>14.3. Compactar Bases de Datos.<br \/>14.4. Relaci\u00f3n de Access con Word y Excel.<br \/>14.5. Importar y Exportar Bases de Datos. Convertir Bases de Datos.<br \/>14.6. Personalizar Access (opciones de Configuraci\u00f3n).<br \/>14.7. Crear un Archivo ACCDE.<\/UL><\/p>\n<p><strong>UD15. Redes, Internet y Access.<\/strong><UL>15.1. Hiperv\u00ednculos en Access.<br \/>15.2. La Web y Access.<br \/>15.3. Compartir Bases de Datos con otros usuarios.<br \/>15.4. Correo Electr\u00f3nico y Access.<\/UL><\/p>\n<p><strong>Soluciones.<\/strong><\/p>\n","protected":false},"excerpt":{"rendered":"<ul>\n<li>Adquirir los conocimientos para crear tablas en una base de datos, como elementos de almacenamiento de la informaci\u00f3n, incluyendo su operatoria y el manejo de manipulaci\u00f3n de los datos.<\/li>\n<li>Conocer el entorno de access 2016 para poder dise\u00f1ar, crear y abrir una base de datos, donde puedan almacenar los distintos datos de los clientes, proveedores, etc.<\/li>\n<li>Aprender el manejo de los datos de access 2016, haciendo especial referencia a las funciones de agregar y editar registros, seleccionar y buscar datos, etc.<\/li>\n<li>Aumentar el conocimiento de los criterios a utilizar para manejar con eficiencia una base de datos, mejorando de esta forma las habilidades profesionales as\u00ed como las operaciones cotidianas de la empresa.<\/li>\n<li>Adquirir las habilidades necesarias para gestionar las bases de datos de manera que resuelvan los problemas complejos que surjan, adem\u00e1s de conocer herramientas avanzadas que supongan un ahorro de tiempo en el trabajo diario.<\/li>\n<li>Aprender el manejo de los datos en las bases de datos access, haciendo especial referencia a las funciones de agregar y editar registros, seleccionar y buscar datos, etc.<\/li>\n<li>Profundizar en la realizaci\u00f3n de formularios de access 2016 con especial aplicaci\u00f3n de todo tipo de controles para obtener un mayor control en la introducci\u00f3n de datos.<\/li>\n<li>Adquirir los conocimientos necesarios para realizar informes que concreten y operen con la informaci\u00f3n obtenida en las tablas.<\/li>\n<li>Aprender a realizar formularios para el registro de los datos de manera ordenada, y obtener informes que faciliten la organizaci\u00f3n del trabajo.<\/li>\n<\/ul>\n","protected":false},"featured_media":732,"comment_status":"open","ping_status":"closed","template":"","meta":{"neve_meta_sidebar":"","neve_meta_container":"","neve_meta_enable_content_width":"","neve_meta_content_width":0,"neve_meta_title_alignment":"","neve_meta_author_avatar":"","neve_post_elements_order":"","neve_meta_disable_header":"","neve_meta_disable_footer":"","neve_meta_disable_title":""},"product_brand":[],"product_cat":[22,23,28],"product_tag":[],"class_list":{"0":"post-745","1":"product","2":"type-product","3":"status-publish","4":"has-post-thumbnail","6":"product_cat-cursos","7":"product_cat-cursos-de-especializacion","8":"product_cat-informatica-y-comunicaciones","10":"first","11":"instock","12":"sold-individually","13":"shipping-taxable","14":"purchasable","15":"product-type-simple"},"_links":{"self":[{"href":"https:\/\/camonclass.com\/tienda\/wp-json\/wp\/v2\/product\/745","targetHints":{"allow":["GET"]}}],"collection":[{"href":"https:\/\/camonclass.com\/tienda\/wp-json\/wp\/v2\/product"}],"about":[{"href":"https:\/\/camonclass.com\/tienda\/wp-json\/wp\/v2\/types\/product"}],"replies":[{"embeddable":true,"href":"https:\/\/camonclass.com\/tienda\/wp-json\/wp\/v2\/comments?post=745"}],"wp:featuredmedia":[{"embeddable":true,"href":"https:\/\/camonclass.com\/tienda\/wp-json\/wp\/v2\/media\/732"}],"wp:attachment":[{"href":"https:\/\/camonclass.com\/tienda\/wp-json\/wp\/v2\/media?parent=745"}],"wp:term":[{"taxonomy":"product_brand","embeddable":true,"href":"https:\/\/camonclass.com\/tienda\/wp-json\/wp\/v2\/product_brand?post=745"},{"taxonomy":"product_cat","embeddable":true,"href":"https:\/\/camonclass.com\/tienda\/wp-json\/wp\/v2\/product_cat?post=745"},{"taxonomy":"product_tag","embeddable":true,"href":"https:\/\/camonclass.com\/tienda\/wp-json\/wp\/v2\/product_tag?post=745"}],"curies":[{"name":"wp","href":"https:\/\/api.w.org\/{rel}","templated":true}]}}