{"id":746,"date":"2022-07-25T16:38:32","date_gmt":"2022-07-25T16:38:32","guid":{"rendered":"https:\/\/camonclass.vertice.org\/formacion\/excel-aplicado-a-la-gestion-comercial-2016\/"},"modified":"2022-07-25T16:38:32","modified_gmt":"2022-07-25T16:38:32","slug":"excel-aplicado-a-la-gestion-comercial-2016","status":"publish","type":"product","link":"https:\/\/camonclass.com\/tienda\/formacion\/excel-aplicado-a-la-gestion-comercial-2016\/","title":{"rendered":"EXCEL APLICADO A LA GESTI\u00d3N COMERCIAL 2016"},"content":{"rendered":"<p><strong>UD1. Introducci\u00f3n a Microsoft Excel.<\/strong><UL>1.1. Concepto de Hoja de C\u00e1lculo. Utilidad.<br \/>1.2. Acceso a la Aplicaci\u00f3n. An\u00e1lisis de la Ventana Principal. Salir de Excel.<br \/>1.3. Celdas, Filas, Columnas, Hojas y Libros.<br \/>1.4. Movimiento por la Hoja.<br \/>1.5. Comienzo del Trabajo: Introducir Datos. Tipos de Datos.<br \/>1.6. Nombre de Hoja. Color de Etiqueta. Insertar Hojas. Eliminar Hojas.<br \/>1.7. Operaciones B\u00e1sicas de Archivo y Propiedades.<\/UL><\/p>\n<p><strong>UD2. F\u00f3rmulas y Operaciones B\u00e1sicas con Excel.<\/strong><UL>2.1. F\u00f3rmulas con Excel.<br \/>2.2. Insertar Filas y Columnas. Eliminar Filas y Columnas.<br \/>2.3. Modificaci\u00f3n de la Apariencia de una Hoja de C\u00e1lculo.<br \/>2.4. Formato de Celda.<br \/>2.5. Anchura y Altura de las Columnas y Filas.<br \/>2.6. Ocultaci\u00f3n y Visualizaci\u00f3n de Columnas, Filas u Hojas de C\u00e1lculo.<\/UL><\/p>\n<p><strong>UD3. Rangos en Excel. Operaciones con el Portapapeles.<\/strong><UL>3.1. Concepto de Rango. Rangos y Selecci\u00f3n de Celdas.<br \/>3.2. Operaciones con Rangos.<br \/>3.3. Copiado o Reubicaci\u00f3n de: Celdas o Rangos de Celdas y de Hojas de C\u00e1lculo.<br \/>3.4. Aplicar Formatos de una Celda a otras.<br \/>3.5. Opciones de Pegado Especial. V\u00ednculos.<br \/>3.6. Protecci\u00f3n de una Hoja de C\u00e1lculo.<br \/>3.7. Protecci\u00f3n de un Libro.<\/UL><\/p>\n<p><strong>UD4. Funciones.<\/strong><UL>4.1. Funciones y F\u00f3rmulas. Sintaxis. Utilizar Funciones en Excel.<br \/>4.2. Funciones Matem\u00e1ticas y Trigonom\u00e9tricas.<br \/>4.3. Funciones Estad\u00edsticas.<br \/>4.4. Funciones Financieras.<br \/>4.5. La Funci\u00f3n Condicional SI.<br \/>4.6. La Funci\u00f3n O.<br \/>4.7. La Funci\u00f3n Y.<\/UL><\/p>\n<p><strong>UD5. Gr\u00e1ficos en Excel.<\/strong><UL>5.1. Elementos de un Gr\u00e1fico.<br \/>5.2. Tipo de Gr\u00e1ficos.<br \/>5.3. Creaci\u00f3n de un Gr\u00e1fico.<br \/>5.4. Modificaci\u00f3n de un Gr\u00e1fico.<br \/>5.5. Borrado de un Gr\u00e1fico.<\/UL><\/p>\n<p><strong>UD6. Plantillas y Formularios.<\/strong><UL>6.1. Concepto de Plantilla. Utilidad.<br \/>6.2. Plantillas Predeterminadas en Excel.<br \/>6.3. Crear Plantillas de Libro.<br \/>6.4. Crear Plantillas Personalizadas con Excel.<br \/>6.5. Uso y Modificaci\u00f3n de Plantillas Personalizadas.<br \/>6.6. Concepto de Formulario. Utilidad.<br \/>6.7. An\u00e1lisis de los Botones de Formularios.<br \/>6.8. Creaci\u00f3n de Formularios.<\/UL><\/p>\n<p><strong>UD7. Control de Stock.<\/strong><UL>7.1. Inventario.<br \/>7.2. Pedidos de Art\u00edculos Bajo M\u00ednimo.<br \/>7.3. Tarifas.<\/UL><\/p>\n<p><strong>UD8. Gesti\u00f3n Diaria.<\/strong><UL>8.1. Control de la Caja Diaria.<br \/>8.2. Ficha de Clientes.<\/UL><\/p>\n<p><strong>UD9. Gesti\u00f3n de Clientes.<\/strong><UL>9.1. Creaci\u00f3n de Presupuestos.<br \/>9.2. Facturaci\u00f3n.<br \/>9.3. An\u00e1lisis de Rentabilidad de Clientes.<\/UL><\/p>\n<p><strong>UD10. Marketing.<\/strong><UL>10.1. Introducci\u00f3n.<br \/>10.2. Material Publicitario.<br \/>10.3. An\u00e1lisis de Ventas.<\/UL><\/p>\n<p><strong>UD11. Recursos Humanos.<\/strong><UL>11.1. Horario del Personal.<br \/>11.2. Elaboraci\u00f3n del TC1.<br \/>11.3. Anticipos.<\/UL><\/p>\n<p><strong>UD12. Resultados.<\/strong><UL>12.1. Comisiones de Vendedores.<br \/>12.2. Balance.<br \/>12.3. Gr\u00e1ficos.<\/UL><\/p>\n","protected":false},"excerpt":{"rendered":"<ul>\n<li>Dar a conocer el perfecto dise\u00f1o de una hoja de c\u00e1lculo para que una vez desarrollada funcione de forma eficaz y pueda ser f\u00e1cilmente gestionada.<\/li>\n<li>Facultar al participante para mantener la seguridad de la hoja de c\u00e1lculo y para poder optimizar su funcionamiento.<\/li>\n<li>Tambi\u00e9n dispondr\u00e1 de la informaci\u00f3n necesaria para importar informaci\u00f3n de otros archivos y exportar datos de la hoja de c\u00e1lculo.<\/li>\n<li>Contribuir a que el alumno sea capaz de realizar cualquier tipo de consultas sobre la informaci\u00f3n que contiene la hoja de c\u00e1lculo.<\/li>\n<\/ul>\n","protected":false},"featured_media":732,"comment_status":"open","ping_status":"closed","template":"","meta":{"neve_meta_sidebar":"","neve_meta_container":"","neve_meta_enable_content_width":"","neve_meta_content_width":0,"neve_meta_title_alignment":"","neve_meta_author_avatar":"","neve_post_elements_order":"","neve_meta_disable_header":"","neve_meta_disable_footer":"","neve_meta_disable_title":""},"product_brand":[],"product_cat":[22,23,28],"product_tag":[],"class_list":{"0":"post-746","1":"product","2":"type-product","3":"status-publish","4":"has-post-thumbnail","6":"product_cat-cursos","7":"product_cat-cursos-de-especializacion","8":"product_cat-informatica-y-comunicaciones","10":"first","11":"instock","12":"sold-individually","13":"shipping-taxable","14":"purchasable","15":"product-type-simple"},"_links":{"self":[{"href":"https:\/\/camonclass.com\/tienda\/wp-json\/wp\/v2\/product\/746","targetHints":{"allow":["GET"]}}],"collection":[{"href":"https:\/\/camonclass.com\/tienda\/wp-json\/wp\/v2\/product"}],"about":[{"href":"https:\/\/camonclass.com\/tienda\/wp-json\/wp\/v2\/types\/product"}],"replies":[{"embeddable":true,"href":"https:\/\/camonclass.com\/tienda\/wp-json\/wp\/v2\/comments?post=746"}],"wp:featuredmedia":[{"embeddable":true,"href":"https:\/\/camonclass.com\/tienda\/wp-json\/wp\/v2\/media\/732"}],"wp:attachment":[{"href":"https:\/\/camonclass.com\/tienda\/wp-json\/wp\/v2\/media?parent=746"}],"wp:term":[{"taxonomy":"product_brand","embeddable":true,"href":"https:\/\/camonclass.com\/tienda\/wp-json\/wp\/v2\/product_brand?post=746"},{"taxonomy":"product_cat","embeddable":true,"href":"https:\/\/camonclass.com\/tienda\/wp-json\/wp\/v2\/product_cat?post=746"},{"taxonomy":"product_tag","embeddable":true,"href":"https:\/\/camonclass.com\/tienda\/wp-json\/wp\/v2\/product_tag?post=746"}],"curies":[{"name":"wp","href":"https:\/\/api.w.org\/{rel}","templated":true}]}}