{"id":749,"date":"2022-07-25T16:38:32","date_gmt":"2022-07-25T16:38:32","guid":{"rendered":"https:\/\/camonclass.vertice.org\/formacion\/videovigilancia-cctv-usando-video-ip\/"},"modified":"2022-07-25T16:38:32","modified_gmt":"2022-07-25T16:38:32","slug":"videovigilancia-cctv-usando-video-ip","status":"publish","type":"product","link":"https:\/\/camonclass.com\/tienda\/formacion\/videovigilancia-cctv-usando-video-ip\/","title":{"rendered":"Videovigilancia: CCTV usando video IP"},"content":{"rendered":"<p><strong>UD1. Introducci\u00f3n al v\u00eddeo IP.<\/strong><UL>1.1. \u00bfQu\u00e9 es un sistema de CCTV?.<br \/>1.2. \u00bfQu\u00e9 es el v\u00eddeo IP?.<br \/>1.3. \u00bfQu\u00e9 es una c\u00e1mara de red?.<br \/>1.4. \u00bfQu\u00e9 es un servidor de v\u00eddeo?.<br \/>1.5. \u00bfQu\u00e9 es el software de gesti\u00f3n de v\u00eddeo?.<\/UL><\/p>\n<p><strong>UD2. La evoluci\u00f3n de los sistemas de vigilancia por v\u00eddeo.<\/strong><UL>2.1. Sistemas de circuito cerrado de tv anal\u00f3gicos usando VCR.<br \/>2.2. Sistemas de circuito cerrado de tv anal\u00f3gicos usando DVR.<br \/>2.3. Sistemas de circuito cerrado de tv anal\u00f3gicos usando DVR de red.<br \/>2.4. Sistemas de v\u00eddeo IP que utilizan servidores de v\u00eddeo.<br \/>2.5. Sistemas de v\u00eddeo IP que utilizan c\u00e1maras IP.<br \/>2.6. Evoluci\u00f3n funcional de los sistemas de Videovigilancia.<\/UL><\/p>\n<p><strong>UD3. La generaci\u00f3n de la imagen.<\/strong><UL>3.1. Sensores CCD y CMOS.<br \/>3.2. Barrido progresivo frente al barrido entrelazado.<br \/>3.3. Compresi\u00f3n.<br \/>3.4. Resoluci\u00f3n.<br \/>3.5. Funcionalidad d\u00eda y noche.<\/UL><\/p>\n<p><strong>UD4. Consideraciones sobre las c\u00e1maras IP.<\/strong><UL>4.1. Utilizaci\u00f3n de c\u00e1maras IP.<br \/>4.2. Uso de c\u00e1maras anal\u00f3gicas con servidores de v\u00eddeo.<br \/>4.3. Instalaci\u00f3n y protecci\u00f3n de c\u00e1maras IP.<br \/>4.3. 3. Protecci\u00f3n.<br \/>4.4. Audio en c\u00e1maras IP.<\/UL><\/p>\n<p><strong>UD5. Las tecnolog\u00edas de red IP.<\/strong><UL>5.1. Ethernet.<br \/>5.2. Alimentaci\u00f3n a trav\u00e9s de Ethernet.<br \/>5.3. Inal\u00e1mbrico.<br \/>5.4. M\u00e9todos de transporte de datos.<br \/>5.5. Seguridad en redes.<br \/>5.6. QOS (calidad de servicio).<br \/>5.7. M\u00e1s datos acerca de las tecnolog\u00edas y dispositivos de Red.<\/UL><\/p>\n<p><strong>UD6. Consideraciones del sistema.<\/strong><UL>6.1. Consideraciones para el dise\u00f1o del sistema.<br \/>6.2. Consideraciones de almacenamiento.<br \/>6.3. Funciones de seguridad.<br \/>6.4. Gesti\u00f3n de sistemas amplios.<br \/>6.5. La lopd en sistemas de Videovigilancia.<\/UL><\/p>\n<p><strong>UD7. Gesti\u00f3n de v\u00eddeo IP.<\/strong><UL>7.1. Plataformas de hardware.<br \/>7.2. Gesti\u00f3n de v\u00eddeo: monitorizaci\u00f3n y grabaci\u00f3n.<br \/>7.3. Caracter\u00edsticas del sistema.<br \/>7.4. Sistemas integrados.<\/UL><\/p>\n<p><strong>UD8. Aplicaciones de V\u00eddeo Inteligente.<\/strong><UL>8.1. \u00bfQu\u00e9 es el v\u00eddeo inteligente?.<br \/>8.2. Arquitecturas de v\u00eddeo inteligente.<br \/>8.3. Aplicaciones habituales.<br \/>8.4. Componentes creados sobre est\u00e1ndares abiertos.<\/UL><\/p>\n<p><strong>UD9. Las tecnolog\u00edas de red IP.<\/strong><UL>9.1. Dise\u00f1o de la red de Videovigilancia.<br \/>9.2. Elecci\u00f3n de las c\u00e1maras IP.<br \/>9.3. Acceso local y acceso remoto.<br \/>9.4. Balanceo de cargas.<br \/>9.5. Temas de cableado.<br \/>9.6. Configuraci\u00f3n de los equipos de red.<br \/>9.7. Configuraci\u00f3n de las c\u00e1maras IP.<br \/>9.8. Configuraci\u00f3n de equipos y software de gesti\u00f3n de v\u00eddeo.<br \/>9.9. Tr\u00e1mites burocr\u00e1ticos.<\/UL><\/p>\n","protected":false},"excerpt":{"rendered":"<ul>\n<li>Determinar el concepto de sistema de cctv.<\/li>\n<li>Conocer la evoluci\u00f3n que han tenido los sistemas de vigilancia por video aprender el funcionamiento de una c\u00e1mara ip.<\/li>\n<li>Aprender las tecnolog\u00edas existentes de redes ip.<\/li>\n<li>Saber c\u00f3mo gestionar un video ip.<\/li>\n<\/ul>\n","protected":false},"featured_media":732,"comment_status":"open","ping_status":"closed","template":"","meta":{"neve_meta_sidebar":"","neve_meta_container":"","neve_meta_enable_content_width":"","neve_meta_content_width":0,"neve_meta_title_alignment":"","neve_meta_author_avatar":"","neve_post_elements_order":"","neve_meta_disable_header":"","neve_meta_disable_footer":"","neve_meta_disable_title":""},"product_brand":[],"product_cat":[22,23,28],"product_tag":[],"class_list":{"0":"post-749","1":"product","2":"type-product","3":"status-publish","4":"has-post-thumbnail","6":"product_cat-cursos","7":"product_cat-cursos-de-especializacion","8":"product_cat-informatica-y-comunicaciones","10":"first","11":"instock","12":"sold-individually","13":"shipping-taxable","14":"purchasable","15":"product-type-simple"},"_links":{"self":[{"href":"https:\/\/camonclass.com\/tienda\/wp-json\/wp\/v2\/product\/749","targetHints":{"allow":["GET"]}}],"collection":[{"href":"https:\/\/camonclass.com\/tienda\/wp-json\/wp\/v2\/product"}],"about":[{"href":"https:\/\/camonclass.com\/tienda\/wp-json\/wp\/v2\/types\/product"}],"replies":[{"embeddable":true,"href":"https:\/\/camonclass.com\/tienda\/wp-json\/wp\/v2\/comments?post=749"}],"wp:featuredmedia":[{"embeddable":true,"href":"https:\/\/camonclass.com\/tienda\/wp-json\/wp\/v2\/media\/732"}],"wp:attachment":[{"href":"https:\/\/camonclass.com\/tienda\/wp-json\/wp\/v2\/media?parent=749"}],"wp:term":[{"taxonomy":"product_brand","embeddable":true,"href":"https:\/\/camonclass.com\/tienda\/wp-json\/wp\/v2\/product_brand?post=749"},{"taxonomy":"product_cat","embeddable":true,"href":"https:\/\/camonclass.com\/tienda\/wp-json\/wp\/v2\/product_cat?post=749"},{"taxonomy":"product_tag","embeddable":true,"href":"https:\/\/camonclass.com\/tienda\/wp-json\/wp\/v2\/product_tag?post=749"}],"curies":[{"name":"wp","href":"https:\/\/api.w.org\/{rel}","templated":true}]}}