{"id":750,"date":"2022-07-25T16:38:33","date_gmt":"2022-07-25T16:38:33","guid":{"rendered":"https:\/\/camonclass.vertice.org\/formacion\/introduccion-al-diseno-grafico\/"},"modified":"2022-07-25T16:38:33","modified_gmt":"2022-07-25T16:38:33","slug":"introduccion-al-diseno-grafico","status":"publish","type":"product","link":"https:\/\/camonclass.com\/tienda\/formacion\/introduccion-al-diseno-grafico\/","title":{"rendered":"Introducci\u00f3n al Dise\u00f1o Gr\u00e1fico"},"content":{"rendered":"<p><strong>UD1. La percepci\u00f3n visual.<\/strong><UL>1.1. Introducci\u00f3n.<br \/>1.2. Fundamentos del lenguaje pl\u00e1stico.<br \/>1.3. Principios de organizaci\u00f3n de la percepci\u00f3n: la Gestalt.<br \/>1.4. Factores culturales.<\/UL><\/p>\n<p><strong>UD2. Estructura geom\u00e9trica del plano.<\/strong><UL>2.1. Introducci\u00f3n.<br \/>2.2. El rect\u00e1ngulo: proporciones y tipos.<br \/>2.3. Divisiones geom\u00e9tricas del campo.<br \/>2.4. Estructura modular: composici\u00f3n.<\/UL><\/p>\n<p><strong>UD3. Formatos del papel.<\/strong><UL>3.1. Los or\u00edgenes del papel.<br \/>3.2. Los formatos.<br \/>3.3. El papel: tipos y caracter\u00edsticas.<\/UL><\/p>\n<p><strong>UD4. La Tipograf\u00eda.<\/strong><UL>4.1. Un poco de memoria.<br \/>4.2. El tipo.<br \/>4.3. Clasificaci\u00f3n.<br \/>4.4. Sistemas de medidas.<br \/>4.5. Tipograf\u00eda digital.<\/UL><\/p>\n<p><strong>UD5. La Ret\u00edcula.<\/strong><UL>5.1. Antecedentes.<br \/>5.2. Estilo cl\u00e1sico.<br \/>5.3. Estilo suizo.<br \/>5.4. La ret\u00edcula en el dise\u00f1o actual.<\/UL><\/p>\n<p><strong>UD6. La P\u00e1gina.<\/strong><UL>6.1. Introducci\u00f3n.<br \/>6.2. Elementos de una p\u00e1gina.<br \/>6.3. Elementos gr\u00e1ficos y ornamentales.<br \/>6.4. Estructura del p\u00e1rrafo.<br \/>6.5. Tipograf\u00eda: cuerpo, fuente y color.<br \/>6.6. Legibilidad y comunicaci\u00f3n.<\/UL><\/p>\n<p><strong>UD7. La Imagen.<\/strong><UL>7.1. Las primeras im\u00e1genes: la Fotograf\u00eda.<br \/>7.2. La Trama.<br \/>7.3. Los Originales.<br \/>7.4. La reproducci\u00f3n de la imagen.<\/UL><\/p>\n<p><strong>UD8. El color.<\/strong><UL>8.1. Un poco de historia.<br \/>8.2. Clasificaci\u00f3n del color.<br \/>8.3. Cualidades del color.<br \/>8.4. Din\u00e1mica del color, visibilidad y retenci\u00f3n.<br \/>8.5. Psicolog\u00eda del color.<\/UL><\/p>\n<p><strong>UD9. La Impresi\u00f3n.<\/strong><UL>9.1. Introducci\u00f3n.<br \/>9.2. Sistemas de impresi\u00f3n.<br \/>9.3. Emulsi\u00f3n de los fotolitos.<br \/>9.4. T\u00e9cnicas de Preimpresi\u00f3n.<br \/>9.5. Impresi\u00f3n del color sobre papel.<br \/>9.6. Ganancia de punto.<\/UL><\/p>\n<p><strong>UD10. La Perspectiva.<\/strong><UL>10.1. Introducci\u00f3n.<br \/>10.2. Geometr\u00eda descriptiva: sistemas de Proyecci\u00f3n.<br \/>10.3. Sistemas de Proyecci\u00f3n Ortogonal.<br \/>10.4. Sistemas de Proyecci\u00f3n Cligonal.<br \/>10.5. Sistemas de Proyecci\u00f3n C\u00f3nico.<\/UL><\/p>\n<p><strong>UD11. Modelado 3D.<\/strong><UL>11.1. Introducci\u00f3n.<br \/>11.2. Tipos de geometr\u00edas.<br \/>11.3. Primitivas est\u00e1ndar.<br \/>11.4. Elementos del modelado 3D.<\/UL><\/p>\n<p><strong>UD12. Iluminaci\u00f3n, Materiales\/Texturizaci\u00f3n y Renderizaci\u00f3n.<\/strong><UL>12.1. Tipos de iluminaci\u00f3n.<br \/>12.2. Materiales y Texturizaci\u00f3n.<br \/>12.3. Renderizaci\u00f3n.<\/UL><\/p>\n","protected":false},"excerpt":{"rendered":"<ul>\n<li>Estudiar los fundamentos del dise\u00f1o gr\u00e1fico (plano) y 3d (volumen).<\/li>\n<li>Reflexionar sobre el origen del dise\u00f1o como forma de expresi\u00f3n: los signos, la palabra, la tipograf\u00eda, las primeras im\u00e1genes, el color\u2026 analizar las principales leyes visuales y espaciales que dan sentido a la relaci\u00f3n entre las formas en la composici\u00f3n.<\/li>\n<li>Conocer las proporciones, estructura y divisiones del dise\u00f1o.<\/li>\n<li>Examinar los diferentes elementos que componen las p\u00e1ginas y la relaci\u00f3n entre ellos.<\/li>\n<li>Observar la perspectiva de los objetos tridimensionales en una superficie bidimensional.<\/li>\n<li>Investigar las diferentes posibilidades que ofrece la luz, los materiales y la textura de las formas en una composici\u00f3n.<\/li>\n<li>Preparar el dise\u00f1o, gr\u00e1fico o 3d, para el arte final.<\/li>\n<\/ul>\n","protected":false},"featured_media":732,"comment_status":"open","ping_status":"closed","template":"","meta":{"neve_meta_sidebar":"","neve_meta_container":"","neve_meta_enable_content_width":"","neve_meta_content_width":0,"neve_meta_title_alignment":"","neve_meta_author_avatar":"","neve_post_elements_order":"","neve_meta_disable_header":"","neve_meta_disable_footer":"","neve_meta_disable_title":""},"product_brand":[],"product_cat":[22,23,28],"product_tag":[],"class_list":{"0":"post-750","1":"product","2":"type-product","3":"status-publish","4":"has-post-thumbnail","6":"product_cat-cursos","7":"product_cat-cursos-de-especializacion","8":"product_cat-informatica-y-comunicaciones","10":"first","11":"instock","12":"sold-individually","13":"shipping-taxable","14":"purchasable","15":"product-type-simple"},"_links":{"self":[{"href":"https:\/\/camonclass.com\/tienda\/wp-json\/wp\/v2\/product\/750","targetHints":{"allow":["GET"]}}],"collection":[{"href":"https:\/\/camonclass.com\/tienda\/wp-json\/wp\/v2\/product"}],"about":[{"href":"https:\/\/camonclass.com\/tienda\/wp-json\/wp\/v2\/types\/product"}],"replies":[{"embeddable":true,"href":"https:\/\/camonclass.com\/tienda\/wp-json\/wp\/v2\/comments?post=750"}],"wp:featuredmedia":[{"embeddable":true,"href":"https:\/\/camonclass.com\/tienda\/wp-json\/wp\/v2\/media\/732"}],"wp:attachment":[{"href":"https:\/\/camonclass.com\/tienda\/wp-json\/wp\/v2\/media?parent=750"}],"wp:term":[{"taxonomy":"product_brand","embeddable":true,"href":"https:\/\/camonclass.com\/tienda\/wp-json\/wp\/v2\/product_brand?post=750"},{"taxonomy":"product_cat","embeddable":true,"href":"https:\/\/camonclass.com\/tienda\/wp-json\/wp\/v2\/product_cat?post=750"},{"taxonomy":"product_tag","embeddable":true,"href":"https:\/\/camonclass.com\/tienda\/wp-json\/wp\/v2\/product_tag?post=750"}],"curies":[{"name":"wp","href":"https:\/\/api.w.org\/{rel}","templated":true}]}}