{"id":752,"date":"2022-07-25T16:38:33","date_gmt":"2022-07-25T16:38:33","guid":{"rendered":"https:\/\/camonclass.vertice.org\/formacion\/microsoft-excel-2013\/"},"modified":"2022-07-25T16:38:33","modified_gmt":"2022-07-25T16:38:33","slug":"microsoft-excel-2013","status":"publish","type":"product","link":"https:\/\/camonclass.com\/tienda\/formacion\/microsoft-excel-2013\/","title":{"rendered":"Microsoft Excel 2013"},"content":{"rendered":"<p><strong>UD1. Introducci\u00f3n a Microsoft Excel.<\/strong><UL>1.1. Concepto de Hoja de C\u00e1lculo. Utilidad.<br \/>1.2. Microsoft Excel 2013. Requisitos del Sistema.<br \/>1.3. Hojas de C\u00e1lculo y Microsoft Excel.<br \/>1.4. Instalaci\u00f3n de Excel.<br \/>1.5. Acceso a la Aplicaci\u00f3n. An\u00e1lisis de la Ventana Principal. Salir de Excel.<br \/>1.6. Celdas, Filas, Columnas, Hojas y libros.<\/UL><\/p>\n<p><strong>UD2. Comenzar el Trabajo con Excel.<\/strong><UL>2.1. Movimiento por la Hoja.<br \/>2.2. Comienzo del Trabajo: Introducir Datos. Tipos de Datos.<br \/>2.3. Edici\u00f3n, Correcci\u00f3n y Eliminaci\u00f3n de Datos.<br \/>2.4. Movimiento por la Ventana. Zoom de Pantalla.<br \/>2.5. Nombre de Hoja. Color de Etiqueta. Insertar Hojas. Eliminar Hojas.<br \/>2.6. Operaciones B\u00e1sicas de Archivo y Propiedades.<\/UL><\/p>\n<p><strong>UD3. F\u00f3rmulas y Operaciones B\u00e1sicas con Excel.<\/strong><UL>3.1. F\u00f3rmulas con Excel.<br \/>3.2. Rec\u00e1lculo Autom\u00e1tico y Manual.<br \/>3.3. Buscar y Reemplazar Datos en Excel.<br \/>3.4. Ayuda con la Ortograf\u00eda, Sin\u00f3nimos y Traducci\u00f3n.<br \/>3.5. Insertar Filas y Columnas. Eliminar Filas y Columnas.<br \/>3.6. Ayuda de Microsoft Excel.<\/UL><\/p>\n<p><strong>UD4. Seleccionar y Dar Formato a Hojas de C\u00e1lculo.<\/strong><UL>4.1. Modificaci\u00f3n de la Apariencia de una Hoja de C\u00e1lculo.<br \/>4.2. Formato de Celda.<br \/>4.3. Anchura y Altura de las Columnas y Filas.<br \/>4.4. Ocultaci\u00f3n y Visualizaci\u00f3n de Columnas, Filas u Hojas de C\u00e1lculo.<br \/>4.5. Formato de la Hoja de C\u00e1lculo.<br \/>4.6. Tama\u00f1o y Combinaci\u00f3n de Celdas.<br \/>4.7. Colores y Texturas.<br \/>4.8. Tipos de L\u00edneas de Separaci\u00f3n.<br \/>4.9. Cambio de Nombre de una Hoja de C\u00e1lculo.<br \/>4.10. Autoformatos o Estilos Predefinidos.<\/UL><\/p>\n<p><strong>UD5. Impresi\u00f3n de Hojas de C\u00e1lculo.<\/strong><UL>5.1. Selecci\u00f3n de Zonas de Impresi\u00f3n.<br \/>5.2. Selecci\u00f3n de Especificaciones de Impresi\u00f3n.<br \/>5.3. Configuraci\u00f3n de P\u00e1gina.<br \/>5.4. Vista Preliminar.<br \/>5.5. Formas de Impresi\u00f3n.<br \/>5.6. Configuraci\u00f3n de Impresora.<\/UL><\/p>\n<p><strong>UD6. Rangos en Excel. Operaciones con el Portapapeles.<\/strong><UL>6.1. Concepto de Rango. Rangos y Selecci\u00f3n de Celdas.<br \/>6.2. Operaciones con Rangos.<br \/>6.3. Inserci\u00f3n y Eliminaci\u00f3n.<br \/>6.4. Copiado o Reubicaci\u00f3n de: Celdas o Rangos de Celdas y de Hojas de C\u00e1lculo.<br \/>6.5. Aplicar Formatos de unas Celdas a otras.<br \/>6.6. Opciones de Pegado Especial. V\u00ednculos.<br \/>6.7. Pilares B\u00e1sicos de Excel.<br \/>6.8. Relleno R\u00e1pido de un Rango.<\/UL><\/p>\n<p><strong>UD7. Opciones de Seguridad en Microsoft Excel. Operaciones Avanzadas.<\/strong><UL>7.1. Protecci\u00f3n de una Hoja de C\u00e1lculo.<br \/>7.2. Protecci\u00f3n de un Libro.<br \/>7.3. Creaci\u00f3n y Uso de Libros Compartidos.<br \/>7.4. Dividir e Inmovilizar Filas o Columnas.<br \/>7.5. Opciones de Visualizaci\u00f3n.<br \/>7.6. Importaci\u00f3n desde otras Aplicaciones.<br \/>7.7. Configuraci\u00f3n y Personalizaci\u00f3n de Excel.<br \/>7.8. Las Fichas de la Cinta de Opciones en la Ventana Principal de Excel.<br \/>7.9. Uso de M\u00e9todos de Tecla Abreviada.<\/UL><\/p>\n<p><strong>UD8. Funciones para Trabajar con N\u00fameros.<\/strong><UL>8.1. Funciones y F\u00f3rmulas. Sintaxis. Utilizar Funciones en Excel.<br \/>8.2. Funciones Matem\u00e1ticas y Trigonom\u00e9tricas.<br \/>8.3. Funciones Estad\u00edsticas.<br \/>8.4. Funciones Financieras.<br \/>8.5. Funciones de Bases de Datos.<\/UL><\/p>\n<p><strong>UD9. Las Funciones L\u00f3gicas.<\/strong><UL>9.1. La funci\u00f3n Sumar. Si.<br \/>9.2. La funci\u00f3n Contar. Si.<br \/>9.3. La funci\u00f3n Promedio. Si.<br \/>9.4. La funci\u00f3n Condicional SI.<br \/>9.5. La funci\u00f3n O.<br \/>9.6. La funci\u00f3n Y.<br \/>9.7. Formatos Condicionales.<\/UL><\/p>\n<p><strong>UD10. Funciones Sin C\u00e1lculos y para Trabajar con Textos.<\/strong><UL>10.1. Funciones de Texto.<br \/>10.2. Funciones de Informaci\u00f3n.<br \/>10.3. Funciones de Fecha y Hora.<br \/>10.4. Funciones de B\u00fasqueda y Referencia.<\/UL><\/p>\n<p><strong>UD11. Los Objetos en Excel.<\/strong><UL>11.1. Inserci\u00f3n de Objetos dentro de una Hoja de C\u00e1lculo.<br \/>11.2. Inserci\u00f3n de Im\u00e1genes Predise\u00f1adas.<br \/>11.3. Inserci\u00f3n de Im\u00e1genes desde Archivo.<br \/>11.4. Inserci\u00f3n de Formas Predefinidas.<br \/>11.5. Creaci\u00f3n de Texto Art\u00edstico.<br \/>11.6. SmartArt.<br \/>11.7. Cuadros de Texto.<br \/>11.8. Insertar S\u00edmbolos.<br \/>11.9. Ecuaciones.<\/UL><\/p>\n<p><strong>UD12. Gr\u00e1ficos en Excel.<\/strong><UL>12.1. Elementos de un Gr\u00e1fico.<br \/>12.2. Tipo de Gr\u00e1ficos.<br \/>12.3. Creaci\u00f3n de un Gr\u00e1fico.<br \/>12.4. Modificaci\u00f3n de un Gr\u00e1fico.<br \/>12.5. Borrado de un Gr\u00e1fico.<\/UL><\/p>\n<p><strong>UD13. Trabajo con Datos.<\/strong><UL>13.1. Validaciones de Datos.<br \/>13.2. Realizaci\u00f3n de Esquemas.<br \/>13.3. Creaci\u00f3n de Tablas o Listas de Datos.<br \/>13.4. Ordenaci\u00f3n de Lista de Datos, por uno o varios Campos.<br \/>13.5. Uso de Filtros.<br \/>13.6. C\u00e1lculo de Subtotales.<\/UL><\/p>\n<p><strong>UD14. Plantillas y Macros en Excel.<\/strong><UL>14.1. Concepto de Plantilla. Utilidad.<br \/>14.2. Plantillas Predeterminadas en Excel.<br \/>14.3. Crear Plantillas de Libro.<br \/>14.4. Crear Plantillas Personalizadas con Excel.<br \/>14.5. Uso y Modificaci\u00f3n de Plantillas Personalizadas.<br \/>14.6. Concepto de Macros.<br \/>14.7. Creaci\u00f3n de una Macro.<br \/>14.8. Ejecutar Macros.<br \/>14.9. Nivel de Seguridad de Macros.<\/UL><\/p>\n<p><strong>UD15. Formularios y An\u00e1lisis de Datos en Excel.<\/strong><UL>15.1. Concepto de Formulario. Utilidad.<br \/>15.2. An\u00e1lisis de los Botones de Formularios.<br \/>15.3. Creaci\u00f3n de Formularios.<br \/>15.4. An\u00e1lisis Hipot\u00e9tico Manual.<br \/>15.5. An\u00e1lisis Hipot\u00e9tico con Tablas de Datos.<br \/>15.6. Buscar Objetivo.<br \/>15.7. Solver.<\/UL><\/p>\n<p><strong>UD16. Revisi\u00f3n y Trabajo con Libros Compartidos.<\/strong><UL>16.1. Gesti\u00f3n de Versiones, Control de Cambios y Revisiones.<br \/>16.2. Inserci\u00f3n de Comentarios.<br \/>16.3. Protecci\u00f3n de una Hoja de C\u00e1lculo.<br \/>16.4. Protecci\u00f3n de un Libro.<br \/>16.5. Creaci\u00f3n y Uso de Libros Compartidos.<\/UL><\/p>\n<p><strong>Soluciones.<\/strong><\/p>\n","protected":false},"excerpt":{"rendered":"<ul>\n<li>Disponer de la informaci\u00f3n contenida en una hoja de c\u00e1lculos de forma aproximada a una base de datos.<\/li>\n<li>Adquirir los conocimientos necesarios para realizar el intercambio de informaci\u00f3n empleando soportes inform\u00e1ticos de diversa configuraci\u00f3n como hojas de c\u00e1lculo o archivos de textos, que agilicen el traspaso de informaci\u00f3n.<\/li>\n<li>Conocer los conceptos b\u00e1sicos para comenzar a trabajar con la hoja de c\u00e1lculo de excel 2013 y los distintos formatos de hojas de c\u00e1lculo adquiriendo la capacidad para la creaci\u00f3n de f\u00f3rmulas.<\/li>\n<li>Adquirir los conocimientos necesarios para componer f\u00f3rmulas de cualquier tipo saber usar las caracter\u00edsticas m\u00e1s avanzadas y novedosas como las tablas din\u00e1micas, diagramas o gr\u00e1ficos din\u00e1micos aprender a utilizar las funciones m\u00e1s \u00fatiles de excel 2013, efectuando con ellas operaciones de b\u00fasqueda y decisi\u00f3n trabajar con libros compartidos.<\/li>\n<\/ul>\n","protected":false},"featured_media":732,"comment_status":"open","ping_status":"closed","template":"","meta":{"neve_meta_sidebar":"","neve_meta_container":"","neve_meta_enable_content_width":"","neve_meta_content_width":0,"neve_meta_title_alignment":"","neve_meta_author_avatar":"","neve_post_elements_order":"","neve_meta_disable_header":"","neve_meta_disable_footer":"","neve_meta_disable_title":""},"product_brand":[],"product_cat":[22,23,28],"product_tag":[],"class_list":{"0":"post-752","1":"product","2":"type-product","3":"status-publish","4":"has-post-thumbnail","6":"product_cat-cursos","7":"product_cat-cursos-de-especializacion","8":"product_cat-informatica-y-comunicaciones","10":"first","11":"instock","12":"sold-individually","13":"shipping-taxable","14":"purchasable","15":"product-type-simple"},"_links":{"self":[{"href":"https:\/\/camonclass.com\/tienda\/wp-json\/wp\/v2\/product\/752","targetHints":{"allow":["GET"]}}],"collection":[{"href":"https:\/\/camonclass.com\/tienda\/wp-json\/wp\/v2\/product"}],"about":[{"href":"https:\/\/camonclass.com\/tienda\/wp-json\/wp\/v2\/types\/product"}],"replies":[{"embeddable":true,"href":"https:\/\/camonclass.com\/tienda\/wp-json\/wp\/v2\/comments?post=752"}],"wp:featuredmedia":[{"embeddable":true,"href":"https:\/\/camonclass.com\/tienda\/wp-json\/wp\/v2\/media\/732"}],"wp:attachment":[{"href":"https:\/\/camonclass.com\/tienda\/wp-json\/wp\/v2\/media?parent=752"}],"wp:term":[{"taxonomy":"product_brand","embeddable":true,"href":"https:\/\/camonclass.com\/tienda\/wp-json\/wp\/v2\/product_brand?post=752"},{"taxonomy":"product_cat","embeddable":true,"href":"https:\/\/camonclass.com\/tienda\/wp-json\/wp\/v2\/product_cat?post=752"},{"taxonomy":"product_tag","embeddable":true,"href":"https:\/\/camonclass.com\/tienda\/wp-json\/wp\/v2\/product_tag?post=752"}],"curies":[{"name":"wp","href":"https:\/\/api.w.org\/{rel}","templated":true}]}}