{"id":755,"date":"2022-07-25T16:38:34","date_gmt":"2022-07-25T16:38:34","guid":{"rendered":"https:\/\/camonclass.vertice.org\/formacion\/powerpoint-2013\/"},"modified":"2022-07-25T16:38:34","modified_gmt":"2022-07-25T16:38:34","slug":"powerpoint-2013","status":"publish","type":"product","link":"https:\/\/camonclass.com\/tienda\/formacion\/powerpoint-2013\/","title":{"rendered":"PowerPoint 2013"},"content":{"rendered":"<p><strong>UD1. Introducci\u00f3n a Microsoft PowerPoint.<\/strong><UL>1.1. \u00bfQu\u00e9 es Microsoft PowerPoint?.<br \/>1.2. Dise\u00f1o de las Presentaciones.<br \/>1.3. Evaluaci\u00f3n de los Resultados.<br \/>1.4. Organizaci\u00f3n y Archivo de las Presentaciones.<br \/>1.5. Entrega del Trabajo Realizado.<br \/>1.6. Microsoft PowerPoint 2013. Requisitos del Sistema.<br \/>1.7. Instalaci\u00f3n de PowerPoint.<br \/>1.8. Inicio de Sesi\u00f3n en Microsoft PowerPoint.<br \/>1.9. La Ventana Principal de PowerPoint.<br \/>1.10. Ayudas en Microsoft PowerPoint 2013.<\/UL><\/p>\n<p><strong>UD2. Primeros Pasos con Microsoft PowerPoint.<\/strong><UL>2.1. Explorador de Plantillas.<br \/>2.2. Las Diferentes Vistas de PowerPoint.<br \/>2.3. Operaciones con Archivos.<br \/>2.4. Compatibilidad con Versiones Anteriores.<\/UL><\/p>\n<p><strong>UD3. Iniciando una Presentaci\u00f3n Nueva.<\/strong><UL>3.1. Crear Nueva Presentaci\u00f3n en Blanco.<br \/>3.2. Crear Nueva Presentaci\u00f3n mediante una Plantilla.<br \/>3.3. Edici\u00f3n de Diapositivas.<br \/>3.4. Insertar una Nueva Diapositiva.<br \/>3.5. Insertar Diapositivas Procedentes de otra Presentaci\u00f3n.<br \/>3.6. Vista Previa de la Presentaci\u00f3n.<\/UL><\/p>\n<p><strong>UD4. Operaciones B\u00e1sicas con Texto.<\/strong><UL>4.1. Insertar Texto en una Diapositiva.<br \/>4.2. Numeraci\u00f3n y Vi\u00f1etas.<br \/>4.3. Encabezado y Pie de P\u00e1gina.<br \/>4.4. Insertar Notas al Orador.<\/UL><\/p>\n<p><strong>UD5. Operaciones Avanzadas con Texto.<\/strong><UL>5.1. Selecci\u00f3n de Texto.<br \/>5.2. Formato de Texto.<br \/>5.3. Formato de P\u00e1rrafo.<br \/>5.4. La \u201cMini Barra\u201d de Herramientas.<br \/>5.5. WordArt.<br \/>5.6. Edici\u00f3n de Texto.<br \/>5.7. Deshacer y Rehacer Operaciones.<br \/>5.8. Mejora y Correcci\u00f3n del Texto.<\/UL><\/p>\n<p><strong>UD6. Edici\u00f3n Avanzada de las Diapositivas.<\/strong><UL>6.1. Utilizar Colores o Texturas para el Fondo de la Diapositiva.<br \/>6.2. Aplicar Dise\u00f1os de Diapositiva.<br \/>6.3. Modificar Temas.<br \/>6.4. Estilos de Fondo.<br \/>6.5. Ordenar las Diapositivas dentro de una Presentaci\u00f3n.<br \/>6.6. Guardar como Plantilla.<\/UL><\/p>\n<p><strong>UD7. Inserci\u00f3n de Objetos en la Diapositiva.<\/strong><UL>7.1. \u00bfQu\u00e9 es un Objeto?.<br \/>7.2. Inserci\u00f3n de Im\u00e1genes Predise\u00f1adas.<br \/>7.3. Inserci\u00f3n de Im\u00e1genes desde Archivo.<br \/>7.4. Inserci\u00f3n de Formas Predefinidas.<br \/>7.5. Creaci\u00f3n de Texto Art\u00edstico.<br \/>7.6. SmartArt.<br \/>7.7. Cuadros de Texto.<br \/>7.8. Insertar S\u00edmbolos.<br \/>7.9. Ecuaciones.<br \/>7.10. Creaci\u00f3n de Gr\u00e1ficos.<br \/>7.11. Uso del Portapapeles.<\/UL><\/p>\n<p><strong>UD8. Trabajo Avanzado con Objetos.<\/strong><UL>8.1. Tablas.<br \/>8.2. Audio y Video.<br \/>8.3. Trabajo con Objetos.<\/UL><\/p>\n<p><strong>UD9. Revisar, Documentar e Imprimir una Presentaci\u00f3n.<\/strong><UL>9.1. Revisar Presentaci\u00f3n.<br \/>9.2. Documentaci\u00f3n de la Presentaci\u00f3n.<br \/>9.3. Empleo de Patrones.<br \/>9.4. Impresi\u00f3n y Presentaci\u00f3n de Diapositivas en Diferentes Soportes.<\/UL><\/p>\n<p><strong>UD10. Presentaci\u00f3n de Diapositivas.<\/strong><UL>10.1. Animaci\u00f3n de Elementos.<br \/>10.2. Transici\u00f3n de Diapositivas.<br \/>10.3. Selecci\u00f3n de Intervalos de Tiempo.<br \/>10.4. Configuraci\u00f3n de la Presentaci\u00f3n.<br \/>10.5. Conexi\u00f3n a un Proyector y Configuraci\u00f3n.<br \/>10.6. Ensayo de la Presentaci\u00f3n.<br \/>10.7. Proyecci\u00f3n de la Presentaci\u00f3n.<\/UL><\/p>\n<p><strong>Soluciones.<\/strong><\/p>\n","protected":false},"excerpt":{"rendered":"<p>Objetivos generales:<\/p>\n<ul>\n<li>Dotar a los participantes de los conocimientos necesarios que les permita desarrollar competencias y cualificaciones b\u00e1sicas en el puesto de trabajo con el fin de mejorar su profesionalidad y proporcionarle una mayor estabilidad en el mercado laboral.<\/li>\n<li>Ense\u00f1ar a los\/as participantes los conocimientos te\u00f3ricos y pr\u00e1cticos necesarios para el manejo del programa powerpoint en la versi\u00f3n 2013 como aplicaci\u00f3n inform\u00e1tica indispensable para la realizaci\u00f3n de todo tipo de presentaciones en el desempe\u00f1o de las tareas propias de su puesto de trabajo.<\/li>\n<li>Dotar a los\/as participantes de la destreza y pr\u00e1ctica necesaria para desenvolverse con soltura en el manejo de este programa inform\u00e1tico, ampliando de esta manera sus conocimientos personales y profesionales para incrementar su adaptaci\u00f3n a la evoluci\u00f3n de las profesiones, a las nuevas exigencias en el mercado laboral y a la movilidad y\/o promoci\u00f3n en el empleo.<\/li>\n<\/ul>\n<p>Objetivos espec\u00edficos:<\/p>\n<ul>\n<li>Aprender a realizar presentaciones eficaces y espectaculares obteniendo el m\u00e1ximo rendimiento del programa sin necesidad de conocimientos previos.<\/li>\n<li>Conocer y utilizar los distintos elementos que se pueden incorporar en una presentaci\u00f3n de powerpoint: im\u00e1genes, textos, objetos, organigramas, gr\u00e1ficos, tablas y dibujos.<\/li>\n<li>Aprender a configurar la animaci\u00f3n de una presentaci\u00f3n utilizando todos los recursos existentes en el programa: efectos, sonidos, pel\u00edculas, videos.<\/li>\n<li>Dise\u00f1ar presentaciones complejas.<\/li>\n<\/ul>\n","protected":false},"featured_media":732,"comment_status":"open","ping_status":"closed","template":"","meta":{"neve_meta_sidebar":"","neve_meta_container":"","neve_meta_enable_content_width":"","neve_meta_content_width":0,"neve_meta_title_alignment":"","neve_meta_author_avatar":"","neve_post_elements_order":"","neve_meta_disable_header":"","neve_meta_disable_footer":"","neve_meta_disable_title":""},"product_brand":[],"product_cat":[22,23,28],"product_tag":[],"class_list":{"0":"post-755","1":"product","2":"type-product","3":"status-publish","4":"has-post-thumbnail","6":"product_cat-cursos","7":"product_cat-cursos-de-especializacion","8":"product_cat-informatica-y-comunicaciones","10":"first","11":"instock","12":"sold-individually","13":"shipping-taxable","14":"purchasable","15":"product-type-simple"},"_links":{"self":[{"href":"https:\/\/camonclass.com\/tienda\/wp-json\/wp\/v2\/product\/755","targetHints":{"allow":["GET"]}}],"collection":[{"href":"https:\/\/camonclass.com\/tienda\/wp-json\/wp\/v2\/product"}],"about":[{"href":"https:\/\/camonclass.com\/tienda\/wp-json\/wp\/v2\/types\/product"}],"replies":[{"embeddable":true,"href":"https:\/\/camonclass.com\/tienda\/wp-json\/wp\/v2\/comments?post=755"}],"wp:featuredmedia":[{"embeddable":true,"href":"https:\/\/camonclass.com\/tienda\/wp-json\/wp\/v2\/media\/732"}],"wp:attachment":[{"href":"https:\/\/camonclass.com\/tienda\/wp-json\/wp\/v2\/media?parent=755"}],"wp:term":[{"taxonomy":"product_brand","embeddable":true,"href":"https:\/\/camonclass.com\/tienda\/wp-json\/wp\/v2\/product_brand?post=755"},{"taxonomy":"product_cat","embeddable":true,"href":"https:\/\/camonclass.com\/tienda\/wp-json\/wp\/v2\/product_cat?post=755"},{"taxonomy":"product_tag","embeddable":true,"href":"https:\/\/camonclass.com\/tienda\/wp-json\/wp\/v2\/product_tag?post=755"}],"curies":[{"name":"wp","href":"https:\/\/api.w.org\/{rel}","templated":true}]}}