{"id":765,"date":"2022-07-25T16:38:36","date_gmt":"2022-07-25T16:38:36","guid":{"rendered":"https:\/\/camonclass.vertice.org\/formacion\/planes-de-evacuacion-y-emergencias-en-un-establecimiento-hostelero\/"},"modified":"2022-07-25T16:38:36","modified_gmt":"2022-07-25T16:38:36","slug":"planes-de-evacuacion-y-emergencias-en-un-establecimiento-hostelero","status":"publish","type":"product","link":"https:\/\/camonclass.com\/tienda\/formacion\/planes-de-evacuacion-y-emergencias-en-un-establecimiento-hostelero\/","title":{"rendered":"Planes de Evacuaci\u00f3n y Emergencias en un Establecimiento Hostelero"},"content":{"rendered":"<p><strong>UD1. Marco normativo.<\/strong><UL>1.1. Ley de prevenci\u00f3n de Riesgos Laborales.<br \/>1.2. Real decreto 393\/2007 de 23 de marzo, por el que se aprueba la Norma B\u00e1sica de Autoprotecci\u00f3n de los centros, establecimientos y dependencias dedicados a actividades que puedan dar origen a situaciones de emergencia.<\/UL><\/p>\n<p><strong>UD2. Planes de emergencia y gesti\u00f3n.<\/strong><UL>2.1. Objetivos y desarrollo.<br \/>2.2. Factores de riesgo.<br \/>2.3. Acciones que se deben emprender en cada caso.<br \/>2.4. Equipos de autoprotecci\u00f3n, su composici\u00f3n y denominaci\u00f3n.<br \/>2.5. Criterios de selecci\u00f3n de los componentes de los equipos de autoprotecci\u00f3n.<br \/>2.6. Esquemas operacionales. Desarrollo del plan de emergencia.<\/UL><\/p>\n<p><strong>UD3. Evacuaci\u00f3n y planes de emergencia en el sector de la hosteler\u00eda.<\/strong><UL>3.1. Evaluaci\u00f3n del riesgo en el sector de la hosteler\u00eda.<br \/>3.2. Medios de protecci\u00f3n.<\/UL><\/p>\n<p><strong>UD4. Implantaci\u00f3n del plan de emergencias dentro del \u00e1mbito hostelero.<\/strong><UL>4.1. Implantaci\u00f3n del plan de emergencia.<\/UL><\/p>\n<p><strong>UD5. Prevenci\u00f3n de riesgos de incendio en la hosteler\u00eda.<\/strong><UL>5.1. Introducci\u00f3n.<br \/>5.2. Descripci\u00f3n del incendio.<br \/>5.3. Actividades asociadas.<br \/>5.4. Causalidad.<br \/>5.5. Tipolog\u00eda de los efectos y consecuencias.<br \/>5.6. Respuesta preventiva.<br \/>5.7. Requisitos en el sector hostelero.<\/UL><\/p>\n<p><strong>UD6. Primeros auxilios.<\/strong><UL>6.1. Conductas ante un accidente.<br \/>6.2. Heridas y hemorragias.<br \/>6.3. Quemaduras.<br \/>6.4. Accidentes producidos por la electricidad.<br \/>6.5. Asfixias de origen no el\u00e9ctrico.<br \/>6.6. Traumatismos y fracturas.<br \/>6.7. Otras normas de primeros auxilios.<\/UL><\/p>\n<p><strong>Anexo 1: Lista de comprobaci\u00f3n previa a la elaboraci\u00f3n del plan de emergencia.<\/strong><\/p>\n<p><strong>Anexo 2: Definiciones y t\u00e9rminos utilizados en la protecci\u00f3n contra incendios y planes de emergencias.<\/strong><\/p>\n","protected":false},"excerpt":{"rendered":"<ul>\n<li>Aprender los contenidos del manual de autoprotecci\u00f3n.<\/li>\n<li>Determinar en qu\u00e9 consiste un plan de emergencias.<\/li>\n<li>Aprender pautas para implantar un plan de emergencias en un establecimiento hostelero.<\/li>\n<li>Conocer los medios que existen para prevenir los incendios en un establecimiento hostelero <\/li>\n<\/ul>\n","protected":false},"featured_media":760,"comment_status":"open","ping_status":"closed","template":"","meta":{"neve_meta_sidebar":"","neve_meta_container":"","neve_meta_enable_content_width":"","neve_meta_content_width":0,"neve_meta_title_alignment":"","neve_meta_author_avatar":"","neve_post_elements_order":"","neve_meta_disable_header":"","neve_meta_disable_footer":"","neve_meta_disable_title":""},"product_brand":[],"product_cat":[22,23,29],"product_tag":[],"class_list":{"0":"post-765","1":"product","2":"type-product","3":"status-publish","4":"has-post-thumbnail","6":"product_cat-cursos","7":"product_cat-cursos-de-especializacion","8":"product_cat-prevencion-de-riesgos-laborales","10":"first","11":"instock","12":"sold-individually","13":"shipping-taxable","14":"purchasable","15":"product-type-simple"},"_links":{"self":[{"href":"https:\/\/camonclass.com\/tienda\/wp-json\/wp\/v2\/product\/765","targetHints":{"allow":["GET"]}}],"collection":[{"href":"https:\/\/camonclass.com\/tienda\/wp-json\/wp\/v2\/product"}],"about":[{"href":"https:\/\/camonclass.com\/tienda\/wp-json\/wp\/v2\/types\/product"}],"replies":[{"embeddable":true,"href":"https:\/\/camonclass.com\/tienda\/wp-json\/wp\/v2\/comments?post=765"}],"wp:featuredmedia":[{"embeddable":true,"href":"https:\/\/camonclass.com\/tienda\/wp-json\/wp\/v2\/media\/760"}],"wp:attachment":[{"href":"https:\/\/camonclass.com\/tienda\/wp-json\/wp\/v2\/media?parent=765"}],"wp:term":[{"taxonomy":"product_brand","embeddable":true,"href":"https:\/\/camonclass.com\/tienda\/wp-json\/wp\/v2\/product_brand?post=765"},{"taxonomy":"product_cat","embeddable":true,"href":"https:\/\/camonclass.com\/tienda\/wp-json\/wp\/v2\/product_cat?post=765"},{"taxonomy":"product_tag","embeddable":true,"href":"https:\/\/camonclass.com\/tienda\/wp-json\/wp\/v2\/product_tag?post=765"}],"curies":[{"name":"wp","href":"https:\/\/api.w.org\/{rel}","templated":true}]}}