{"id":767,"date":"2022-07-25T16:38:36","date_gmt":"2022-07-25T16:38:36","guid":{"rendered":"https:\/\/camonclass.vertice.org\/formacion\/prl-en-oficinas-de-farmacia-y-primeros-auxilios\/"},"modified":"2022-07-25T16:38:36","modified_gmt":"2022-07-25T16:38:36","slug":"prl-en-oficinas-de-farmacia-y-primeros-auxilios","status":"publish","type":"product","link":"https:\/\/camonclass.com\/tienda\/formacion\/prl-en-oficinas-de-farmacia-y-primeros-auxilios\/","title":{"rendered":"PRL en oficinas de Farmacia y primeros auxilios"},"content":{"rendered":"<p><strong>M\u00f3dulo I. Prevenci\u00f3n de Riesgos Laborales en oficinas de farmacia.<\/strong><\/p>\n<p><strong>UD1. Introducci\u00f3n a los riesgos en el trabajo.<\/strong><UL>1.1. Introducci\u00f3n.<br \/>1.2. El trabajo y la salud.<br \/>1.3. Los da\u00f1os derivados del trabajo.<br \/>1.4. Los costes de la siniestralidad laboral.<\/UL><\/p>\n<p><strong>UD2. Macro normativo b\u00e1sico en materia de prevenci\u00f3n de riesgos laborales.<\/strong><UL>2.1. Introducci\u00f3n.<br \/>2.2. Antecedentes normativos.<br \/>2.3. Directivas Europeas.<br \/>2.4. Legislaci\u00f3n nacional.<\/UL><\/p>\n<p><strong>UD3. Los riesgos relacionados con los espacios y equipos de trabajo.<\/strong><UL>3.1. Introducci\u00f3n.<br \/>3.2. Las condiciones de los locales de trabajo.<br \/>3.3. Las condiciones de los equipos de trabajo: las m\u00e1quinas.<br \/>3.4. Las condicones de las herramientas.<br \/>3.5. La manipulaci\u00f3n de cargas.<br \/>3.6. El transporte de carga.<br \/>3.7. Las condiciones de almacenamiento.<br \/>3.8. El riesgo de incendio.<br \/>3.9. El riesgo el\u00e9ctrico.<\/UL><\/p>\n<p><strong>UD4. Los contaminantes ambientales presentes en el trabajo.<\/strong><UL>4.1. Introducci\u00f3n.<br \/>4.2. Los contaminantes qu\u00edmicos.<br \/>4.3. Los contaminantes f\u00edsicos.<br \/>4.4. Los contaminantes biol\u00f3gicos.<br \/>4.5. Los m\u00e9todos generales de protecci\u00f3n contra los factores ambientales del trabajo.<\/UL><\/p>\n<p><strong>UD5. Los riesgos relacionados con la organizaci\u00f3n del trabajo.<\/strong><UL>5.1. Introducci\u00f3n.<br \/>5.2. La carga de trabajo.<br \/>5.3. Los riesgos derivados de factores psicol\u00f3gicos y sociales.<\/UL><\/p>\n<p><strong>UD6. Las t\u00e9cnicas de control y protecci\u00f3n de riesgos.<\/strong><UL>6.1. Introducci\u00f3n.<br \/>6.2. Las t\u00e9cnicas cient\u00edficas de prevenci\u00f3n de riesgos.<br \/>6.3. Sistemas elementales de control de riesgos.<br \/>6.4. El control de la slaud del trabajador.<\/UL><\/p>\n<p><strong>UD7. Los planes de emergencia y evacuaci\u00f3n.<\/strong><UL>7.1. Introducci\u00f3n.<br \/>7.2. Plan de emergencia: Definici\u00f3n y objetivo.<br \/>7.3. Equipos de emergencia: Composici\u00f3n y funciones.<br \/>7.4. Fases de un plan de emergencia.<br \/>7.5. El plan de autoprotecci\u00f3n.<\/UL><\/p>\n<p><strong>UD8. La gesti\u00f3n de la prevenci\u00f3n de riesgos en la empresa.<\/strong><UL>8.1. Introducci\u00f3n.<br \/>8.2. El s\u00edstema de gesti\u00f3n de la prevenci\u00f3n de riesgos laborales.<br \/>8.3. Organizaci\u00f3n del trabajo preventivo: instrumentos y rutinas b\u00e1sicas.<br \/>8.4. Modalidades para organizar la prevenci\u00f3n en la empresa.<br \/>8.5. Consulta y participaci\u00f3n de los trabajadores en materia preventiva.<br \/>8.6. Organismos relacionados con la seguridad y salud en el trabajo.<\/UL><\/p>\n<p><strong>UD9. Los primeros auxilios en la empresa.<\/strong><UL>9.1. Introducci\u00f3n.<br \/>9.2. \u00bfEn qu\u00e9 consisten los primeros auxilios?.<br \/>9.3. Actuaciones a realizar ante un accidentado.<br \/>9.4. Formaci\u00f3n y medios adecuados para realizar acciones de socorrismo laboral.<br \/>9.5. Las t\u00e9cnicas de reranimaci\u00f3n en caso de emergencias m\u00e9dicas.<br \/>9.6. Anexos.<\/UL><\/p>\n<p><strong>UD10. La prevenci\u00f3n de riesgos espec\u00edficos en oficinas de farmacia.<\/strong><UL>10.1. La prevenci\u00f3n en el sector farmaceutico.<br \/>10.2. Condiciones generales de seguridad que debe cumplir el puesto de trabajo.<br \/>10.3. Riesgos espec\u00edficos en las oficinas de farmacia.<br \/>10.4. Trabajo en laboratorio, manipulaci\u00f3n de productos qu\u00edmicos.<br \/>10.5. Riesgo de sufrir acciones violentas.<\/UL><\/p>\n<p><strong>M\u00f3dulo II. Introducci\u00f3n a los primeros auxilios.<\/strong><\/p>\n<p><strong>UD1. Introducci\u00f3n a los primeros auxilios.<\/strong><UL>1.1. El derecho de ser atendido y el deber de atender.<br \/>1.2. conceptos b\u00e1sicos sobre los primeros auxilios.<br \/>1.3. Accidente de un trabajador.<br \/>1.4. Principios generales de los primeros auxilios.<\/UL><\/p>\n<p><strong>UD2. Parada cardiorespiratoria.<\/strong><UL>2.1. Conceptps generales.<br \/>2.2. RCP b\u00e1sica.<\/UL><\/p>\n<p><strong>UD3. Obsturcci\u00f3n de las vias respiratorias.<\/strong><UL>3.1. Definici\u00f3n.<br \/>3.2. Actuaci\u00f3n.<br \/>3.3. Maniobra de Heimlich.<br \/>3.4. Ahogamiento.<\/UL><\/p>\n<p><strong>UD4. Heridas y hemorragias.<\/strong><UL>4.1. Heridas.<br \/>4.2. Hemorragias.<\/UL><\/p>\n<p><strong>UD5. Traumatismos.<\/strong><UL>5.1. Definici\u00f3n, clasificaci\u00f3n y actuaci\u00f3n.<\/UL><\/p>\n<p><strong>UD6. Quemaduras.<\/strong><UL>6.1. Definici\u00f3n y clasificaci\u00f3n.<br \/>6.2. Actuaci\u00f3n general.<br \/>6.3. Actuaciones espec\u00edficas en quemaduras.<\/UL><\/p>\n<p><strong>UD7. Intoxicaciones.<\/strong><UL>7.1. Introducci\u00f3n.<br \/>7.2. Intoxicaci\u00f3n por gases.<br \/>7.3. Intoxicaci\u00f3n por productos qu\u00edmicos.<br \/>7.4. Intoxcicaci\u00f3n alimentaria.<\/UL><\/p>\n<p><strong>UD8. Mordeduras y picaduras.<\/strong><UL>8.1. Mordeduras.<br \/>8.2. Serpientes.<br \/>8.3. Avispas.<br \/>8.4. Ara\u00f1as.<br \/>8.5. Escorpiones.<br \/>8.6. Garrapatas.<br \/>8.7. Medusas.<\/UL><\/p>\n<p><strong>UD9. Signos de alarma.<\/strong><UL>9.1. Reacciones al\u00e9rgicas.<br \/>9.2. Golpe de calor.<br \/>9.3. S\u00edncope.<br \/>9.4. Lipotimias.<br \/>9.5. Convulsiones.<br \/>9.6. Hipoglucemia.<\/UL><\/p>\n","protected":false},"excerpt":{"rendered":"<ul>\n<li>Conocer los conceptos b\u00e1sicos relacionados con la prevenci\u00f3n de riesgos laborales, as\u00ed como el principal marco normativo de referencia, de manera que los trabajadores de las oficinas de farmacia sean conscientes de los derechos y obligaciones que tienen dentro de la prevenci\u00f3n de los riesgos laborales, y as\u00ed, a su vez, mejorar su profesionalidad.<\/li>\n<li>Conocer las herramientas necesarias para determinar los riesgos a los que est\u00e1n sometidos, as\u00ed como las principales medidas preventivas a adoptar para minimizar sus efectos.<\/li>\n<li>Adquirir la capacidad necesaria para actuar en casos de emergencia, tanto frente a situaciones de incendio, como ante la necesidad de efectuar primeros auxilios.<\/li>\n<li>Adquirir la capacidad necesaria para el desempe\u00f1o de las funciones de nivel b\u00e1sico en materia de prevenci\u00f3n de riesgos laborales dentro de las oficinas de farmacia.<\/li>\n<\/ul>\n","protected":false},"featured_media":760,"comment_status":"open","ping_status":"closed","template":"","meta":{"neve_meta_sidebar":"","neve_meta_container":"","neve_meta_enable_content_width":"","neve_meta_content_width":0,"neve_meta_title_alignment":"","neve_meta_author_avatar":"","neve_post_elements_order":"","neve_meta_disable_header":"","neve_meta_disable_footer":"","neve_meta_disable_title":""},"product_brand":[],"product_cat":[22,23,29],"product_tag":[],"class_list":{"0":"post-767","1":"product","2":"type-product","3":"status-publish","4":"has-post-thumbnail","6":"product_cat-cursos","7":"product_cat-cursos-de-especializacion","8":"product_cat-prevencion-de-riesgos-laborales","10":"first","11":"instock","12":"sold-individually","13":"shipping-taxable","14":"purchasable","15":"product-type-simple"},"_links":{"self":[{"href":"https:\/\/camonclass.com\/tienda\/wp-json\/wp\/v2\/product\/767","targetHints":{"allow":["GET"]}}],"collection":[{"href":"https:\/\/camonclass.com\/tienda\/wp-json\/wp\/v2\/product"}],"about":[{"href":"https:\/\/camonclass.com\/tienda\/wp-json\/wp\/v2\/types\/product"}],"replies":[{"embeddable":true,"href":"https:\/\/camonclass.com\/tienda\/wp-json\/wp\/v2\/comments?post=767"}],"wp:featuredmedia":[{"embeddable":true,"href":"https:\/\/camonclass.com\/tienda\/wp-json\/wp\/v2\/media\/760"}],"wp:attachment":[{"href":"https:\/\/camonclass.com\/tienda\/wp-json\/wp\/v2\/media?parent=767"}],"wp:term":[{"taxonomy":"product_brand","embeddable":true,"href":"https:\/\/camonclass.com\/tienda\/wp-json\/wp\/v2\/product_brand?post=767"},{"taxonomy":"product_cat","embeddable":true,"href":"https:\/\/camonclass.com\/tienda\/wp-json\/wp\/v2\/product_cat?post=767"},{"taxonomy":"product_tag","embeddable":true,"href":"https:\/\/camonclass.com\/tienda\/wp-json\/wp\/v2\/product_tag?post=767"}],"curies":[{"name":"wp","href":"https:\/\/api.w.org\/{rel}","templated":true}]}}