{"id":769,"date":"2022-07-25T16:38:36","date_gmt":"2022-07-25T16:38:36","guid":{"rendered":"https:\/\/camonclass.vertice.org\/formacion\/prl-en-talleres-de-reparacion-de-automoviles-y-primeros-auxilios\/"},"modified":"2022-07-25T16:38:36","modified_gmt":"2022-07-25T16:38:36","slug":"prl-en-talleres-de-reparacion-de-automoviles-y-primeros-auxilios","status":"publish","type":"product","link":"https:\/\/camonclass.com\/tienda\/formacion\/prl-en-talleres-de-reparacion-de-automoviles-y-primeros-auxilios\/","title":{"rendered":"PRL en talleres de reparaci\u00f3n de automoviles y primeros auxilios"},"content":{"rendered":"<p><strong>Bloque I. Prevenci\u00f3n de riesgos laborales en talleres de reparaci\u00f3n de autom\u00f3viles.<\/strong><\/p>\n<p><strong>UD1. Introducci\u00f3n a los riesgos en el trabajo.<\/strong><UL>1.1. Introducci\u00f3n.<br \/>1.2. El trabajo y la salud.<br \/>1.2.1. El trabajo.<br \/>1.2.2. La salud.<br \/>1.2.3. Los factores de riesgo en el trabajo.<br \/>1.2.4. El riesgo laboral.<br \/>1.3. Los da\u00f1os derivados del trabajo.<br \/>1.3.1. Los accidentes del trabajo.<br \/>1.3.2. Las enfermedades profesionales.<br \/>1.3.3. Otras patolog\u00edas derivadas del trabajo.<br \/>1.4. Los costes de la siniestralidad laboral.<\/UL><\/p>\n<p><strong>UD2. Marco normativo b\u00e1sico en materia de Prevenci\u00f3n de Riesgos Laborales.<\/strong><UL>2.1. Introducci\u00f3n.<br \/>2.2. Antecedentes normativos.<br \/>2.3. Directivas europeas.<br \/>2.3.1. Directiva comunitaria 89\/391CEE.<br \/>2.3.2. Directivas comunitarias 92\/59\/CEE y 2001\/95\/CE.<br \/>2.4. Legislaci\u00f3n nacional.<br \/>2.4.1. La ley 31\/95, prevenci\u00f3n de riesgos laborales reformada por la ley 54\/2003.<br \/>2.4.2. RD. 39\/97, servicios de prevenci\u00f3n.<br \/>2.4.3. Otras normas nacionales referentes a prevenci\u00f3n de riesgos.<br \/>2.5. Derechos y deberes b\u00e1sicos en materia de prevenci\u00f3n de riesgos.<br \/>2.5.1. Obligaciones del empresario.<br \/>2.5.2. Obligaciones y derechos de los trabajadores.<br \/>2.5.3. Responsabilidades en materia de prevenci\u00f3n.<\/UL><\/p>\n<p><strong>UD3. Los riesgos relacionados con los espacios y equipos de trabajo.<\/strong><UL>3.1. Introducci\u00f3n.<br \/>3.2. Las condiciones de los locales de trabajo.<br \/>3.3. Las condiciones de los equipos de trabajo: las m\u00e1quinas.<br \/>3.4. Las condiciones de las herramientas.<br \/>3.5. La manipulaci\u00f3n manual de cargas.<br \/>3.6. El transporte de cargas.<br \/>3.7. Las condiciones de almacenamiento.<br \/>3.8. El riesgo de incendio.<br \/>3.9. El riesgo el\u00e9ctrico.<\/UL><\/p>\n<p><strong>UD4. Los contaminantes ambientales presentes en el trabajo.<\/strong><UL>4.1. Introducci\u00f3n.<br \/>4.2. Los contaminantes qu\u00edmicos.<br \/>4.3. Los contaminantes f\u00edsicos.<br \/>4.3.1. Ruido.<br \/>4.3.2. Vibraciones.<br \/>4.3.3. Ambiente t\u00e9rmico.<br \/>4.3.4. Radiaciones.<br \/>4.3.5. Iluminaci\u00f3n.<br \/>4.4. Los contaminantes biol\u00f3gicos.<br \/>4.5. Los m\u00e9todos generales de protecci\u00f3n contra los factores ambientales del trabajo.<br \/>4.5.1. M\u00e9todos de actuaci\u00f3n sobre el foco de contaminaci\u00f3n.<br \/>4.5.2. M\u00e9todos de actuaci\u00f3n sobre el medio de difusi\u00f3n.<br \/>4.5.3. M\u00e9todos de actuaci\u00f3n sobre el trabajador.<\/UL><\/p>\n<p><strong>UD5. Los riesgos relacionados con la organizaci\u00f3n del trabajo.<\/strong><UL>5.1. Introducci\u00f3n.<br \/>5.2. La carga de trabajo.<br \/>5.2.1. La carga f\u00edsica del trabajo.<br \/>5.2.2. La carga mental.<br \/>5.3. Los riesgos derivados de factores psicol\u00f3gicos y sociales.<br \/>5.3.1. La insatisfacci\u00f3n laboral.<br \/>5.3.2. El estr\u00e9s laboral.<br \/>5.3.3. El mobbing.<\/UL><\/p>\n<p><strong>UD6. Las t\u00e9cnicas de control y protecci\u00f3n de riesgos.<\/strong><UL>6.1. Introducci\u00f3n.<br \/>6.2. Las t\u00e9cnicas cient\u00edficas de prevenci\u00f3n de riesgos.<br \/>6.2.1. La seguridad en el trabajo.<br \/>6.2.2. La higiene industrial.<br \/>6.2.3. La ergonom\u00eda.<br \/>6.2.4. La psicosociolog\u00eda.<br \/>6.2.5. La medicina del trabajo.<br \/>6.3. Sistemas elementales de control y protecci\u00f3n de riesgos.<br \/>6.3.1. La prevenci\u00f3n integrada.<br \/>6.3.2. La protecci\u00f3n colectiva.<br \/>6.3.3. La protecci\u00f3n individual.<br \/>6.4. El control de la salud del trabajador.<\/UL><\/p>\n<p><strong>UD7. Los planes de emergencia y evacuaci\u00f3n.<\/strong><UL>7.1. Introducci\u00f3n.<br \/>7.2. Plan de emergencia: Definici\u00f3n y objetivos.<br \/>7.3. Equipos de emergencia: Composici\u00f3n y funciones.<br \/>7.4. Fases de un plan de emergencia.<br \/>7.4.1. La fase de dise\u00f1o.<br \/>7.4.2. La fase de implantaci\u00f3n.<br \/>7.5. El plan de autoprotecci\u00f3n.<\/UL><\/p>\n<p><strong>UD8. La gesti\u00f3n de la Prevenci\u00f3n de Riesgos en la empresa.<\/strong><UL>8.1. Introducci\u00f3n.<br \/>8.2. El sistema de gesti\u00f3n de la prevenci\u00f3n de riesgos laborales.<br \/>8.3. Organizaci\u00f3n del trabajo preventivo: instrumentos y rutinas b\u00e1sicas.<br \/>8.4. Modalidades para organizar la prevenci\u00f3n en la empresa.<br \/>8.5. Consulta y participaci\u00f3n de los trabajadores en materia preventiva.<br \/>8.5.1. El delegado de prevenci\u00f3n.<br \/>8.5.2. Comit\u00e9s de seguridad y salud.<br \/>8.6. Organismos relacionados con la seguridad y salud en el trabajo.<br \/>8.6.1. Organismos nacionales.<br \/>8.6.2. Organismos internacionales.<\/UL><\/p>\n<p><strong>UD9. Los primeros auxilios en la empresa.<\/strong><UL>9.1. Introducci\u00f3n.<br \/>9.2. \u00bfEn qu\u00e9 consisten los primeros auxilios?.<br \/>9.3. Actuaciones a realizar ante un accidentado.<br \/>9.3.1. Actuaciones b\u00e1sicas.<br \/>9.3.2. Actuaciones m\u00e1s frecuentes de primeros auxilios.<br \/>9.4. Formaci\u00f3n y medios adecuados para realizar acciones de socorrismo laboral.<br \/>9.4.1. Formaci\u00f3n.<br \/>9.4.2. Medios t\u00e9cnicos y materiales adecuados.<br \/>9.5. Las t\u00e9cnicas de reanimaci\u00f3n en caso de emergencias m\u00e9dicas.<br \/>9.5.1. La respiraci\u00f3n boca a boca.<br \/>9.5.2. El masaje card\u00edaco.<\/UL><\/p>\n<p><strong>UD10. Prevenci\u00f3n de riesgos espec\u00edficos en talleres de reparaci\u00f3n de autom\u00f3viles.<\/strong><UL>10.1. El sector de talleres de reparaci\u00f3n de autom\u00f3viles en Espa\u00f1a.<br \/>10.2. Clasificaci\u00f3n de talleres.<br \/>10.3. Caracter\u00edsticas del sector de reparaci\u00f3n de veh\u00edculos.<br \/>10.4. Normativa espec\u00edfica.<br \/>10.5. Riesgos m\u00e1s frecuentes en el sector.<br \/>10.6. Riesgos de seguridad.<br \/>10.7. Riesgos de higiene.<br \/>10.8. Riesgos de ergonom\u00eda.<br \/>10.9. Riesgos por procesos y tareas.<br \/>10.9.1. Reparaci\u00f3n de carrocer\u00edas.<br \/>10.9.2. Tratamiento anticorrosivo.<br \/>10.9.3. Reparaciones mec\u00e1nicas.<br \/>10.9.4. Reparaciones el\u00e9ctricas.<br \/>10.9.5. Administraci\u00f3n y almac\u00e9n.<br \/>10.9.6. Lavado.<br \/>10.10. Medidas preventivas.<\/UL><\/p>\n<p><strong>Bloque II. Introducci\u00f3n a los primeros auxilios.<\/strong><\/p>\n<p><strong>UD1. Introducci\u00f3n a los primeros auxilios.<\/strong><UL>1.1. El derecho a ser atendido y el deber de atender.<br \/>1.2. Conceptos b\u00e1sicos sobre los primeros auxilios.<br \/>1.3. Accidente de un trabajador.<br \/>1.4. Principios generales en primeros auxilios.<\/UL><\/p>\n<p><strong>UD2. Parada cardiorrespiratoria.<\/strong><UL>2.1. Conceptos generales.<br \/>2.2. RCP B\u00e1sica.<br \/>2.2.1. Procedimiento de actuaci\u00f3n.<br \/>2.2.2. Casos especiales.<br \/>2.2.3. Cuando no realizar la RCP.<br \/>2.2.4Cuando suspender la RCP.<\/UL><\/p>\n<p><strong>UD3. Obstrucci\u00f3n de las v\u00edas a\u00e9reas.<\/strong><UL>3.1. Definici\u00f3n.<br \/>3.2. Actuaci\u00f3n.<br \/>3.3. Maniobra de Heimlich.<br \/>3.3.1. Persona consciente.<br \/>3.3.2. Persona consciente sin acompa\u00f1ante.<br \/>3.3.3. Persona inconsciente.<br \/>3.4. Ahogamiento.<br \/>3.4.1. Actuaci\u00f3n.<\/UL><\/p>\n<p><strong>UD4. Heridas y hemorragias.<\/strong><UL>4.1. Heridas.<br \/>4.3.1. Definici\u00f3n y clasificaci\u00f3n.<br \/>4.3.2. Actuaci\u00f3n.<br \/>4.2. Hemorragias.<br \/>4.2.1. Definici\u00f3n y clasificaci\u00f3n.<br \/>4.2.2. Actuaci\u00f3n.<\/UL><\/p>\n<p><strong>UD5. Traumatismos.<\/strong><UL>5.1. Definici\u00f3n, clasificaci\u00f3n y actuaci\u00f3n.<br \/>5.1.1. Contusiones.<br \/>5.1.2. Esguince.<br \/>5.1.3. Luxaci\u00f3n.<br \/>5.1.4. Fractura.<\/UL><\/p>\n<p><strong>UD6. Quemaduras.<\/strong><UL>6.1. Definici\u00f3n y clasificaci\u00f3n.<br \/>6.2. Actuaci\u00f3n general.<br \/>6.3. Actuaciones espec\u00edficas en quemaduras.<br \/>6.3.1. Causadas por fuego.<br \/>6.3.2. Causadas por electricidad.<br \/>6.3.3. Causadas por productos qu\u00edmicos.<br \/>6.3.4. Causadas por s\u00f3lidos incandescentes.<br \/>6.3.5. Causadas por l\u00edquidos ardiendo o inflamados.<br \/>6.3.6. Causadas por insolaci\u00f3n.<\/UL><\/p>\n<p><strong>UD7. Intoxicaciones.<\/strong><UL>7.1. Introducci\u00f3n.<br \/>7.2. Intoxicaci\u00f3n por gases.<br \/>7.3. Intoxicaci\u00f3n por productos qu\u00edmicos.<br \/>7.4. Intoxicaci\u00f3n alimentaria.<\/UL><\/p>\n<p><strong>UD8. Mordeduras y picaduras.<\/strong><UL>8.1. Mordeduras.<br \/>8.2. Serpientes.<br \/>8.3. Avispas.<br \/>8.4. Ara\u00f1as.<br \/>8.5. Escorpiones.<br \/>8.6. Garrapatas.<br \/>8.7. Medusas.<\/UL><\/p>\n<p><strong>UD9. Signos de alarma.<\/strong><UL>9.1. Reacciones al\u00e9rgicas.<br \/>9.2. Golpe de calor.<br \/>9.3. S\u00edncope.<br \/>9.4. Lipotimia.<br \/>9.5. Convulsiones.<br \/>9.6. Hipoglucemia.<\/UL><\/p>\n","protected":false},"excerpt":{"rendered":"<ul>\n<li>Conocer la normativa de prevenci\u00f3n de riesgos laborales en cuanto a organizaci\u00f3n de la prevenci\u00f3n, facultades y competencias, obligaciones y responsabilidades.<\/li>\n<li>Adquirir la capacidad necesaria para desarrollar el trabajo de forma m\u00e1s segura, estableciendo unas normas b\u00e1sicas de seguridad y buscando de forma activa la mejora de aspectos como las deficiencias ergon\u00f3mico-posturales, evitar la poluci\u00f3n en el ambiente, etc.<\/li>\n<li>Adquirir conocimientos acerca de medidas preventivas que se deben llevar a cabo en los talleres de reparaci\u00f3n de autom\u00f3viles.<\/li>\n<li>Conocer los conceptos b\u00e1sicos sobre primeros auxilios.<\/li>\n<li>Adquirir los conocimientos y la capacidad necesaria para actuar ante situaciones de emergencia como paradas cardiorrespiratoria, heridas y hemorragias, traumatismos, etc. <BR><\/li>\n<\/ul>\n","protected":false},"featured_media":760,"comment_status":"open","ping_status":"closed","template":"","meta":{"neve_meta_sidebar":"","neve_meta_container":"","neve_meta_enable_content_width":"","neve_meta_content_width":0,"neve_meta_title_alignment":"","neve_meta_author_avatar":"","neve_post_elements_order":"","neve_meta_disable_header":"","neve_meta_disable_footer":"","neve_meta_disable_title":""},"product_brand":[],"product_cat":[22,23,29],"product_tag":[],"class_list":{"0":"post-769","1":"product","2":"type-product","3":"status-publish","4":"has-post-thumbnail","6":"product_cat-cursos","7":"product_cat-cursos-de-especializacion","8":"product_cat-prevencion-de-riesgos-laborales","10":"first","11":"instock","12":"sold-individually","13":"shipping-taxable","14":"purchasable","15":"product-type-simple"},"_links":{"self":[{"href":"https:\/\/camonclass.com\/tienda\/wp-json\/wp\/v2\/product\/769","targetHints":{"allow":["GET"]}}],"collection":[{"href":"https:\/\/camonclass.com\/tienda\/wp-json\/wp\/v2\/product"}],"about":[{"href":"https:\/\/camonclass.com\/tienda\/wp-json\/wp\/v2\/types\/product"}],"replies":[{"embeddable":true,"href":"https:\/\/camonclass.com\/tienda\/wp-json\/wp\/v2\/comments?post=769"}],"wp:featuredmedia":[{"embeddable":true,"href":"https:\/\/camonclass.com\/tienda\/wp-json\/wp\/v2\/media\/760"}],"wp:attachment":[{"href":"https:\/\/camonclass.com\/tienda\/wp-json\/wp\/v2\/media?parent=769"}],"wp:term":[{"taxonomy":"product_brand","embeddable":true,"href":"https:\/\/camonclass.com\/tienda\/wp-json\/wp\/v2\/product_brand?post=769"},{"taxonomy":"product_cat","embeddable":true,"href":"https:\/\/camonclass.com\/tienda\/wp-json\/wp\/v2\/product_cat?post=769"},{"taxonomy":"product_tag","embeddable":true,"href":"https:\/\/camonclass.com\/tienda\/wp-json\/wp\/v2\/product_tag?post=769"}],"curies":[{"name":"wp","href":"https:\/\/api.w.org\/{rel}","templated":true}]}}