{"id":780,"date":"2022-07-25T16:38:38","date_gmt":"2022-07-25T16:38:38","guid":{"rendered":"https:\/\/camonclass.vertice.org\/formacion\/emergencias-sanitarias-y-dispositivos-de-riesgos-previsible\/"},"modified":"2022-07-25T16:38:38","modified_gmt":"2022-07-25T16:38:38","slug":"emergencias-sanitarias-y-dispositivos-de-riesgos-previsible","status":"publish","type":"product","link":"https:\/\/camonclass.com\/tienda\/formacion\/emergencias-sanitarias-y-dispositivos-de-riesgos-previsible\/","title":{"rendered":"Emergencias sanitarias y dispositivos de riesgos previsible"},"content":{"rendered":"<p><strong>UD1. Organizaci\u00f3n de Planes de Emergencias.<\/strong><UL>1.1. Tipos.<br \/>1.2. Estructura general.<br \/>1.3. Objetivos generales y espec\u00edficos.<br \/>1.4. Alcance del plan. Estructura general de un plan de emergencias.<br \/>1.5. Organigrama jer\u00e1rquico y funcional de un plan de emergencias.<br \/>1.6. Conceptos relacionados con la delimitaci\u00f3n de la vulnerabilidad.<\/UL><\/p>\n<p><strong>UD2. Elaboraci\u00f3n del Mapa de Riesgos.<\/strong><UL>2.1. Tipificaci\u00f3n de los riesgos.<br \/>2.2. Valoraci\u00f3n del riesgo.<br \/>2.3. Situaci\u00f3n geogr\u00e1fica del riesgo.<br \/>2.4. An\u00e1lisis de las consecuencias por cada riesgo detectado sobre las personas y los bienes.<br \/>2.5. Delimitaci\u00f3n de las \u00e1reas de riesgo.<br \/>2.6. Sectorizaci\u00f3n en el plano de las zonas de actuaci\u00f3n.<br \/>2.7. Catalogaci\u00f3n de medios y recursos.<br \/>2.8. C\u00f3digos y signos a utilizar en los planos.<\/UL><\/p>\n<p><strong>UD3. Activaci\u00f3n del Plan de Emergencias.<\/strong><UL>3.1. Fase de recogida de informaci\u00f3n.<br \/>3.2. Niveles de activaci\u00f3n.<br \/>3.3. Fases de activaci\u00f3n.<br \/>3.4. Fase de ejecuci\u00f3n.<br \/>3.5. Evaluaci\u00f3n revisi\u00f3n y actualizaci\u00f3n del plan de emergencias.<\/UL><\/p>\n<p><strong>UD4. Dispositivos de Riesgo Previsible (DRP). Fase de Dise\u00f1o.<\/strong><UL>4.1. Dispositivos de riesgo previsible.<br \/>4.2. Fase de dise\u00f1o de dispositivos de riesgo previsible.<\/UL><\/p>\n<p><strong>UD5. Fase de Ejecuci\u00f3n y Desactivaci\u00f3n de DRP.<\/strong><UL>5.1. Organizaci\u00f3n y gesti\u00f3n de los recursos.<br \/>5.2. Transporte.<br \/>5.3. Concentraci\u00f3n y clasificaci\u00f3n del material.<br \/>5.4. Montaje del dispositivo.<br \/>5.5. Informaci\u00f3n a profesionales.<br \/>5.6. Procedimientos de activaci\u00f3n del DRP.<br \/>5.7. Fase de desactivaci\u00f3n.<\/UL><\/p>\n","protected":false},"excerpt":{"rendered":"<ul>\n<li>Una vez finalizado el M\u00f3dulo el alumno ser\u00e1 capaz de colaborar en la preparaci\u00f3n y en la ejecuci\u00f3n de planes de emergencias y de dispositivos de riesgo previsible.<\/li>\n<li>En concreto el alumno ser\u00e1 capaz de: Definir la finalidad objetivos y estructura jer\u00e1rquica y funcional de un plan de emergencias.<\/li>\n<li>Analizar el procedimiento de elaboraci\u00f3n del mapa de riesgos atendiendo a las condiciones de un \u00e1rea geogr\u00e1fica.<\/li>\n<li>Describir el procedimiento de activaci\u00f3n de un plan de emergencias seg\u00fan normativa.<\/li>\n<li>Determinar los mecanismos de actualizaci\u00f3n y revisi\u00f3n del plan de emergencias con la periodicidad establecida en el mismo.<\/li>\n<li>Definir el concepto estructura b\u00e1sica y tipos de dispositivos de riesgos previsibles (DRP).<\/li>\n<li>Desarrollar la fase de dise\u00f1o de un dispositivo de riesgos previsibles (DRP).<\/li>\n<li>Desarrollar la fase de ejecuci\u00f3n de un dispositivo de riesgos previsibles (DRP).<\/li>\n<li>Describir procedimiento normalizado para catalogar los medios y los recursos a utilizar en una situaci\u00f3n de cat\u00e1strofe.<\/li>\n<\/ul>\n","protected":false},"featured_media":779,"comment_status":"open","ping_status":"closed","template":"","meta":{"neve_meta_sidebar":"","neve_meta_container":"","neve_meta_enable_content_width":"","neve_meta_content_width":0,"neve_meta_title_alignment":"","neve_meta_author_avatar":"","neve_post_elements_order":"","neve_meta_disable_header":"","neve_meta_disable_footer":"","neve_meta_disable_title":""},"product_brand":[],"product_cat":[22,23,30],"product_tag":[],"class_list":{"0":"post-780","1":"product","2":"type-product","3":"status-publish","4":"has-post-thumbnail","6":"product_cat-cursos","7":"product_cat-cursos-de-especializacion","8":"product_cat-sanidad","10":"first","11":"instock","12":"sold-individually","13":"shipping-taxable","14":"purchasable","15":"product-type-simple"},"_links":{"self":[{"href":"https:\/\/camonclass.com\/tienda\/wp-json\/wp\/v2\/product\/780","targetHints":{"allow":["GET"]}}],"collection":[{"href":"https:\/\/camonclass.com\/tienda\/wp-json\/wp\/v2\/product"}],"about":[{"href":"https:\/\/camonclass.com\/tienda\/wp-json\/wp\/v2\/types\/product"}],"replies":[{"embeddable":true,"href":"https:\/\/camonclass.com\/tienda\/wp-json\/wp\/v2\/comments?post=780"}],"wp:featuredmedia":[{"embeddable":true,"href":"https:\/\/camonclass.com\/tienda\/wp-json\/wp\/v2\/media\/779"}],"wp:attachment":[{"href":"https:\/\/camonclass.com\/tienda\/wp-json\/wp\/v2\/media?parent=780"}],"wp:term":[{"taxonomy":"product_brand","embeddable":true,"href":"https:\/\/camonclass.com\/tienda\/wp-json\/wp\/v2\/product_brand?post=780"},{"taxonomy":"product_cat","embeddable":true,"href":"https:\/\/camonclass.com\/tienda\/wp-json\/wp\/v2\/product_cat?post=780"},{"taxonomy":"product_tag","embeddable":true,"href":"https:\/\/camonclass.com\/tienda\/wp-json\/wp\/v2\/product_tag?post=780"}],"curies":[{"name":"wp","href":"https:\/\/api.w.org\/{rel}","templated":true}]}}