{"id":781,"date":"2022-07-25T16:38:38","date_gmt":"2022-07-25T16:38:38","guid":{"rendered":"https:\/\/camonclass.vertice.org\/formacion\/logistica-sanitaria-ante-catastrofes\/"},"modified":"2022-07-25T16:38:38","modified_gmt":"2022-07-25T16:38:38","slug":"logistica-sanitaria-ante-catastrofes","status":"publish","type":"product","link":"https:\/\/camonclass.com\/tienda\/formacion\/logistica-sanitaria-ante-catastrofes\/","title":{"rendered":"Log\u00edstica sanitaria ante cat\u00e1strofes"},"content":{"rendered":"<p><strong>UD1. Log\u00edstica sanitaria para la actuaci\u00f3n en cat\u00e1strofe.<\/strong><UL>1.1. Definici\u00f3n.<br \/>1.2. Desarrollo hist\u00f3rico de la log\u00edstica sanitaria.<br \/>1.3. Principios generales de la log\u00edstica sanitaria.<br \/>1.4. Log\u00edstica de primera intervenci\u00f3n.<br \/>1.5. Log\u00edstica de segunda intervenci\u00f3n.<\/UL><\/p>\n<p><strong>UD2. Desarrollo de los principales planes log\u00edsticos en cat\u00e1strofes.<\/strong><UL>2.1. Log\u00edstica de transporte.<br \/>2.2. Log\u00edstica de abastecimiento y distribuci\u00f3n de recursos.<br \/>2.3. Log\u00edstica de comunicaciones.<br \/>2.4. Log\u00edstica de personal.<br \/>2.5. Log\u00edstica de gesti\u00f3n y administraci\u00f3n.<\/UL><\/p>\n<p><strong>UD3. Clasificaci\u00f3n del material log\u00edstico.<\/strong><UL>3.1. Funci\u00f3n.<br \/>3.2. Caracter\u00edsticas t\u00e9cnicas.<br \/>3.3. Tipos.<\/UL><\/p>\n<p><strong>UD4. Organizaci\u00f3n de las estructuras sanitarias eventuales para la asistencia a m\u00faltiples v\u00edctimas.<\/strong><UL>4.1. Estructuras asistenciales.<br \/>4.2. Estructuras de mando y coordinaci\u00f3n sanitaria.<\/UL><\/p>\n<p><strong>UD5. Preparaci\u00f3n de material para la asistencia sanitaria a una cat\u00e1strofe.<\/strong><UL>5.1. Material sanitario de primera intervenci\u00f3n.<br \/>5.2. Relaci\u00f3n de material sanitario de uso individual.<br \/>5.3. Relaci\u00f3n de elementos de protecci\u00f3n individual.<br \/>5.4. Indumentaria.<\/UL><\/p>\n<p><strong>UD6. Gesti\u00f3n de suministros y residuos en la zona de cat\u00e1strofe.<\/strong><UL>6.1. Gesti\u00f3n del agua.<br \/>6.2. Gesti\u00f3n de alimentos.<br \/>6.3. Gesti\u00f3n de residuos.<br \/>6.4. Desinfecci\u00f3n desinsectaci\u00f3n y desratizaci\u00f3n.<\/UL><\/p>\n","protected":false},"excerpt":{"rendered":"<ul>\n<li>Analizar el material sanitario y log\u00edstico en la asistencia a una cat\u00e1strofe indicando los fundamentos de la log\u00edstica sanitaria.<\/li>\n<li>Establecer las caracter\u00edsticas generales de gesti\u00f3n de recursos de acuerdo a las necesidades o situaciones.<\/li>\n<li>Analizar los fundamentos de coordinaci\u00f3n en situaciones de crisis.<\/li>\n<li>Analizar los principales planes log\u00edsticos que aseguren la proyecci\u00f3n de recursos humanos y materiales y posibiliten la asistencia sanitaria en cat\u00e1strofes.<\/li>\n<li>Establecer el procedimiento de preparaci\u00f3n del material para una asistencia sanitaria en una cat\u00e1strofe <\/li>\n<\/ul>\n","protected":false},"featured_media":779,"comment_status":"open","ping_status":"closed","template":"","meta":{"neve_meta_sidebar":"","neve_meta_container":"","neve_meta_enable_content_width":"","neve_meta_content_width":0,"neve_meta_title_alignment":"","neve_meta_author_avatar":"","neve_post_elements_order":"","neve_meta_disable_header":"","neve_meta_disable_footer":"","neve_meta_disable_title":""},"product_brand":[],"product_cat":[22,23,30],"product_tag":[],"class_list":{"0":"post-781","1":"product","2":"type-product","3":"status-publish","4":"has-post-thumbnail","6":"product_cat-cursos","7":"product_cat-cursos-de-especializacion","8":"product_cat-sanidad","10":"first","11":"instock","12":"sold-individually","13":"shipping-taxable","14":"purchasable","15":"product-type-simple"},"_links":{"self":[{"href":"https:\/\/camonclass.com\/tienda\/wp-json\/wp\/v2\/product\/781","targetHints":{"allow":["GET"]}}],"collection":[{"href":"https:\/\/camonclass.com\/tienda\/wp-json\/wp\/v2\/product"}],"about":[{"href":"https:\/\/camonclass.com\/tienda\/wp-json\/wp\/v2\/types\/product"}],"replies":[{"embeddable":true,"href":"https:\/\/camonclass.com\/tienda\/wp-json\/wp\/v2\/comments?post=781"}],"wp:featuredmedia":[{"embeddable":true,"href":"https:\/\/camonclass.com\/tienda\/wp-json\/wp\/v2\/media\/779"}],"wp:attachment":[{"href":"https:\/\/camonclass.com\/tienda\/wp-json\/wp\/v2\/media?parent=781"}],"wp:term":[{"taxonomy":"product_brand","embeddable":true,"href":"https:\/\/camonclass.com\/tienda\/wp-json\/wp\/v2\/product_brand?post=781"},{"taxonomy":"product_cat","embeddable":true,"href":"https:\/\/camonclass.com\/tienda\/wp-json\/wp\/v2\/product_cat?post=781"},{"taxonomy":"product_tag","embeddable":true,"href":"https:\/\/camonclass.com\/tienda\/wp-json\/wp\/v2\/product_tag?post=781"}],"curies":[{"name":"wp","href":"https:\/\/api.w.org\/{rel}","templated":true}]}}