{"id":782,"date":"2022-07-25T16:38:38","date_gmt":"2022-07-25T16:38:38","guid":{"rendered":"https:\/\/camonclass.vertice.org\/formacion\/soporte-vital-basico\/"},"modified":"2022-07-25T16:38:38","modified_gmt":"2022-07-25T16:38:38","slug":"soporte-vital-basico","status":"publish","type":"product","link":"https:\/\/camonclass.com\/tienda\/formacion\/soporte-vital-basico\/","title":{"rendered":"Soporte vital b\u00e1sico"},"content":{"rendered":"<p><strong>UD1. Soporte vital b\u00e1sico.<\/strong><UL>1.1. T\u00e9cnicas de soporte ventilatorio en adultos y en edad pedi\u00e1trica.<br \/>1.2. T\u00e9cnicas de soporte circulatorio en adultos y en edad pedi\u00e1trica.<\/UL><\/p>\n<p><strong>UD2. Atenci\u00f3n inicial del paciente politraumatizado.<\/strong><UL>2.1. Epidemiolog\u00eda.<br \/>2.2. Biomec\u00e1nica del trauma.<br \/>2.3. Valoraci\u00f3n y control de la escena.<br \/>2.4. Valoraci\u00f3n inicial del paciente politraumatizado.<br \/>2.5. Valoraci\u00f3n soporte y estabilizaci\u00f3n de las lesiones traum\u00e1ticas.<br \/>2.6. Atenci\u00f3n inicial en traumatismos.<br \/>2.7. Connotaciones especiales del paciente traumatizado pedi\u00e1trico anciano \u00f3 gestante.<br \/>2.8. Amputaciones.<br \/>2.9. Explosi\u00f3n.<br \/>2.10. Aplastamiento.<br \/>2.11. Vendajes.<br \/>2.12. Cuidado y manejo de lesiones cut\u00e1neas.<\/UL><\/p>\n<p><strong>UD3. Atenci\u00f3n inicial a las urgencias y emergencias cardiocirculatorias y respiratorias.<\/strong><UL>3.1. S\u00edntomas y signos cl\u00ednicos propios de patolog\u00eda cardiovascular.<br \/>3.2. Principales patolog\u00edas cardiocirculatorias.<br \/>3.3. S\u00edntomas y signos cl\u00ednicos propios de la patolog\u00eda respiratoria aguda.<br \/>3.4. Principales patolog\u00edas respiratorias.<br \/>3.5. Actuaci\u00f3n sanitaria inicial en patolog\u00eda cardiocirculatoria aguda.<br \/>3.6. Actuaci\u00f3n sanitaria inicial en patolog\u00eda respiratoria aguda.<\/UL><\/p>\n<p><strong>UD4. Atenci\u00f3n inicial ante emergencias neurol\u00f3gicas y psiqui\u00e1tricas.<\/strong><UL>4.1. Principales s\u00edntomas en patolog\u00eda neurol\u00f3gica y psiqui\u00e1trica.<br \/>4.2. Signos de alarma ante emergencias neurol\u00f3gicas y psiqui\u00e1tricas.<br \/>4.3. Principales patolog\u00edas neurol\u00f3gicas y psiqui\u00e1tricas.<br \/>4.4. Signos de alarma ante cuadros de intoxicaci\u00f3n y envenenamiento.<br \/>4.5. Cuadros infecciosos graves con alteraci\u00f3n de la conciencia (respiratorios abdominales urol\u00f3gicos neurol\u00f3gicos estado s\u00e9ptico).<\/UL><\/p>\n<p><strong>UD5. Atenci\u00f3n inicial ante emergencias gestacionales y cuidados al neonato.<\/strong><UL>5.1. Fisiolog\u00eda del embarazo y desarrollo fetal.<br \/>5.2. Fisiolog\u00eda del parto: Fases de progreso y evoluci\u00f3n; mec\u00e1nica y valoraci\u00f3n del trabajo de parto. Signos de parto inminente.<br \/>5.3. Patolog\u00eda m\u00e1s frecuente del embarazo y parto.<br \/>5.4. Protocolos de actuaci\u00f3n en funci\u00f3n del tipo de emergencia situaci\u00f3n de la embarazada y fase de la mec\u00e1nica del parto.<br \/>5.5. Cuidados sanitarios iniciales al neonato. Escala de APGAR. Protecci\u00f3n del reci\u00e9n nacido.<br \/>5.6. Cuidados a la madre durante el \u201calumbramiento\u201d. Precauciones y protocolos b\u00e1sicos de atenci\u00f3n.<\/UL><\/p>\n<p><strong>UD6. Cumplimentaci\u00f3n de la hoja de registro acorde al proceso asistencial del paciente y transmisi\u00f3n al centro coordinador.<\/strong><UL>6.1. Conjunto m\u00ednimo de datos.<br \/>6.2. Signos de gravedad.<br \/>6.3. Registro UTSTEIN (parada cardiorrespiratoria).<br \/>6.4. Sistemas de comunicaci\u00f3n de los veh\u00edculos de transporte sanitario.<br \/>6.5. Protocolos de comunicaci\u00f3n al centro coordinador.<\/UL><\/p>\n","protected":false},"excerpt":{"rendered":"<ul>\n<li>Aplicar t\u00e9cnicas de soporte vital b\u00e1sico optimizado ante situaciones de riesgo vital seg\u00fan el protocolo establecido.<\/li>\n<li>Realizar atenci\u00f3n sanitaria b\u00e1sica ante diferentes situaciones de emergencia Realizar el apoyo a la embarazada ante un parto inminente siguiendo un procedimiento.<\/li>\n<li>Aplicar los procedimientos de actuaci\u00f3n inicial ante un paciente traumatizado siguiendo protocolos.<\/li>\n<li>Describir la informaci\u00f3n sobre el estado cl\u00ednico del paciente y el modo de transmisi\u00f3n al centro coordinador cuando lo indique el protocolo.<\/li>\n<\/ul>\n","protected":false},"featured_media":779,"comment_status":"open","ping_status":"closed","template":"","meta":{"neve_meta_sidebar":"","neve_meta_container":"","neve_meta_enable_content_width":"","neve_meta_content_width":0,"neve_meta_title_alignment":"","neve_meta_author_avatar":"","neve_post_elements_order":"","neve_meta_disable_header":"","neve_meta_disable_footer":"","neve_meta_disable_title":""},"product_brand":[],"product_cat":[22,23,30],"product_tag":[],"class_list":{"0":"post-782","1":"product","2":"type-product","3":"status-publish","4":"has-post-thumbnail","6":"product_cat-cursos","7":"product_cat-cursos-de-especializacion","8":"product_cat-sanidad","10":"first","11":"instock","12":"sold-individually","13":"shipping-taxable","14":"purchasable","15":"product-type-simple"},"_links":{"self":[{"href":"https:\/\/camonclass.com\/tienda\/wp-json\/wp\/v2\/product\/782","targetHints":{"allow":["GET"]}}],"collection":[{"href":"https:\/\/camonclass.com\/tienda\/wp-json\/wp\/v2\/product"}],"about":[{"href":"https:\/\/camonclass.com\/tienda\/wp-json\/wp\/v2\/types\/product"}],"replies":[{"embeddable":true,"href":"https:\/\/camonclass.com\/tienda\/wp-json\/wp\/v2\/comments?post=782"}],"wp:featuredmedia":[{"embeddable":true,"href":"https:\/\/camonclass.com\/tienda\/wp-json\/wp\/v2\/media\/779"}],"wp:attachment":[{"href":"https:\/\/camonclass.com\/tienda\/wp-json\/wp\/v2\/media?parent=782"}],"wp:term":[{"taxonomy":"product_brand","embeddable":true,"href":"https:\/\/camonclass.com\/tienda\/wp-json\/wp\/v2\/product_brand?post=782"},{"taxonomy":"product_cat","embeddable":true,"href":"https:\/\/camonclass.com\/tienda\/wp-json\/wp\/v2\/product_cat?post=782"},{"taxonomy":"product_tag","embeddable":true,"href":"https:\/\/camonclass.com\/tienda\/wp-json\/wp\/v2\/product_tag?post=782"}],"curies":[{"name":"wp","href":"https:\/\/api.w.org\/{rel}","templated":true}]}}