{"id":783,"date":"2022-07-25T16:38:39","date_gmt":"2022-07-25T16:38:39","guid":{"rendered":"https:\/\/camonclass.vertice.org\/formacion\/traslado-del-paciente-al-centro-sanitario\/"},"modified":"2022-07-25T16:38:39","modified_gmt":"2022-07-25T16:38:39","slug":"traslado-del-paciente-al-centro-sanitario","status":"publish","type":"product","link":"https:\/\/camonclass.com\/tienda\/formacion\/traslado-del-paciente-al-centro-sanitario\/","title":{"rendered":"Traslado del paciente al centro sanitario"},"content":{"rendered":"<p><strong>UD1. Movilizaci\u00f3n de pacientes.<\/strong><UL>1.1. Indicaci\u00f3n de t\u00e9cnicas de movilizaci\u00f3n urgente.<br \/>1.2. Material de movilizaci\u00f3n.<br \/>1.3. T\u00e9cnicas de movilizaci\u00f3n urgente sin material en situaci\u00f3n de riesgo.<br \/>1.4. T\u00e9cnicas de movilizaci\u00f3n con material.<br \/>1.5. Transferencia de un paciente de una camilla a otra.<\/UL><\/p>\n<p><strong>UD2. Inmovilizaci\u00f3n de pacientes.<\/strong><UL>2.1. Fundamentos de actuaci\u00f3n ante las fracturas.<br \/>2.2. Indicaci\u00f3n de t\u00e9cnicas de inmovilizaci\u00f3n.<br \/>2.3. Material de inmovilizaci\u00f3n.<br \/>2.4. T\u00e9cnicas comunes de inmovilizaci\u00f3n.<br \/>2.5. T\u00e9cnicas de inmovilizaci\u00f3n con medios de fortuna.<\/UL><\/p>\n<p><strong>UD3. Adecuaci\u00f3n del procedimiento de transporte sanitario a la fisiopatolog\u00eda del paciente.<\/strong><UL>3.1. Concepto y fundamento de la fisiopatolog\u00eda del transporte sanitario.<br \/>3.2. Posici\u00f3n del paciente en la camilla seg\u00fan su patolog\u00eda.<br \/>3.3. Conducci\u00f3n del veh\u00edculo seg\u00fan la patolog\u00eda.<br \/>3.4. Factores que determinan cambios fisiol\u00f3gicos.<br \/>3.5. Efectos de las variaciones de la velocidad vibraciones ruidos temperatura y altitud.<br \/>3.6. Medidas de confort y seguridad en el traslado.<\/UL><\/p>\n<p><strong>UD4. Transferencia del paciente del lugar del suceso al \u00e1rea de urgencia.<\/strong><UL>4.1. Concepto y objetivo de la transferencia de pacientes.<br \/>4.2. Transferencia verbal y documentada.<br \/>4.3. Datos de filiaci\u00f3n y de la actuaci\u00f3n sanitaria en la transferencia del paciente.<br \/>4.4. Tipos de informes de asistencia de transporte sanitario.<br \/>4.5. Transferencia del paciente al \u00e1rea de urgencia. Triaje hospitalario. Criterios de clasificaci\u00f3n.<br \/>4.6. Funciones del profesional.<br \/>4.7. Responsabilidad legal.<br \/>4.8. Transporte de \u00f3rganos y muestras biol\u00f3gicas.<\/UL><\/p>\n","protected":false},"excerpt":{"rendered":"<ul>\n<li>Aplicar al paciente los m\u00e9todos y medios de movilizaci\u00f3n e inmovilizaci\u00f3n, de acuerdo a las posibles lesiones o patolog\u00eda detectadas, que permitan la evacuaci\u00f3n del mismo a la ambulancia <\/li>\n<li>Aplicar al paciente durante el traslado, las medidas terap\u00e9uticas y de confortabilidad en la camilla asistencial <\/li>\n<li>Realizar la transferencia del paciente al centro sanitario \u00fatil <\/li>\n<\/ul>\n","protected":false},"featured_media":779,"comment_status":"open","ping_status":"closed","template":"","meta":{"neve_meta_sidebar":"","neve_meta_container":"","neve_meta_enable_content_width":"","neve_meta_content_width":0,"neve_meta_title_alignment":"","neve_meta_author_avatar":"","neve_post_elements_order":"","neve_meta_disable_header":"","neve_meta_disable_footer":"","neve_meta_disable_title":""},"product_brand":[],"product_cat":[22,23,30],"product_tag":[],"class_list":{"0":"post-783","1":"product","2":"type-product","3":"status-publish","4":"has-post-thumbnail","6":"product_cat-cursos","7":"product_cat-cursos-de-especializacion","8":"product_cat-sanidad","10":"first","11":"instock","12":"sold-individually","13":"shipping-taxable","14":"purchasable","15":"product-type-simple"},"_links":{"self":[{"href":"https:\/\/camonclass.com\/tienda\/wp-json\/wp\/v2\/product\/783","targetHints":{"allow":["GET"]}}],"collection":[{"href":"https:\/\/camonclass.com\/tienda\/wp-json\/wp\/v2\/product"}],"about":[{"href":"https:\/\/camonclass.com\/tienda\/wp-json\/wp\/v2\/types\/product"}],"replies":[{"embeddable":true,"href":"https:\/\/camonclass.com\/tienda\/wp-json\/wp\/v2\/comments?post=783"}],"wp:featuredmedia":[{"embeddable":true,"href":"https:\/\/camonclass.com\/tienda\/wp-json\/wp\/v2\/media\/779"}],"wp:attachment":[{"href":"https:\/\/camonclass.com\/tienda\/wp-json\/wp\/v2\/media?parent=783"}],"wp:term":[{"taxonomy":"product_brand","embeddable":true,"href":"https:\/\/camonclass.com\/tienda\/wp-json\/wp\/v2\/product_brand?post=783"},{"taxonomy":"product_cat","embeddable":true,"href":"https:\/\/camonclass.com\/tienda\/wp-json\/wp\/v2\/product_cat?post=783"},{"taxonomy":"product_tag","embeddable":true,"href":"https:\/\/camonclass.com\/tienda\/wp-json\/wp\/v2\/product_tag?post=783"}],"curies":[{"name":"wp","href":"https:\/\/api.w.org\/{rel}","templated":true}]}}