{"id":785,"date":"2022-07-25T16:38:39","date_gmt":"2022-07-25T16:38:39","guid":{"rendered":"https:\/\/camonclass.vertice.org\/formacion\/prevencion-de-ulceras-y-escaras-para-el-profesional-en-cuidados-auxiliares-de-enfermeria\/"},"modified":"2022-07-25T16:38:39","modified_gmt":"2022-07-25T16:38:39","slug":"prevencion-de-ulceras-y-escaras-para-el-profesional-en-cuidados-auxiliares-de-enfermeria","status":"publish","type":"product","link":"https:\/\/camonclass.com\/tienda\/formacion\/prevencion-de-ulceras-y-escaras-para-el-profesional-en-cuidados-auxiliares-de-enfermeria\/","title":{"rendered":"Prevenci\u00f3n de \u00falceras y escaras para el profesional en cuidados auxiliares de enfermer\u00eda"},"content":{"rendered":"<p><strong>UD1. Introducci\u00f3n.<\/strong><UL>1.1. Introducci\u00f3n.<\/UL><\/p>\n<p><strong>UD2. Conceptos Generales.<\/strong><UL>2.1. La Piel.<br \/>2.2. Recuerdo Anat\u00f3mico.<br \/>2.3. El proceso de cicatrizaci\u00f3n.<br \/>2.4. Heridas Agudas.<br \/>2.5. Heridas Cr\u00f3nicas.<\/UL><\/p>\n<p><strong>UD3. \u00dalceras por presi\u00f3n (UPP).<\/strong><UL>3.1. Concepto.<br \/>3.2. Impacto del problema de las \u00dalceras por Presi\u00f3n.<br \/>3.3. Etiolog\u00eda.<br \/>3.4. Clasificaci\u00f3n de las UPP.<br \/>3.5. Localizaci\u00f3n de las UPP.<br \/>3.6. Factores desencadenantes de las UPP.<br \/>3.7. Valoraci\u00f3n Global del paciente.<br \/>3.8. Complicaciones.<\/UL><\/p>\n<p><strong>UD4. \u00dalceras vasculares y otros tipos de \u00falceras.<\/strong><UL>4.1. Concepto.<br \/>4.2. Clasificaci\u00f3n.<br \/>4.3. \u00dalceras Venosas.<br \/>4.4. \u00dalceras Arteriales.<br \/>4.5. \u00dalceras Mixtas.<\/UL><\/p>\n<p><strong>UD5. Otros tipos de \u00dalceras.<\/strong><UL>5.1. \u00dalceras del Pi\u00e9 Diab\u00e9tico.<br \/>5.2. \u00dalceras Neopl\u00e1sicas.<br \/>5.3. Heridas agudas cronificadas.<br \/>5.4. Diagn\u00f3stico diferencial de las \u00dalceras m\u00e1s frecuentes.<\/UL><\/p>\n<p><strong>UD6. Tratamiento general de las Heridas Cr\u00f3nicas.<\/strong><UL>6.1. Introducci\u00f3n.<br \/>6.2. Limpieza de la lesi\u00f3n.<br \/>6.3. Desbridamiento.<br \/>6.4. Caracter\u00edsticas de un ap\u00f3sito.<br \/>6.5. Tipos de ap\u00f3sitos y cura en ambiente h\u00famedo.<br \/>6.6. Infecci\u00f3n y heridas cr\u00f3nicas.<\/UL><\/p>\n","protected":false},"excerpt":{"rendered":"<p><LI>Prevenir la formaci\u00f3n de \u00falceras y escaras en los residentes encamados y realizar los cuidados de confort necesarios de forma correcta.<\/LI> <LI>Desarrollar programas de cuidados para atender a los residentes encamados.<\/LI> <LI>Definir el concepto de \u00falcera por presi\u00f3n.<\/LI> <LI>Enumerar los factores de riesgo de \u00falcera por presi\u00f3n.<\/LI> <LI>Describir la evoluci\u00f3n de dichas \u00falceras.<\/LI> <LI>Describir el tratamiento de las \u00falceras, distinguiendo el apropiado seg\u00fan el tipo de \u00falcera.<\/LI> <LI>Realizar cambios posturales sin riesgo de lesiones propuestas.<\/LI><\/UL> <P><\/P><\/p>\n","protected":false},"featured_media":779,"comment_status":"open","ping_status":"closed","template":"","meta":{"neve_meta_sidebar":"","neve_meta_container":"","neve_meta_enable_content_width":"","neve_meta_content_width":0,"neve_meta_title_alignment":"","neve_meta_author_avatar":"","neve_post_elements_order":"","neve_meta_disable_header":"","neve_meta_disable_footer":"","neve_meta_disable_title":""},"product_brand":[],"product_cat":[22,23,30],"product_tag":[],"class_list":{"0":"post-785","1":"product","2":"type-product","3":"status-publish","4":"has-post-thumbnail","6":"product_cat-cursos","7":"product_cat-cursos-de-especializacion","8":"product_cat-sanidad","10":"first","11":"instock","12":"sold-individually","13":"shipping-taxable","14":"purchasable","15":"product-type-simple"},"_links":{"self":[{"href":"https:\/\/camonclass.com\/tienda\/wp-json\/wp\/v2\/product\/785","targetHints":{"allow":["GET"]}}],"collection":[{"href":"https:\/\/camonclass.com\/tienda\/wp-json\/wp\/v2\/product"}],"about":[{"href":"https:\/\/camonclass.com\/tienda\/wp-json\/wp\/v2\/types\/product"}],"replies":[{"embeddable":true,"href":"https:\/\/camonclass.com\/tienda\/wp-json\/wp\/v2\/comments?post=785"}],"wp:featuredmedia":[{"embeddable":true,"href":"https:\/\/camonclass.com\/tienda\/wp-json\/wp\/v2\/media\/779"}],"wp:attachment":[{"href":"https:\/\/camonclass.com\/tienda\/wp-json\/wp\/v2\/media?parent=785"}],"wp:term":[{"taxonomy":"product_brand","embeddable":true,"href":"https:\/\/camonclass.com\/tienda\/wp-json\/wp\/v2\/product_brand?post=785"},{"taxonomy":"product_cat","embeddable":true,"href":"https:\/\/camonclass.com\/tienda\/wp-json\/wp\/v2\/product_cat?post=785"},{"taxonomy":"product_tag","embeddable":true,"href":"https:\/\/camonclass.com\/tienda\/wp-json\/wp\/v2\/product_tag?post=785"}],"curies":[{"name":"wp","href":"https:\/\/api.w.org\/{rel}","templated":true}]}}